{"id":13097,"date":"2018-01-24T15:46:23","date_gmt":"2018-01-24T15:46:23","guid":{"rendered":"https:\/\/www.aneme.pt\/site\/?page_id=13097"},"modified":"2021-04-21T16:29:58","modified_gmt":"2021-04-21T15:29:58","slug":"projeto-conjunto-de-internacionalizacao-2017-2018-2","status":"publish","type":"page","link":"https:\/\/www.aneme.pt\/site\/projeto-conjunto-de-internacionalizacao-2017-2018-2\/","title":{"rendered":"P2020: Projeto Conjunto de Internacionaliza\u00e7\u00e3o &#8211; 2017\/2018"},"content":{"rendered":"<div class=\"fusion-fullwidth fullwidth-box fusion-builder-row-1 hundred-percent-fullwidth non-hundred-percent-height-scrolling\" style=\"--awb-border-radius-top-left:0px;--awb-border-radius-top-right:0px;--awb-border-radius-bottom-right:0px;--awb-border-radius-bottom-left:0px;--awb-overflow:visible;--awb-flex-wrap:wrap;\" ><div class=\"fusion-builder-row fusion-row\"><div class=\"fusion-layout-column fusion_builder_column fusion-builder-column-0 fusion_builder_column_1_1 1_1 fusion-one-full fusion-column-first fusion-column-last fusion-column-no-min-height\" style=\"--awb-bg-size:cover;--awb-margin-bottom:0px;\"><div class=\"fusion-column-wrapper fusion-flex-column-wrapper-legacy\"><div class=\"fusion-text fusion-text-1\"><p><strong>PROJETO CONJUNTO DE INTERNACIONALIZA\u00c7\u00c3O &#8211; 2017\/2018<\/strong><\/p>\n<p><img decoding=\"async\" class=\"alignnone wp-image-22353\" src=\"https:\/\/www.aneme.pt\/site\/wp-content\/uploads\/2021\/04\/Modelos_Barras_FUNDOS_v04_3logos-1024x157.png\" alt=\"\" width=\"678\" height=\"104\" srcset=\"https:\/\/www.aneme.pt\/site\/wp-content\/uploads\/2021\/04\/Modelos_Barras_FUNDOS_v04_3logos-200x31.png 200w, https:\/\/www.aneme.pt\/site\/wp-content\/uploads\/2021\/04\/Modelos_Barras_FUNDOS_v04_3logos-300x46.png 300w, https:\/\/www.aneme.pt\/site\/wp-content\/uploads\/2021\/04\/Modelos_Barras_FUNDOS_v04_3logos-400x61.png 400w, https:\/\/www.aneme.pt\/site\/wp-content\/uploads\/2021\/04\/Modelos_Barras_FUNDOS_v04_3logos-600x92.png 600w, https:\/\/www.aneme.pt\/site\/wp-content\/uploads\/2021\/04\/Modelos_Barras_FUNDOS_v04_3logos-768x118.png 768w, https:\/\/www.aneme.pt\/site\/wp-content\/uploads\/2021\/04\/Modelos_Barras_FUNDOS_v04_3logos-800x123.png 800w, https:\/\/www.aneme.pt\/site\/wp-content\/uploads\/2021\/04\/Modelos_Barras_FUNDOS_v04_3logos-1024x157.png 1024w, https:\/\/www.aneme.pt\/site\/wp-content\/uploads\/2021\/04\/Modelos_Barras_FUNDOS_v04_3logos-1200x184.png 1200w, https:\/\/www.aneme.pt\/site\/wp-content\/uploads\/2021\/04\/Modelos_Barras_FUNDOS_v04_3logos-1536x236.png 1536w\" sizes=\"(max-width: 678px) 100vw, 678px\" \/><\/p>\n<p><strong>C\u00f3digo: <\/strong>POCI-02-0752-FEDER 026617 \/ LISBOA-02-0752-FEDER 026617<\/p>\n<p><strong>Aviso: 21\/SI\/2016<\/strong><\/p>\n<p><strong>Designa\u00e7\u00e3o: <\/strong>Projetos Conjuntos \u2013 Internacionaliza\u00e7\u00e3o<\/p>\n<p><strong>Data de in\u00edcio<\/strong> | 01-01-2017<\/p>\n<p><strong>Data de conclus\u00e3o<\/strong> | 31-12-2018<\/p>\n<p><strong>Investimento total aprovado:<\/strong> 363.972,76 euros<\/p>\n<p><strong>Incentivo UE:<\/strong> 181.141,07 euros<\/p>\n<p><strong>Objetivo: <\/strong>O Projeto Conjunto de Internacionaliza\u00e7\u00e3o de Empresas Metal\u00fargicas Eletromec\u00e2nicas 2017\/2018, visa refor\u00e7ar a capacita\u00e7\u00e3o das empresas metal\u00fargicas e eletromec\u00e2nicas para a internacionaliza\u00e7\u00e3o, atrav\u00e9s da prospe\u00e7\u00e3o de novos mercados emergentes, alternativos e apelativos para as empresas do setor metal\u00fargico e eletromec\u00e2nico, permitindo assim o alargamento da sua base e capacidade exportadora e participa\u00e7\u00e3o em feiras e certames estrat\u00e9gicos para o setor, designadamente em termos de subcontrata\u00e7\u00e3o industrial, promovendo a oferta nacional e aumentando a capacidade exportadora do setor no espa\u00e7o europeu.<\/p>\n<p><strong>S\u00edntese do Projeto:<\/strong><\/p>\n<p>Prospe\u00e7\u00e3o de novos mercados alternativos com oportunidades para o setor, alargando a sua base e capacidade exportadora: Arg\u00e9lia e Gana.<\/p>\n<p>Participa\u00e7\u00e3o em feiras e certames estrat\u00e9gicos para o setor, designadamente em termos de subcontrata\u00e7\u00e3o industrial, promovendo a oferta nacional e aumentando a capacidade exportadora do setor no espa\u00e7o europeu: Midest \u2013 Fran\u00e7a, Hannover Messe \u2013 Alemanha, Subcontratacion \u2013 Bilbau, Subcon \u2013 Reino Unido, Industrie Lyon \u2013 Fran\u00e7a e MetalMadrid \u2013 Espanha.<\/p>\n<p><strong>Galeria de fotos<\/strong><\/p>\n<p>Feira Midest, Paris, Fran\u00e7a 2018:<\/p>\n<p><img decoding=\"async\" class=\"alignnone size-full wp-image-18866\" src=\"https:\/\/www.aneme.pt\/site\/wp-content\/uploads\/2019\/05\/Midest-2018.png\" alt=\"\" width=\"308\" height=\"229\" srcset=\"https:\/\/www.aneme.pt\/site\/wp-content\/uploads\/2019\/05\/Midest-2018-200x149.png 200w, https:\/\/www.aneme.pt\/site\/wp-content\/uploads\/2019\/05\/Midest-2018-300x223.png 300w, https:\/\/www.aneme.pt\/site\/wp-content\/uploads\/2019\/05\/Midest-2018.png 308w\" sizes=\"(max-width: 308px) 100vw, 308px\" \/><\/p>\n<p>Feira Metal Madrid, Madrid, Espanha 2018:<\/p>\n<p><img decoding=\"async\" class=\"alignnone size-full wp-image-18868\" src=\"https:\/\/www.aneme.pt\/site\/wp-content\/uploads\/2019\/05\/Metal-Madrid.png\" alt=\"\" width=\"308\" height=\"230\" srcset=\"https:\/\/www.aneme.pt\/site\/wp-content\/uploads\/2019\/05\/Metal-Madrid-200x149.png 200w, https:\/\/www.aneme.pt\/site\/wp-content\/uploads\/2019\/05\/Metal-Madrid-300x224.png 300w, https:\/\/www.aneme.pt\/site\/wp-content\/uploads\/2019\/05\/Metal-Madrid.png 308w\" sizes=\"(max-width: 308px) 100vw, 308px\" \/><\/p>\n<p>Feira Subcontratation, Bilbau, Espanha 2017:<\/p>\n<p><img decoding=\"async\" class=\"alignnone size-full wp-image-18870\" src=\"https:\/\/www.aneme.pt\/site\/wp-content\/uploads\/2019\/05\/subcontratation2017.png\" alt=\"\" width=\"313\" height=\"235\" srcset=\"https:\/\/www.aneme.pt\/site\/wp-content\/uploads\/2019\/05\/subcontratation2017-200x150.png 200w, https:\/\/www.aneme.pt\/site\/wp-content\/uploads\/2019\/05\/subcontratation2017-300x225.png 300w, https:\/\/www.aneme.pt\/site\/wp-content\/uploads\/2019\/05\/subcontratation2017.png 313w\" sizes=\"(max-width: 313px) 100vw, 313px\" \/><\/p>\n<p>Feira Subcon, Birmingham, RU, 2017<\/p>\n<p><img decoding=\"async\" class=\"alignnone size-full wp-image-18872\" src=\"https:\/\/www.aneme.pt\/site\/wp-content\/uploads\/2019\/05\/Subcon-RU.png\" alt=\"\" width=\"242\" height=\"251\" srcset=\"https:\/\/www.aneme.pt\/site\/wp-content\/uploads\/2019\/05\/Subcon-RU-200x207.png 200w, https:\/\/www.aneme.pt\/site\/wp-content\/uploads\/2019\/05\/Subcon-RU.png 242w\" sizes=\"(max-width: 242px) 100vw, 242px\" \/><\/p>\n<p>Feira Global Industrie, Lyon, Fran\u00e7a 2017:<\/p>\n<p><img decoding=\"async\" class=\"alignnone size-full wp-image-18874\" src=\"https:\/\/www.aneme.pt\/site\/wp-content\/uploads\/2019\/05\/Lyon-Fran\u00e7a.png\" alt=\"\" width=\"252\" height=\"189\" srcset=\"https:\/\/www.aneme.pt\/site\/wp-content\/uploads\/2019\/05\/Lyon-Fran\u00e7a-200x150.png 200w, https:\/\/www.aneme.pt\/site\/wp-content\/uploads\/2019\/05\/Lyon-Fran\u00e7a.png 252w\" sizes=\"(max-width: 252px) 100vw, 252px\" \/><\/p>\n<p>Feira Hannover Messe, Hannover, 2017<\/p>\n<p><img decoding=\"async\" class=\"alignnone size-full wp-image-18876\" src=\"https:\/\/www.aneme.pt\/site\/wp-content\/uploads\/2019\/05\/Hannover-Messe.png\" alt=\"\" width=\"253\" height=\"190\" srcset=\"https:\/\/www.aneme.pt\/site\/wp-content\/uploads\/2019\/05\/Hannover-Messe-200x150.png 200w, https:\/\/www.aneme.pt\/site\/wp-content\/uploads\/2019\/05\/Hannover-Messe.png 253w\" sizes=\"(max-width: 253px) 100vw, 253px\" \/><\/p>\n<p>Miss\u00e3o Acra, Gana, 2018:<\/p>\n<p><img decoding=\"async\" class=\"alignnone size-full wp-image-18878\" src=\"https:\/\/www.aneme.pt\/site\/wp-content\/uploads\/2019\/05\/Miss\u00e3o-a-Acra-2018.png\" alt=\"\" width=\"294\" height=\"219\" srcset=\"https:\/\/www.aneme.pt\/site\/wp-content\/uploads\/2019\/05\/Miss\u00e3o-a-Acra-2018-200x149.png 200w, https:\/\/www.aneme.pt\/site\/wp-content\/uploads\/2019\/05\/Miss\u00e3o-a-Acra-2018.png 294w\" sizes=\"(max-width: 294px) 100vw, 294px\" \/><\/p>\n<\/div><div class=\"fusion-sep-clear\"><\/div><div class=\"fusion-separator fusion-full-width-sep\" style=\"margin-left: auto;margin-right: auto;width:100%;\"><div class=\"fusion-separator-border sep-single sep-solid\" style=\"--awb-height:20px;--awb-amount:20px;border-color:#e0dede;border-top-width:1px;\"><\/div><\/div><div class=\"fusion-sep-clear\"><\/div><div class=\"fusion-clearfix\"><\/div><\/div><\/div><div class=\"fusion-layout-column fusion_builder_column fusion-builder-column-1 fusion_builder_column_1_1 1_1 fusion-one-full fusion-column-first fusion-column-last fusion-column-no-min-height\" style=\"--awb-bg-size:cover;--awb-margin-bottom:0px;\"><div class=\"fusion-column-wrapper fusion-flex-column-wrapper-legacy\"><div class=\"fusion-sep-clear\"><\/div><div class=\"fusion-separator fusion-full-width-sep\" style=\"margin-left: auto;margin-right: auto;margin-top:10px;margin-bottom:10px;width:100%;\"><\/div><div class=\"fusion-sep-clear\"><\/div><div class=\"fusion-clearfix\"><\/div><\/div><\/div><div class=\"fusion-layout-column fusion_builder_column fusion-builder-column-2 fusion_builder_column_1_1 1_1 fusion-one-full fusion-column-first fusion-column-last fusion-column-no-min-height\" style=\"--awb-padding-top:40px;--awb-bg-size:cover;--awb-margin-bottom:0px;\"><div class=\"fusion-column-wrapper fusion-flex-column-wrapper-legacy\"><div class=\"fusion-text fusion-text-2\"><p style=\"text-align: center;\"><b>PLANO DE A\u00c7\u00c3O<\/b><\/p>\n<p><b>MISS\u00d5ES EMPRESARIAIS<\/b><\/p>\n<p><strong>Em 2017<\/strong><\/p>\n<\/div><ul style=\"--awb-size:13px;--awb-line-height:22.1px;--awb-icon-width:22.1px;--awb-icon-height:22.1px;--awb-icon-margin:9.1px;--awb-content-margin:31.2px;--awb-circlecolor:#b2251f;--awb-circle-yes-font-size:11.44px;\" class=\"fusion-checklist fusion-checklist-1 fusion-checklist-default type-icons\"><li class=\"fusion-li-item\" style=\"\"><span class=\"icon-wrapper circle-yes\"><i class=\"fusion-li-icon fa fa-check\" aria-hidden=\"true\"><\/i><\/span><div class=\"fusion-li-item-content\">\n<p>Equador: Miss\u00e3o preparat\u00f3ria \u2013 Abril<\/p>\n<\/div><\/li><li class=\"fusion-li-item\" style=\"\"><span class=\"icon-wrapper circle-yes\"><i class=\"fusion-li-icon fa fa-check\" aria-hidden=\"true\"><\/i><\/span><div class=\"fusion-li-item-content\">\n<p>Equador: Miss\u00e3o empresarial \u2013 Junho<\/p>\n<\/div><\/li><\/ul><div class=\"fusion-sep-clear\"><\/div><div class=\"fusion-separator fusion-full-width-sep\" style=\"margin-left: auto;margin-right: auto;margin-top:10px;margin-bottom:10px;width:100%;\"><\/div><div class=\"fusion-sep-clear\"><\/div><div class=\"fusion-clearfix\"><\/div><\/div><\/div><div class=\"fusion-layout-column fusion_builder_column fusion-builder-column-3 fusion_builder_column_1_1 1_1 fusion-one-full fusion-column-first fusion-column-last fusion-column-no-min-height\" style=\"--awb-bg-size:cover;--awb-margin-bottom:0px;\"><div class=\"fusion-column-wrapper fusion-flex-column-wrapper-legacy\"><div class=\"fusion-text fusion-text-3\"><p><strong>Em 2018<\/strong><\/p>\n<\/div><ul style=\"--awb-size:13px;--awb-line-height:22.1px;--awb-icon-width:22.1px;--awb-icon-height:22.1px;--awb-icon-margin:9.1px;--awb-content-margin:31.2px;--awb-circlecolor:#b2251f;--awb-circle-yes-font-size:11.44px;\" class=\"fusion-checklist fusion-checklist-2 fusion-checklist-default type-icons\"><li class=\"fusion-li-item\" style=\"\"><span class=\"icon-wrapper circle-yes\"><i class=\"fusion-li-icon fa fa-check\" aria-hidden=\"true\"><\/i><\/span><div class=\"fusion-li-item-content\">\n<p>Gana &#8211; Mar\u00e7o<\/p>\n<\/div><\/li><li class=\"fusion-li-item\" style=\"\"><span class=\"icon-wrapper circle-yes\"><i class=\"fusion-li-icon fa fa-check\" aria-hidden=\"true\"><\/i><\/span><div class=\"fusion-li-item-content\">\n<p>Arg\u00e9lia \u2013 Novembro<\/p>\n<\/div><\/li><\/ul><div class=\"fusion-sep-clear\"><\/div><div class=\"fusion-separator fusion-full-width-sep\" style=\"margin-left: auto;margin-right: auto;margin-top:10px;margin-bottom:10px;width:100%;\"><\/div><div class=\"fusion-sep-clear\"><\/div><div class=\"fusion-clearfix\"><\/div><\/div><\/div><div class=\"fusion-layout-column fusion_builder_column fusion-builder-column-4 fusion_builder_column_1_1 1_1 fusion-one-full fusion-column-first fusion-column-last fusion-column-no-min-height\" style=\"--awb-bg-size:cover;--awb-margin-bottom:0px;\"><div class=\"fusion-column-wrapper fusion-flex-column-wrapper-legacy\"><div class=\"fusion-text fusion-text-4\"><p><b>PARTICIPA\u00c7\u00c3O EM FEIRAS<\/b><\/p>\n<p><strong>Em 2017<\/strong><\/p>\n<\/div><ul style=\"--awb-size:13px;--awb-line-height:22.1px;--awb-icon-width:22.1px;--awb-icon-height:22.1px;--awb-icon-margin:9.1px;--awb-content-margin:31.2px;--awb-circlecolor:#b2251f;--awb-circle-yes-font-size:11.44px;\" class=\"fusion-checklist fusion-checklist-3 fusion-checklist-default type-icons\"><li class=\"fusion-li-item\" style=\"\"><span class=\"icon-wrapper circle-yes\"><i class=\"fusion-li-icon fa fa-check\" aria-hidden=\"true\"><\/i><\/span><div class=\"fusion-li-item-content\">\n<p>INDUSTRIE LYON &#8211; Fran\u00e7a &#8211; Abril<\/p>\n<\/div><\/li><li class=\"fusion-li-item\" style=\"\"><span class=\"icon-wrapper circle-yes\"><i class=\"fusion-li-icon fa fa-check\" aria-hidden=\"true\"><\/i><\/span><div class=\"fusion-li-item-content\">\n<p>HANNOVER &#8211; Alemanha &#8211; Abril<\/p>\n<\/div><\/li><li class=\"fusion-li-item\" style=\"\"><span class=\"icon-wrapper circle-yes\"><i class=\"fusion-li-icon fa fa-check\" aria-hidden=\"true\"><\/i><\/span><div class=\"fusion-li-item-content\">\n<p>SUBCON \u2013 Reino Unido &#8211; Junho<\/p>\n<\/div><\/li><li class=\"fusion-li-item\" style=\"\"><span class=\"icon-wrapper circle-yes\"><i class=\"fusion-li-icon fa fa-check\" aria-hidden=\"true\"><\/i><\/span><div class=\"fusion-li-item-content\">\n<p>SUBCONTRATATION &#8211; Espanha &#8211; Junho<\/p>\n<\/div><\/li><li class=\"fusion-li-item\" style=\"\"><span class=\"icon-wrapper circle-yes\"><i class=\"fusion-li-icon fa fa-check\" aria-hidden=\"true\"><\/i><\/span><div class=\"fusion-li-item-content\">\n<p>METALMADRID \u2013 Espanha &#8211; Novembro<\/p>\n<\/div><\/li><\/ul><div class=\"fusion-sep-clear\"><\/div><div class=\"fusion-separator fusion-full-width-sep\" style=\"margin-left: auto;margin-right: auto;margin-top:10px;margin-bottom:10px;width:100%;\"><\/div><div class=\"fusion-sep-clear\"><\/div><div class=\"fusion-text fusion-text-5\"><p><strong>Em 2018<\/strong><\/p>\n<\/div><ul style=\"--awb-size:13px;--awb-line-height:22.1px;--awb-icon-width:22.1px;--awb-icon-height:22.1px;--awb-icon-margin:9.1px;--awb-content-margin:31.2px;--awb-circlecolor:#b2251f;--awb-circle-yes-font-size:11.44px;\" class=\"fusion-checklist fusion-checklist-4 fusion-checklist-default type-icons\"><li class=\"fusion-li-item\" style=\"\"><span class=\"icon-wrapper circle-yes\"><i class=\"fusion-li-icon fa fa-check\" aria-hidden=\"true\"><\/i><\/span><div class=\"fusion-li-item-content\">\n<p>MIDEST- Fran\u00e7a &#8211; Mar\u00e7o<\/p>\n<\/div><\/li><li class=\"fusion-li-item\" style=\"\"><span class=\"icon-wrapper circle-yes\"><i class=\"fusion-li-icon fa fa-check\" aria-hidden=\"true\"><\/i><\/span><div class=\"fusion-li-item-content\">\n<p>HANNOVER &#8211; Alemanha &#8211; Abril<\/p>\n<\/div><\/li><li class=\"fusion-li-item\" style=\"\"><span class=\"icon-wrapper circle-yes\"><i class=\"fusion-li-icon fa fa-check\" aria-hidden=\"true\"><\/i><\/span><div class=\"fusion-li-item-content\">\n<p>SWISSTECH &#8211; Su\u00ed\u00e7a \u2013 Novembro<\/p>\n<\/div><\/li><li class=\"fusion-li-item\" style=\"\"><span class=\"icon-wrapper circle-yes\"><i class=\"fusion-li-icon fa fa-check\" aria-hidden=\"true\"><\/i><\/span><div class=\"fusion-li-item-content\">\n<p>METALMADRID \u2013 Espanha &#8211; Novembro<\/p>\n<\/div><\/li><\/ul><div class=\"fusion-image-element fusion-image-align-right in-legacy-container\" style=\"text-align:right;--awb-caption-title-font-family:var(--h2_typography-font-family);--awb-caption-title-font-weight:var(--h2_typography-font-weight);--awb-caption-title-font-style:var(--h2_typography-font-style);--awb-caption-title-size:var(--h2_typography-font-size);--awb-caption-title-transform:var(--h2_typography-text-transform);--awb-caption-title-line-height:var(--h2_typography-line-height);--awb-caption-title-letter-spacing:var(--h2_typography-letter-spacing);\"><span class=\" fusion-imageframe imageframe-none imageframe-1 hover-type-none\" style=\"margin-left:25px;float:right;\"><img decoding=\"async\" width=\"400\" height=\"61\" title=\"modeloprojeto2020\" src=\"https:\/\/www.aneme.pt\/site\/wp-content\/uploads\/2018\/02\/modeloprojeto2020-400x61.png\" alt class=\"img-responsive wp-image-14800\" srcset=\"https:\/\/www.aneme.pt\/site\/wp-content\/uploads\/2018\/02\/modeloprojeto2020-200x30.png 200w, https:\/\/www.aneme.pt\/site\/wp-content\/uploads\/2018\/02\/modeloprojeto2020-400x61.png 400w, https:\/\/www.aneme.pt\/site\/wp-content\/uploads\/2018\/02\/modeloprojeto2020-600x91.png 600w, https:\/\/www.aneme.pt\/site\/wp-content\/uploads\/2018\/02\/modeloprojeto2020-800x122.png 800w, https:\/\/www.aneme.pt\/site\/wp-content\/uploads\/2018\/02\/modeloprojeto2020-1200x183.png 1200w, https:\/\/www.aneme.pt\/site\/wp-content\/uploads\/2018\/02\/modeloprojeto2020.png 1765w\" sizes=\"(max-width: 800px) 100vw, 400px\" \/><\/span><\/div><div class=\"fusion-clearfix\"><\/div><\/div><\/div><\/div><\/div>\n","protected":false},"excerpt":{"rendered":"","protected":false},"author":800,"featured_media":0,"parent":0,"menu_order":0,"comment_status":"open","ping_status":"open","template":"","meta":{"_cbd_carousel_blocks":"[]","footnotes":""},"yoast_head":"<!-- This site is optimized with the Yoast SEO plugin v22.1 - https:\/\/yoast.com\/wordpress\/plugins\/seo\/ -->\n<title>P2020: Projeto Conjunto de Internacionaliza\u00e7\u00e3o - 2017\/2018 - ANEME<\/title>\n<meta name=\"robots\" content=\"index, follow, max-snippet:-1, max-image-preview:large, max-video-preview:-1\" \/>\n<link rel=\"canonical\" href=\"https:\/\/www.aneme.pt\/site\/projeto-conjunto-de-internacionalizacao-2017-2018-2\/\" \/>\n<meta property=\"og:locale\" content=\"pt_PT\" \/>\n<meta property=\"og:type\" content=\"article\" \/>\n<meta property=\"og:title\" content=\"P2020: Projeto Conjunto de Internacionaliza\u00e7\u00e3o - 2017\/2018 - ANEME\" \/>\n<meta property=\"og:url\" content=\"https:\/\/www.aneme.pt\/site\/projeto-conjunto-de-internacionalizacao-2017-2018-2\/\" \/>\n<meta property=\"og:site_name\" content=\"ANEME\" \/>\n<meta property=\"article:modified_time\" content=\"2021-04-21T15:29:58+00:00\" \/>\n<meta property=\"og:image\" content=\"https:\/\/www.aneme.pt\/site\/wp-content\/uploads\/2021\/04\/Modelos_Barras_FUNDOS_v04_3logos-1024x157.png\" \/>\n<meta name=\"twitter:card\" content=\"summary_large_image\" \/>\n<meta name=\"twitter:label1\" content=\"Tempo estimado de leitura\" \/>\n\t<meta name=\"twitter:data1\" content=\"5 minutos\" \/>\n<script type=\"application\/ld+json\" class=\"yoast-schema-graph\">{\"@context\":\"https:\/\/schema.org\",\"@graph\":[{\"@type\":\"WebPage\",\"@id\":\"https:\/\/www.aneme.pt\/site\/projeto-conjunto-de-internacionalizacao-2017-2018-2\/\",\"url\":\"https:\/\/www.aneme.pt\/site\/projeto-conjunto-de-internacionalizacao-2017-2018-2\/\",\"name\":\"P2020: Projeto Conjunto de Internacionaliza\u00e7\u00e3o - 2017\/2018 - ANEME\",\"isPartOf\":{\"@id\":\"https:\/\/www.aneme.pt\/site\/?lang=en\/#website\"},\"datePublished\":\"2018-01-24T15:46:23+00:00\",\"dateModified\":\"2021-04-21T15:29:58+00:00\",\"breadcrumb\":{\"@id\":\"https:\/\/www.aneme.pt\/site\/projeto-conjunto-de-internacionalizacao-2017-2018-2\/#breadcrumb\"},\"inLanguage\":\"pt-PT\",\"potentialAction\":[{\"@type\":\"ReadAction\",\"target\":[\"https:\/\/www.aneme.pt\/site\/projeto-conjunto-de-internacionalizacao-2017-2018-2\/\"]}]},{\"@type\":\"BreadcrumbList\",\"@id\":\"https:\/\/www.aneme.pt\/site\/projeto-conjunto-de-internacionalizacao-2017-2018-2\/#breadcrumb\",\"itemListElement\":[{\"@type\":\"ListItem\",\"position\":1,\"name\":\"In\u00edcio\",\"item\":\"https:\/\/www.aneme.pt\/site\/\"},{\"@type\":\"ListItem\",\"position\":2,\"name\":\"P2020: Projeto Conjunto de Internacionaliza\u00e7\u00e3o &#8211; 2017\/2018\"}]},{\"@type\":\"WebSite\",\"@id\":\"https:\/\/www.aneme.pt\/site\/?lang=en\/#website\",\"url\":\"https:\/\/www.aneme.pt\/site\/?lang=en\/\",\"name\":\"ANEME\",\"description\":\"Associa\u00e7\u00e3o Nacional das Empresas Metal\u00fargicas e Electromec\u00e2nicas\",\"potentialAction\":[{\"@type\":\"SearchAction\",\"target\":{\"@type\":\"EntryPoint\",\"urlTemplate\":\"https:\/\/www.aneme.pt\/site\/?lang=en\/?s={search_term_string}\"},\"query-input\":\"required name=search_term_string\"}],\"inLanguage\":\"pt-PT\"}]}<\/script>\n<!-- \/ Yoast SEO plugin. -->","yoast_head_json":{"title":"P2020: Projeto Conjunto de Internacionaliza\u00e7\u00e3o - 2017\/2018 - ANEME","robots":{"index":"index","follow":"follow","max-snippet":"max-snippet:-1","max-image-preview":"max-image-preview:large","max-video-preview":"max-video-preview:-1"},"canonical":"https:\/\/www.aneme.pt\/site\/projeto-conjunto-de-internacionalizacao-2017-2018-2\/","og_locale":"pt_PT","og_type":"article","og_title":"P2020: Projeto Conjunto de Internacionaliza\u00e7\u00e3o - 2017\/2018 - ANEME","og_url":"https:\/\/www.aneme.pt\/site\/projeto-conjunto-de-internacionalizacao-2017-2018-2\/","og_site_name":"ANEME","article_modified_time":"2021-04-21T15:29:58+00:00","og_image":[{"url":"https:\/\/www.aneme.pt\/site\/wp-content\/uploads\/2021\/04\/Modelos_Barras_FUNDOS_v04_3logos-1024x157.png"}],"twitter_card":"summary_large_image","twitter_misc":{"Tempo estimado de leitura":"5 minutos"},"schema":{"@context":"https:\/\/schema.org","@graph":[{"@type":"WebPage","@id":"https:\/\/www.aneme.pt\/site\/projeto-conjunto-de-internacionalizacao-2017-2018-2\/","url":"https:\/\/www.aneme.pt\/site\/projeto-conjunto-de-internacionalizacao-2017-2018-2\/","name":"P2020: Projeto Conjunto de Internacionaliza\u00e7\u00e3o - 2017\/2018 - ANEME","isPartOf":{"@id":"https:\/\/www.aneme.pt\/site\/?lang=en\/#website"},"datePublished":"2018-01-24T15:46:23+00:00","dateModified":"2021-04-21T15:29:58+00:00","breadcrumb":{"@id":"https:\/\/www.aneme.pt\/site\/projeto-conjunto-de-internacionalizacao-2017-2018-2\/#breadcrumb"},"inLanguage":"pt-PT","potentialAction":[{"@type":"ReadAction","target":["https:\/\/www.aneme.pt\/site\/projeto-conjunto-de-internacionalizacao-2017-2018-2\/"]}]},{"@type":"BreadcrumbList","@id":"https:\/\/www.aneme.pt\/site\/projeto-conjunto-de-internacionalizacao-2017-2018-2\/#breadcrumb","itemListElement":[{"@type":"ListItem","position":1,"name":"In\u00edcio","item":"https:\/\/www.aneme.pt\/site\/"},{"@type":"ListItem","position":2,"name":"P2020: Projeto Conjunto de Internacionaliza\u00e7\u00e3o &#8211; 2017\/2018"}]},{"@type":"WebSite","@id":"https:\/\/www.aneme.pt\/site\/?lang=en\/#website","url":"https:\/\/www.aneme.pt\/site\/?lang=en\/","name":"ANEME","description":"Associa\u00e7\u00e3o Nacional das Empresas Metal\u00fargicas e Electromec\u00e2nicas","potentialAction":[{"@type":"SearchAction","target":{"@type":"EntryPoint","urlTemplate":"https:\/\/www.aneme.pt\/site\/?lang=en\/?s={search_term_string}"},"query-input":"required name=search_term_string"}],"inLanguage":"pt-PT"}]}},"_links":{"self":[{"href":"https:\/\/www.aneme.pt\/site\/wp-json\/wp\/v2\/pages\/13097"}],"collection":[{"href":"https:\/\/www.aneme.pt\/site\/wp-json\/wp\/v2\/pages"}],"about":[{"href":"https:\/\/www.aneme.pt\/site\/wp-json\/wp\/v2\/types\/page"}],"author":[{"embeddable":true,"href":"https:\/\/www.aneme.pt\/site\/wp-json\/wp\/v2\/users\/800"}],"replies":[{"embeddable":true,"href":"https:\/\/www.aneme.pt\/site\/wp-json\/wp\/v2\/comments?post=13097"}],"version-history":[{"count":21,"href":"https:\/\/www.aneme.pt\/site\/wp-json\/wp\/v2\/pages\/13097\/revisions"}],"predecessor-version":[{"id":22355,"href":"https:\/\/www.aneme.pt\/site\/wp-json\/wp\/v2\/pages\/13097\/revisions\/22355"}],"wp:attachment":[{"href":"https:\/\/www.aneme.pt\/site\/wp-json\/wp\/v2\/media?parent=13097"}],"curies":[{"name":"wp","href":"https:\/\/api.w.org\/{rel}","templated":true}]}}