{"id":13531,"date":"2018-02-02T16:02:01","date_gmt":"2018-02-02T16:02:01","guid":{"rendered":"https:\/\/www.aneme.pt\/site\/legal\/"},"modified":"2018-02-02T17:16:51","modified_gmt":"2018-02-02T17:16:51","slug":"legal","status":"publish","type":"page","link":"https:\/\/www.aneme.pt\/site\/legal\/","title":{"rendered":"Legal"},"content":{"rendered":"<div class=\"fusion-fullwidth fullwidth-box fusion-builder-row-1 hundred-percent-fullwidth non-hundred-percent-height-scrolling\" style=\"--awb-border-radius-top-left:0px;--awb-border-radius-top-right:0px;--awb-border-radius-bottom-right:0px;--awb-border-radius-bottom-left:0px;--awb-overflow:visible;--awb-flex-wrap:wrap;\" ><div class=\"fusion-builder-row fusion-row\"><div class=\"fusion-layout-column fusion_builder_column fusion-builder-column-0 fusion_builder_column_1_1 1_1 fusion-one-full fusion-column-first fusion-column-last fusion-column-no-min-height\" style=\"--awb-bg-size:cover;--awb-margin-bottom:0px;\"><div class=\"fusion-column-wrapper fusion-flex-column-wrapper-legacy\"><div class=\"fusion-slider-sc fusion-flexslider-loading flexslider flexslider-hover-type-none\" data-slideshow_autoplay=\"1\" data-slideshow_smooth_height=\"0\" data-slideshow_speed=\"7000\" style=\"max-width:100%;height:100%;\"><ul class=\"slides\"><li class=\"image\"><a class=\"lightbox-enabled fusion-lightbox\" data-rel=\"iLightbox[slider_carousel_1]\" href=\"http:\/\/themeforest.net\/item\/avada-responsive-multipurpose-theme\/2833226?ref=ThemeFusion\" target=\"_self\"><span class=\"fusion-image-hover-element hover-type-none\"><img decoding=\"async\" src=\"https:\/\/www.aneme.pt\/site\/wp-content\/uploads\/2018\/01\/departamento_juridico-1200x800.jpeg\" \/><\/span><\/a><\/li><\/ul><\/div><div class=\"fusion-sep-clear\"><\/div><div class=\"fusion-separator fusion-full-width-sep\" style=\"margin-left: auto;margin-right: auto;margin-top:10px;margin-bottom:10px;width:100%;\"><\/div><div class=\"fusion-sep-clear\"><\/div><div class=\"fusion-clearfix\"><\/div><\/div><\/div><div class=\"fusion-layout-column fusion_builder_column fusion-builder-column-1 fusion_builder_column_1_1 1_1 fusion-one-full fusion-column-first fusion-column-last fusion-column-no-min-height\" style=\"--awb-bg-size:cover;--awb-margin-bottom:0px;\"><div class=\"fusion-column-wrapper fusion-flex-column-wrapper-legacy\"><div class=\"fusion-title title fusion-title-1 fusion-title-text fusion-title-size-two\"><h2 class=\"fusion-title-heading title-heading-left fusion-responsive-typography-calculated\" style=\"margin:0;--fontSize:18;--minFontSize:18;line-height:1.5;\"><strong>LEGAL DEPARTMENT<\/strong><\/h2><span class=\"awb-title-spacer\"><\/span><div class=\"title-sep-container\"><div class=\"title-sep sep-double sep-solid\" style=\"border-color:#e0dede;\"><\/div><\/div><\/div><div class=\"fusion-clearfix\"><\/div><\/div><\/div><div class=\"fusion-layout-column fusion_builder_column fusion-builder-column-2 fusion_builder_column_1_1 1_1 fusion-one-full fusion-column-first fusion-column-last fusion-column-no-min-height\" style=\"--awb-bg-size:cover;--awb-margin-bottom:0px;\"><div class=\"fusion-column-wrapper fusion-flex-column-wrapper-legacy\"><div class=\"fusion-text fusion-text-1\"><p><strong>Tasks:<\/strong><\/p>\n<p>It follows the legislative process, with special emphasis the respective sector.<\/p>\n<p>It assists affiliated companies in the areas of labor law and collective bargaining.<\/p>\n<p>It provides opinion on legislative proposals.<\/p>\n<p>It prepares studies and amendments to the sector\u2019s Collective Labor Agreements (CCT).<\/p>\n<p>It negotiates, within the framework of FENAME, the revisions of the collectively agreed regulations for the sector with the employees\u2019 representative organizations.<\/p>\n<p>It studies and monitors issues relating the social component of the European Union.<\/p>\n<p>It participates in specific working groups of national and international organizations to which ANEME is affiliated, including the Centre for Development of Work Relations in the Portuguese Confederation of Business and working groups on Industrial Relations and European Affairs of CEEMET-Council of European Employers of the Metal, Engineering and Technology Based Industries, an international organization representing the interests of employers\u2019 associations of the metal industry, engineering and technology from 22 countries.<\/p>\n<p>It collaborates on various projects within the framework of national and community programs, developed by ANEME.<\/p>\n<p>It organizes training courses, directed to affiliated companies, within their area of responsibility.<\/p>\n<p>It collaborates with the other departments in interdisciplinary activities.<\/p>\n<p>It collaborates on the ANEME bulletin.<\/p>\n<p><strong>Contactos:<br \/>\n<\/strong><br \/>\nMadalena Gon\u00e7alves \/ Gl\u00f3ria Parente<br \/>\nTel: +351 21 711 27 40<br \/>\nFax: +351 21 715 04 03<br \/>\n<a href=\"mailto:madalena.goncalves@aneme.pt\">madalena.goncalves@aneme.pt<\/a><br \/>\n<a href=\"mailto:gloria.parente@aneme.pt\">gloria.parente@aneme.pt<\/a><\/p>\n<\/div><div class=\"fusion-clearfix\"><\/div><\/div><\/div><\/div><\/div>\n","protected":false},"excerpt":{"rendered":"","protected":false},"author":800,"featured_media":0,"parent":0,"menu_order":0,"comment_status":"open","ping_status":"open","template":"","meta":{"_cbd_carousel_blocks":"[]","footnotes":""},"yoast_head":"<!-- This site is optimized with the Yoast SEO plugin v22.1 - https:\/\/yoast.com\/wordpress\/plugins\/seo\/ -->\n<title>Legal - ANEME<\/title>\n<meta name=\"robots\" content=\"index, follow, max-snippet:-1, max-image-preview:large, max-video-preview:-1\" \/>\n<link rel=\"canonical\" href=\"https:\/\/www.aneme.pt\/site\/legal\/?lang=en\" \/>\n<meta property=\"og:locale\" content=\"pt_PT\" \/>\n<meta property=\"og:type\" content=\"article\" \/>\n<meta property=\"og:title\" content=\"Legal - ANEME\" \/>\n<meta property=\"og:url\" content=\"https:\/\/www.aneme.pt\/site\/legal\/?lang=en\" \/>\n<meta property=\"og:site_name\" content=\"ANEME\" \/>\n<meta property=\"article:modified_time\" content=\"2018-02-02T17:16:51+00:00\" \/>\n<meta name=\"twitter:card\" content=\"summary_large_image\" \/>\n<meta name=\"twitter:label1\" content=\"Tempo estimado de leitura\" \/>\n\t<meta name=\"twitter:data1\" content=\"3 minutos\" \/>\n<script type=\"application\/ld+json\" class=\"yoast-schema-graph\">{\"@context\":\"https:\/\/schema.org\",\"@graph\":[{\"@type\":\"WebPage\",\"@id\":\"https:\/\/www.aneme.pt\/site\/legal\/?lang=en\",\"url\":\"https:\/\/www.aneme.pt\/site\/legal\/?lang=en\",\"name\":\"Legal - ANEME\",\"isPartOf\":{\"@id\":\"https:\/\/www.aneme.pt\/site\/?lang=en\/#website\"},\"datePublished\":\"2018-02-02T16:02:01+00:00\",\"dateModified\":\"2018-02-02T17:16:51+00:00\",\"breadcrumb\":{\"@id\":\"https:\/\/www.aneme.pt\/site\/legal\/?lang=en#breadcrumb\"},\"inLanguage\":\"pt-PT\",\"potentialAction\":[{\"@type\":\"ReadAction\",\"target\":[\"https:\/\/www.aneme.pt\/site\/legal\/?lang=en\"]}]},{\"@type\":\"BreadcrumbList\",\"@id\":\"https:\/\/www.aneme.pt\/site\/legal\/?lang=en#breadcrumb\",\"itemListElement\":[{\"@type\":\"ListItem\",\"position\":1,\"name\":\"In\u00edcio\",\"item\":\"https:\/\/www.aneme.pt\/site\/\"},{\"@type\":\"ListItem\",\"position\":2,\"name\":\"Legal\"}]},{\"@type\":\"WebSite\",\"@id\":\"https:\/\/www.aneme.pt\/site\/?lang=en\/#website\",\"url\":\"https:\/\/www.aneme.pt\/site\/?lang=en\/\",\"name\":\"ANEME\",\"description\":\"Associa\u00e7\u00e3o Nacional das Empresas Metal\u00fargicas e Electromec\u00e2nicas\",\"potentialAction\":[{\"@type\":\"SearchAction\",\"target\":{\"@type\":\"EntryPoint\",\"urlTemplate\":\"https:\/\/www.aneme.pt\/site\/?lang=en\/?s={search_term_string}\"},\"query-input\":\"required name=search_term_string\"}],\"inLanguage\":\"pt-PT\"}]}<\/script>\n<!-- \/ Yoast SEO plugin. -->","yoast_head_json":{"title":"Legal - ANEME","robots":{"index":"index","follow":"follow","max-snippet":"max-snippet:-1","max-image-preview":"max-image-preview:large","max-video-preview":"max-video-preview:-1"},"canonical":"https:\/\/www.aneme.pt\/site\/legal\/?lang=en","og_locale":"pt_PT","og_type":"article","og_title":"Legal - ANEME","og_url":"https:\/\/www.aneme.pt\/site\/legal\/?lang=en","og_site_name":"ANEME","article_modified_time":"2018-02-02T17:16:51+00:00","twitter_card":"summary_large_image","twitter_misc":{"Tempo estimado de leitura":"3 minutos"},"schema":{"@context":"https:\/\/schema.org","@graph":[{"@type":"WebPage","@id":"https:\/\/www.aneme.pt\/site\/legal\/?lang=en","url":"https:\/\/www.aneme.pt\/site\/legal\/?lang=en","name":"Legal - ANEME","isPartOf":{"@id":"https:\/\/www.aneme.pt\/site\/?lang=en\/#website"},"datePublished":"2018-02-02T16:02:01+00:00","dateModified":"2018-02-02T17:16:51+00:00","breadcrumb":{"@id":"https:\/\/www.aneme.pt\/site\/legal\/?lang=en#breadcrumb"},"inLanguage":"pt-PT","potentialAction":[{"@type":"ReadAction","target":["https:\/\/www.aneme.pt\/site\/legal\/?lang=en"]}]},{"@type":"BreadcrumbList","@id":"https:\/\/www.aneme.pt\/site\/legal\/?lang=en#breadcrumb","itemListElement":[{"@type":"ListItem","position":1,"name":"In\u00edcio","item":"https:\/\/www.aneme.pt\/site\/"},{"@type":"ListItem","position":2,"name":"Legal"}]},{"@type":"WebSite","@id":"https:\/\/www.aneme.pt\/site\/?lang=en\/#website","url":"https:\/\/www.aneme.pt\/site\/?lang=en\/","name":"ANEME","description":"Associa\u00e7\u00e3o Nacional das Empresas Metal\u00fargicas e Electromec\u00e2nicas","potentialAction":[{"@type":"SearchAction","target":{"@type":"EntryPoint","urlTemplate":"https:\/\/www.aneme.pt\/site\/?lang=en\/?s={search_term_string}"},"query-input":"required name=search_term_string"}],"inLanguage":"pt-PT"}]}},"_links":{"self":[{"href":"https:\/\/www.aneme.pt\/site\/wp-json\/wp\/v2\/pages\/13531"}],"collection":[{"href":"https:\/\/www.aneme.pt\/site\/wp-json\/wp\/v2\/pages"}],"about":[{"href":"https:\/\/www.aneme.pt\/site\/wp-json\/wp\/v2\/types\/page"}],"author":[{"embeddable":true,"href":"https:\/\/www.aneme.pt\/site\/wp-json\/wp\/v2\/users\/800"}],"replies":[{"embeddable":true,"href":"https:\/\/www.aneme.pt\/site\/wp-json\/wp\/v2\/comments?post=13531"}],"version-history":[{"count":4,"href":"https:\/\/www.aneme.pt\/site\/wp-json\/wp\/v2\/pages\/13531\/revisions"}],"predecessor-version":[{"id":13599,"href":"https:\/\/www.aneme.pt\/site\/wp-json\/wp\/v2\/pages\/13531\/revisions\/13599"}],"wp:attachment":[{"href":"https:\/\/www.aneme.pt\/site\/wp-json\/wp\/v2\/media?parent=13531"}],"curies":[{"name":"wp","href":"https:\/\/api.w.org\/{rel}","templated":true}]}}