{"id":13583,"date":"2018-02-02T17:08:59","date_gmt":"2018-02-02T17:08:59","guid":{"rendered":"https:\/\/www.aneme.pt\/site\/safety-and-health-at-work\/"},"modified":"2019-06-17T17:06:08","modified_gmt":"2019-06-17T16:06:08","slug":"safety-and-health-at-work","status":"publish","type":"page","link":"https:\/\/www.aneme.pt\/site\/safety-and-health-at-work\/","title":{"rendered":"Safety and Health at Work"},"content":{"rendered":"<div class=\"fusion-fullwidth fullwidth-box fusion-builder-row-1 hundred-percent-fullwidth non-hundred-percent-height-scrolling\" style=\"--awb-border-radius-top-left:0px;--awb-border-radius-top-right:0px;--awb-border-radius-bottom-right:0px;--awb-border-radius-bottom-left:0px;--awb-overflow:visible;--awb-flex-wrap:wrap;\" ><div class=\"fusion-builder-row fusion-row\"><div class=\"fusion-layout-column fusion_builder_column fusion-builder-column-0 fusion_builder_column_1_1 1_1 fusion-one-full fusion-column-first fusion-column-last fusion-column-no-min-height\" style=\"--awb-bg-size:cover;--awb-margin-top:-55px;--awb-margin-bottom:0px;\"><div class=\"fusion-column-wrapper fusion-flex-column-wrapper-legacy\">\n<div class=\"fusion-slider-revolution rev_slider_wrapper\">\t\t\t<!-- START Seguran\u00e7atrabalho REVOLUTION SLIDER 6.6.15 --><p class=\"rs-p-wp-fix\"><\/p>\n\t\t\t<rs-module-wrap id=\"rev_slider_5_1_wrapper\" data-source=\"gallery\" style=\"visibility:hidden;background:#ffffff;padding:0;margin:0px auto;margin-top:0;margin-bottom:0;\">\n\t\t\t\t<rs-module id=\"rev_slider_5_1\" style=\"\" data-version=\"6.6.15\">\n\t\t\t\t\t<rs-slides style=\"overflow: hidden; position: absolute;\">\n\t\t\t\t\t\t<rs-slide style=\"position: absolute;\" data-key=\"rs-10\" data-title=\"Slide\" data-anim=\"adpr:false;\">\n\t\t\t\t\t\t\t<img decoding=\"async\" src=\"\/\/www.aneme.pt\/site\/wp-content\/plugins\/revslider\/public\/assets\/assets\/dummy.png\" alt=\"\" title=\"industrial-1636390_1280\" width=\"1280\" height=\"856\" class=\"rev-slidebg tp-rs-img rs-lazyload\" data-lazyload=\"\/\/www.aneme.pt\/site\/wp-content\/uploads\/2018\/01\/industrial-1636390_1280.jpg\" data-bg=\"p:center top;\" data-no-retina>\n<!---->\t\t\t\t\t\t<\/rs-slide>\n\t\t\t\t\t<\/rs-slides>\n\t\t\t\t<\/rs-module>\n\t\t\t\t<script>\n\t\t\t\t\tsetREVStartSize({c: 'rev_slider_5_1',rl:[1240,1024,778,480],el:[],gw:[1100],gh:[650],type:'standard',justify:'',layout:'fullwidth',mh:\"0\"});if (window.RS_MODULES!==undefined && window.RS_MODULES.modules!==undefined && window.RS_MODULES.modules[\"revslider51\"]!==undefined) {window.RS_MODULES.modules[\"revslider51\"].once = false;window.revapi5 = undefined;if (window.RS_MODULES.checkMinimal!==undefined) window.RS_MODULES.checkMinimal()}\n\t\t\t\t<\/script>\n\t\t\t<\/rs-module-wrap>\n\t\t\t<!-- END REVOLUTION SLIDER -->\n<\/div><div class=\"fusion-sep-clear\"><\/div><div class=\"fusion-separator fusion-full-width-sep\" style=\"margin-left: auto;margin-right: auto;margin-top:25px;margin-bottom:25px;width:100%;\"><\/div><div class=\"fusion-sep-clear\"><\/div><div class=\"fusion-builder-row fusion-builder-row-inner fusion-row\"><div class=\"fusion-layout-column fusion_builder_column_inner fusion-builder-nested-column-0 fusion_builder_column_inner_2_3 2_3 fusion-two-third fusion-column-first\" style=\"--awb-bg-size:cover;width:66.666666666667%;width:calc(66.666666666667% - ( ( 4% ) * 0.66666666666667 ) );margin-right: 4%;\"><div class=\"fusion-column-wrapper fusion-flex-column-wrapper-legacy\"><div class=\"fusion-title title fusion-title-1 fusion-title-text fusion-title-size-two\"><h2 class=\"fusion-title-heading title-heading-left fusion-responsive-typography-calculated\" style=\"margin:0;--fontSize:18;--minFontSize:18;line-height:1.5;\">How We Can Help<\/h2><span class=\"awb-title-spacer\"><\/span><div class=\"title-sep-container\"><div class=\"title-sep sep-double sep-solid\" style=\"border-color:#e0dede;\"><\/div><\/div><\/div><div class=\"fusion-text fusion-text-1\"><div>\n<p>In the area of safety and health at work, ANEME offers its members, technical information in this area, ensuring the prevention of occupational risks, and promoting safety and health of the workers. In this area are developed further awareness raising and training, particularly in the area of safety machines, first aid, fire fighting, among others.<\/p>\n<\/div>\n<div>ANEME formalized agreements with various entities providing services in the area of health and safety at work, providing special conditions to their members through preferential discounts.<\/div>\n<\/div><div class=\"fusion-clearfix\"><\/div><\/div><\/div><div class=\"fusion-layout-column fusion_builder_column_inner fusion-builder-nested-column-1 fusion_builder_column_inner_1_3 1_3 fusion-one-third fusion-column-last\" style=\"--awb-bg-size:cover;width:33.333333333333%;width:calc(33.333333333333% - ( ( 4% ) * 0.33333333333333 ) );\"><div class=\"fusion-column-wrapper fusion-flex-column-wrapper-legacy\"><div class=\"fusion-title title fusion-title-2 fusion-title-text fusion-title-size-two\"><h2 class=\"fusion-title-heading title-heading-left fusion-responsive-typography-calculated\" style=\"margin:0;--fontSize:18;--minFontSize:18;line-height:1.5;\"><strong>Contacts:<\/strong><\/h2><span class=\"awb-title-spacer\"><\/span><div class=\"title-sep-container\"><div class=\"title-sep sep-double sep-solid\" style=\"border-color:#e0dede;\"><\/div><\/div><\/div><div class=\"fusion-text fusion-text-2\"><p>Rui Santos &#8211;\u00a0<a href=\"mailto:rui.santos@aneme.pt\">rui.santos@aneme.pt<\/a><\/p>\n<\/div><div class=\"fusion-clearfix\"><\/div><\/div><\/div><\/div><div class=\"fusion-sep-clear\"><\/div><div class=\"fusion-separator fusion-full-width-sep\" style=\"margin-left: auto;margin-right: auto;margin-top:20px;margin-bottom:20px;width:100%;\"><\/div><div class=\"fusion-sep-clear\"><\/div><div class=\"fusion-title title fusion-title-3 fusion-title-text fusion-title-size-two\"><h2 class=\"fusion-title-heading title-heading-left fusion-responsive-typography-calculated\" style=\"margin:0;--fontSize:18;--minFontSize:18;line-height:1.5;\">Informations<\/h2><span class=\"awb-title-spacer\"><\/span><div class=\"title-sep-container\"><div class=\"title-sep sep-double sep-solid\" style=\"border-color:#e0dede;\"><\/div><\/div><\/div><div class=\"fusion-builder-row fusion-builder-row-inner fusion-row\"><div class=\"fusion-layout-column fusion_builder_column_inner fusion-builder-nested-column-2 fusion_builder_column_inner_1_3 1_3 fusion-one-third fusion-column-first\" style=\"--awb-bg-size:cover;width:33.333333333333%;width:calc(33.333333333333% - ( ( 4% + 4% ) * 0.33333333333333 ) );margin-right: 4%;\"><div class=\"fusion-column-wrapper fusion-flex-column-wrapper-legacy\"><div class=\"fusion-text fusion-text-3\">\n<\/div><div class=\"fusion-clearfix\"><\/div><\/div><\/div><div class=\"fusion-layout-column fusion_builder_column_inner fusion-builder-nested-column-3 fusion_builder_column_inner_1_3 1_3 fusion-one-third\" style=\"--awb-bg-size:cover;width:33.333333333333%;width:calc(33.333333333333% - ( ( 4% + 4% ) * 0.33333333333333 ) );margin-right: 4%;\"><div class=\"fusion-column-wrapper fusion-flex-column-wrapper-legacy\"><div class=\"fusion-text fusion-text-4\">\n<\/div><div class=\"fusion-clearfix\"><\/div><\/div><\/div><div class=\"fusion-layout-column fusion_builder_column_inner fusion-builder-nested-column-4 fusion_builder_column_inner_1_3 1_3 fusion-one-third fusion-column-last\" style=\"--awb-bg-size:cover;width:33.333333333333%;width:calc(33.333333333333% - ( ( 4% + 4% ) * 0.33333333333333 ) );\"><div class=\"fusion-column-wrapper fusion-flex-column-wrapper-legacy\"><div class=\"fusion-text fusion-text-5\">\n<\/div><div class=\"fusion-clearfix\"><\/div><\/div><\/div><\/div><div class=\"fusion-sep-clear\"><\/div><div class=\"fusion-separator fusion-full-width-sep\" style=\"margin-left: auto;margin-right: auto;margin-top:10px;margin-bottom:10px;width:100%;\"><\/div><div class=\"fusion-sep-clear\"><\/div><style type='text\/css'>.reading-box-container-1 .element-bottomshadow:before,.reading-box-container-1 .element-bottomshadow:after{opacity:0.7;}<\/style><div class=\"fusion-reading-box-container reading-box-container-1\" style=\"--awb-title-color:#333333;--awb-margin-top:0px;--awb-margin-bottom:84px;\"><div class=\"reading-box\" style=\"background-color:#f6f6f6;border-width:1px;border-color:#f6f6f6;border-top-width:3px;border-top-color:var(--primary_color);border-style:solid;\"><a class=\"button fusion-button button-default fusion-button-default-size button-default-size button-flat fusion-desktop-button fusion-tagline-button continue fusion-desktop-button-margin continue-right\" style=\"-webkit-box-shadow:none;-moz-box-shadow:none;box-shadow:none;border-radius:0px 0px 0px 0px\" href=\"https:\/\/www.aneme.pt\/site\/contacts\/?lang=en\" target=\"_self\"><span>Contact us!<\/span><\/a><h2>Get in touch with us so we can help you!<\/h2><div class=\"reading-box-description fusion-reading-box-additional\">Know about our Services, benefits of Associated Companies, and more.<\/div><div class=\"fusion-clearfix\"><\/div><a class=\"button fusion-button button-default fusion-button-default-size button-default-size button-flat fusion-mobile-button continue-right\" style=\"-webkit-box-shadow:none;-moz-box-shadow:none;box-shadow:none;border-radius:0px 0px 0px 0px\" href=\"https:\/\/www.aneme.pt\/site\/contacts\/?lang=en\" target=\"_self\"><span>Contact us!<\/span><\/a><\/div><\/div><div class=\"fusion-clearfix\"><\/div><\/div><\/div><\/div><\/div>\n","protected":false},"excerpt":{"rendered":"","protected":false},"author":800,"featured_media":0,"parent":0,"menu_order":0,"comment_status":"open","ping_status":"closed","template":"","meta":{"_cbd_carousel_blocks":"[]","footnotes":""},"yoast_head":"<!-- This site is optimized with the Yoast SEO plugin v22.1 - https:\/\/yoast.com\/wordpress\/plugins\/seo\/ -->\n<title>Safety and Health at Work - ANEME<\/title>\n<meta name=\"description\" content=\"In the area of safety and health at work, ANEME offers its members, technical information in this area, ensuring the prevention of occupational risks\" \/>\n<meta name=\"robots\" content=\"index, follow, max-snippet:-1, max-image-preview:large, max-video-preview:-1\" \/>\n<link rel=\"canonical\" href=\"https:\/\/www.aneme.pt\/site\/safety-and-health-at-work\/\" \/>\n<meta property=\"og:locale\" content=\"pt_PT\" \/>\n<meta property=\"og:type\" content=\"article\" \/>\n<meta property=\"og:title\" content=\"Safety and Health at Work - ANEME\" \/>\n<meta property=\"og:description\" content=\"In the area of safety and health at work, ANEME offers its members, technical information in this area, ensuring the prevention of occupational risks\" \/>\n<meta property=\"og:url\" content=\"https:\/\/www.aneme.pt\/site\/safety-and-health-at-work\/\" \/>\n<meta property=\"og:site_name\" content=\"ANEME\" \/>\n<meta property=\"article:modified_time\" content=\"2019-06-17T16:06:08+00:00\" \/>\n<meta name=\"twitter:card\" content=\"summary_large_image\" \/>\n<meta name=\"twitter:label1\" content=\"Tempo estimado de leitura\" \/>\n\t<meta name=\"twitter:data1\" content=\"1 minuto\" \/>\n<script type=\"application\/ld+json\" class=\"yoast-schema-graph\">{\"@context\":\"https:\/\/schema.org\",\"@graph\":[{\"@type\":\"WebPage\",\"@id\":\"https:\/\/www.aneme.pt\/site\/safety-and-health-at-work\/\",\"url\":\"https:\/\/www.aneme.pt\/site\/safety-and-health-at-work\/\",\"name\":\"Safety and Health at Work - ANEME\",\"isPartOf\":{\"@id\":\"https:\/\/www.aneme.pt\/site\/?lang=en\/#website\"},\"datePublished\":\"2018-02-02T17:08:59+00:00\",\"dateModified\":\"2019-06-17T16:06:08+00:00\",\"description\":\"In the area of safety and health at work, ANEME offers its members, technical information in this area, ensuring the prevention of occupational risks\",\"breadcrumb\":{\"@id\":\"https:\/\/www.aneme.pt\/site\/safety-and-health-at-work\/#breadcrumb\"},\"inLanguage\":\"pt-PT\",\"potentialAction\":[{\"@type\":\"ReadAction\",\"target\":[\"https:\/\/www.aneme.pt\/site\/safety-and-health-at-work\/\"]}]},{\"@type\":\"BreadcrumbList\",\"@id\":\"https:\/\/www.aneme.pt\/site\/safety-and-health-at-work\/#breadcrumb\",\"itemListElement\":[{\"@type\":\"ListItem\",\"position\":1,\"name\":\"In\u00edcio\",\"item\":\"https:\/\/www.aneme.pt\/site\/\"},{\"@type\":\"ListItem\",\"position\":2,\"name\":\"Safety and Health at Work\"}]},{\"@type\":\"WebSite\",\"@id\":\"https:\/\/www.aneme.pt\/site\/?lang=en\/#website\",\"url\":\"https:\/\/www.aneme.pt\/site\/?lang=en\/\",\"name\":\"ANEME\",\"description\":\"Associa\u00e7\u00e3o Nacional das Empresas Metal\u00fargicas e Electromec\u00e2nicas\",\"potentialAction\":[{\"@type\":\"SearchAction\",\"target\":{\"@type\":\"EntryPoint\",\"urlTemplate\":\"https:\/\/www.aneme.pt\/site\/?lang=en\/?s={search_term_string}\"},\"query-input\":\"required name=search_term_string\"}],\"inLanguage\":\"pt-PT\"}]}<\/script>\n<!-- \/ Yoast SEO plugin. -->","yoast_head_json":{"title":"Safety and Health at Work - ANEME","description":"In the area of safety and health at work, ANEME offers its members, technical information in this area, ensuring the prevention of occupational risks","robots":{"index":"index","follow":"follow","max-snippet":"max-snippet:-1","max-image-preview":"max-image-preview:large","max-video-preview":"max-video-preview:-1"},"canonical":"https:\/\/www.aneme.pt\/site\/safety-and-health-at-work\/","og_locale":"pt_PT","og_type":"article","og_title":"Safety and Health at Work - ANEME","og_description":"In the area of safety and health at work, ANEME offers its members, technical information in this area, ensuring the prevention of occupational risks","og_url":"https:\/\/www.aneme.pt\/site\/safety-and-health-at-work\/","og_site_name":"ANEME","article_modified_time":"2019-06-17T16:06:08+00:00","twitter_card":"summary_large_image","twitter_misc":{"Tempo estimado de leitura":"1 minuto"},"schema":{"@context":"https:\/\/schema.org","@graph":[{"@type":"WebPage","@id":"https:\/\/www.aneme.pt\/site\/safety-and-health-at-work\/","url":"https:\/\/www.aneme.pt\/site\/safety-and-health-at-work\/","name":"Safety and Health at Work - ANEME","isPartOf":{"@id":"https:\/\/www.aneme.pt\/site\/?lang=en\/#website"},"datePublished":"2018-02-02T17:08:59+00:00","dateModified":"2019-06-17T16:06:08+00:00","description":"In the area of safety and health at work, ANEME offers its members, technical information in this area, ensuring the prevention of occupational risks","breadcrumb":{"@id":"https:\/\/www.aneme.pt\/site\/safety-and-health-at-work\/#breadcrumb"},"inLanguage":"pt-PT","potentialAction":[{"@type":"ReadAction","target":["https:\/\/www.aneme.pt\/site\/safety-and-health-at-work\/"]}]},{"@type":"BreadcrumbList","@id":"https:\/\/www.aneme.pt\/site\/safety-and-health-at-work\/#breadcrumb","itemListElement":[{"@type":"ListItem","position":1,"name":"In\u00edcio","item":"https:\/\/www.aneme.pt\/site\/"},{"@type":"ListItem","position":2,"name":"Safety and Health at Work"}]},{"@type":"WebSite","@id":"https:\/\/www.aneme.pt\/site\/?lang=en\/#website","url":"https:\/\/www.aneme.pt\/site\/?lang=en\/","name":"ANEME","description":"Associa\u00e7\u00e3o Nacional das Empresas Metal\u00fargicas e Electromec\u00e2nicas","potentialAction":[{"@type":"SearchAction","target":{"@type":"EntryPoint","urlTemplate":"https:\/\/www.aneme.pt\/site\/?lang=en\/?s={search_term_string}"},"query-input":"required name=search_term_string"}],"inLanguage":"pt-PT"}]}},"_links":{"self":[{"href":"https:\/\/www.aneme.pt\/site\/wp-json\/wp\/v2\/pages\/13583"}],"collection":[{"href":"https:\/\/www.aneme.pt\/site\/wp-json\/wp\/v2\/pages"}],"about":[{"href":"https:\/\/www.aneme.pt\/site\/wp-json\/wp\/v2\/types\/page"}],"author":[{"embeddable":true,"href":"https:\/\/www.aneme.pt\/site\/wp-json\/wp\/v2\/users\/800"}],"replies":[{"embeddable":true,"href":"https:\/\/www.aneme.pt\/site\/wp-json\/wp\/v2\/comments?post=13583"}],"version-history":[{"count":14,"href":"https:\/\/www.aneme.pt\/site\/wp-json\/wp\/v2\/pages\/13583\/revisions"}],"predecessor-version":[{"id":25086,"href":"https:\/\/www.aneme.pt\/site\/wp-json\/wp\/v2\/pages\/13583\/revisions\/25086"}],"wp:attachment":[{"href":"https:\/\/www.aneme.pt\/site\/wp-json\/wp\/v2\/media?parent=13583"}],"curies":[{"name":"wp","href":"https:\/\/api.w.org\/{rel}","templated":true}]}}