{"id":13888,"date":"2018-02-05T15:22:06","date_gmt":"2018-02-05T15:22:06","guid":{"rendered":"https:\/\/www.aneme.pt\/site\/p2020-joint-project-for-the-internationalization-2017-2018\/"},"modified":"2018-02-23T12:22:59","modified_gmt":"2018-02-23T12:22:59","slug":"p2020-joint-project-for-the-internationalization-2017-2018","status":"publish","type":"page","link":"https:\/\/www.aneme.pt\/site\/p2020-joint-project-for-the-internationalization-2017-2018\/","title":{"rendered":"P2020: Joint Project for the Internationalization &#8211; 2017\/2018"},"content":{"rendered":"<div class=\"fusion-fullwidth fullwidth-box fusion-builder-row-1 hundred-percent-fullwidth non-hundred-percent-height-scrolling\" style=\"--awb-border-radius-top-left:0px;--awb-border-radius-top-right:0px;--awb-border-radius-bottom-right:0px;--awb-border-radius-bottom-left:0px;--awb-overflow:visible;--awb-flex-wrap:wrap;\" ><div class=\"fusion-builder-row fusion-row\"><div class=\"fusion-layout-column fusion_builder_column fusion-builder-column-0 fusion_builder_column_1_1 1_1 fusion-one-full fusion-column-first fusion-column-last fusion-column-no-min-height\" style=\"--awb-bg-size:cover;--awb-margin-bottom:0px;\"><div class=\"fusion-column-wrapper fusion-flex-column-wrapper-legacy\"><div class=\"fusion-text fusion-text-1\"><p><strong>JOINT PROJECT FOR THE INTERNATIONALIZATION &#8211; 2017\/2018<\/strong><\/p>\n<p><strong>Project N.\u00ba:<\/strong> 26617<\/p>\n<p><strong>Notification:<\/strong> 21\/SI\/2016<\/p>\n<p>Operational Program: POCI \u2013 Operational Program\u00a0Competitiveness and Internationalization<\/p>\n<p><strong>Designation:<\/strong> Joint Projects \u2013 Internationalization<\/p>\n<p><strong>Goal:<\/strong>\u00a0The Joint Project for Internationalization of metallurgical and electromechanical enterprises 2017\/2018, aims to strengthen the capacity of metallurgical and electromechanical companies for internationalization, through the exploration of new emerging markets, alternative and appealing to companies of the metallurgical and electromechanical sector, thus allowing the expansion of its base and export capacity and participation in fairs and strategic for the sector, namely in terms of industrial subcontracting, promoting a national supply and increasing an export offer of the sector in the European space.<\/p>\n<p>Hereupon, the project has two strategic strands.<\/p>\n<ol>\n<li>Prospecting new alternative markets with opportunities for the sector, expanding its base and export capacity: Algeria, Ghana and Ecuador.<\/li>\n<li>Participation in trade fairs and strategic competitions for the sector, namely in terms of industrial subcontracting, promoting the national supply and increasing the export capacity of the sector in the European space: Midest &#8211; France, Hannover Messe &#8211; Germany, Subcontratacion &#8211; Bilbao, Subcon &#8211; Industrie Lyon &#8211; France, Swisstech &#8211; Switzerland and MetalMadrid &#8211; Spain.<\/li>\n<\/ol>\n<p>The goal is to develop a structured program of intervention at the sectoral level, including complementary rows in the sector, in terms and value chain (such as IT, process and production technologies and commercial activities) that, from a enhance and expand export capacity and promote the international image of SMEs of a strategic sector of the national economy with clear potential in terms of international competition.<\/p>\n<p>There will also be a Benchmarking seminar for the sector and complementary ranks, aimed at publicizing the new markets addressed: Algeria, Ghana and Ecuador and disseminating their business opportunities, as a way to broaden the export base for them.<\/p>\n<p><strong>Funding:<\/strong> Supported by POCI \u2013 Operational Program\u00a0Competitiveness and with the thematic goal &#8220;Strengthening the competitiveness of small and medium-sized enterprises&#8221;, it has an approved eligible investment of 357,456.47\u20ac.<\/p>\n<\/div><div class=\"fusion-sep-clear\"><\/div><div class=\"fusion-separator fusion-full-width-sep\" style=\"margin-left: auto;margin-right: auto;width:100%;\"><div class=\"fusion-separator-border sep-single sep-solid\" style=\"--awb-height:20px;--awb-amount:20px;border-color:#e0dede;border-top-width:1px;\"><\/div><\/div><div class=\"fusion-sep-clear\"><\/div><div class=\"fusion-clearfix\"><\/div><\/div><\/div><div class=\"fusion-layout-column fusion_builder_column fusion-builder-column-1 fusion_builder_column_1_1 1_1 fusion-one-full fusion-column-first fusion-column-last fusion-column-no-min-height\" style=\"--awb-bg-size:cover;--awb-margin-bottom:0px;\"><div class=\"fusion-column-wrapper fusion-flex-column-wrapper-legacy\"><div class=\"fusion-sep-clear\"><\/div><div class=\"fusion-separator fusion-full-width-sep\" style=\"margin-left: auto;margin-right: auto;margin-top:10px;margin-bottom:10px;width:100%;\"><\/div><div class=\"fusion-sep-clear\"><\/div><div class=\"fusion-clearfix\"><\/div><\/div><\/div><div class=\"fusion-layout-column fusion_builder_column fusion-builder-column-2 fusion_builder_column_1_1 1_1 fusion-one-full fusion-column-first fusion-column-last fusion-column-no-min-height\" style=\"--awb-padding-top:40px;--awb-bg-size:cover;--awb-margin-bottom:0px;\"><div class=\"fusion-column-wrapper fusion-flex-column-wrapper-legacy\"><div class=\"fusion-text fusion-text-2\"><p style=\"text-align: center;\"><b>ACTION PLAN<\/b><\/p>\n<p><b>BUSINESS MISSIONS<\/b><\/p>\n<p><strong>In 2017<\/strong><\/p>\n<\/div><ul style=\"--awb-size:13px;--awb-line-height:22.1px;--awb-icon-width:22.1px;--awb-icon-height:22.1px;--awb-icon-margin:9.1px;--awb-content-margin:31.2px;--awb-circlecolor:#b2251f;--awb-circle-yes-font-size:11.44px;\" class=\"fusion-checklist fusion-checklist-1 fusion-checklist-default type-icons\"><li class=\"fusion-li-item\" style=\"\"><span class=\"icon-wrapper circle-yes\"><i class=\"fusion-li-icon fa fa-check\" aria-hidden=\"true\"><\/i><\/span><div class=\"fusion-li-item-content\">\n<p>Ecuador: Preparatory Mission &#8211; April<\/p>\n<\/div><\/li><li class=\"fusion-li-item\" style=\"\"><span class=\"icon-wrapper circle-yes\"><i class=\"fusion-li-icon fa fa-check\" aria-hidden=\"true\"><\/i><\/span><div class=\"fusion-li-item-content\">\n<p>Ecuador: Business Mission \u2013 June<\/p>\n<\/div><\/li><\/ul><div class=\"fusion-sep-clear\"><\/div><div class=\"fusion-separator fusion-full-width-sep\" style=\"margin-left: auto;margin-right: auto;margin-top:10px;margin-bottom:10px;width:100%;\"><\/div><div class=\"fusion-sep-clear\"><\/div><div class=\"fusion-clearfix\"><\/div><\/div><\/div><div class=\"fusion-layout-column fusion_builder_column fusion-builder-column-3 fusion_builder_column_1_1 1_1 fusion-one-full fusion-column-first fusion-column-last fusion-column-no-min-height\" style=\"--awb-bg-size:cover;--awb-margin-bottom:0px;\"><div class=\"fusion-column-wrapper fusion-flex-column-wrapper-legacy\"><div class=\"fusion-text fusion-text-3\"><p><strong>In 2018<\/strong><\/p>\n<\/div><ul style=\"--awb-size:13px;--awb-line-height:22.1px;--awb-icon-width:22.1px;--awb-icon-height:22.1px;--awb-icon-margin:9.1px;--awb-content-margin:31.2px;--awb-circlecolor:#b2251f;--awb-circle-yes-font-size:11.44px;\" class=\"fusion-checklist fusion-checklist-2 fusion-checklist-default type-icons\"><li class=\"fusion-li-item\" style=\"\"><span class=\"icon-wrapper circle-yes\"><i class=\"fusion-li-icon fa fa-check\" aria-hidden=\"true\"><\/i><\/span><div class=\"fusion-li-item-content\">\n<p>Ghana &#8211; March<\/p>\n<\/div><\/li><li class=\"fusion-li-item\" style=\"\"><span class=\"icon-wrapper circle-yes\"><i class=\"fusion-li-icon fa fa-check\" aria-hidden=\"true\"><\/i><\/span><div class=\"fusion-li-item-content\">\n<p>Argelia \u2013 November<\/p>\n<\/div><\/li><\/ul><div class=\"fusion-sep-clear\"><\/div><div class=\"fusion-separator fusion-full-width-sep\" style=\"margin-left: auto;margin-right: auto;margin-top:10px;margin-bottom:10px;width:100%;\"><\/div><div class=\"fusion-sep-clear\"><\/div><div class=\"fusion-clearfix\"><\/div><\/div><\/div><div class=\"fusion-layout-column fusion_builder_column fusion-builder-column-4 fusion_builder_column_1_1 1_1 fusion-one-full fusion-column-first fusion-column-last fusion-column-no-min-height\" style=\"--awb-bg-size:cover;--awb-margin-bottom:0px;\"><div class=\"fusion-column-wrapper fusion-flex-column-wrapper-legacy\"><div class=\"fusion-text fusion-text-4\"><p><b>PARTICIPATION IN FAIRS<\/b><\/p>\n<p><strong>In 2017<\/strong><\/p>\n<\/div><ul style=\"--awb-size:13px;--awb-line-height:22.1px;--awb-icon-width:22.1px;--awb-icon-height:22.1px;--awb-icon-margin:9.1px;--awb-content-margin:31.2px;--awb-circlecolor:#b2251f;--awb-circle-yes-font-size:11.44px;\" class=\"fusion-checklist fusion-checklist-3 fusion-checklist-default type-icons\"><li class=\"fusion-li-item\" style=\"\"><span class=\"icon-wrapper circle-yes\"><i class=\"fusion-li-icon fa fa-check\" aria-hidden=\"true\"><\/i><\/span><div class=\"fusion-li-item-content\">\n<p>INDUSTRIE LYON &#8211; France &#8211; April<\/p>\n<\/div><\/li><li class=\"fusion-li-item\" style=\"\"><span class=\"icon-wrapper circle-yes\"><i class=\"fusion-li-icon fa fa-check\" aria-hidden=\"true\"><\/i><\/span><div class=\"fusion-li-item-content\">\n<p>HANNOVER &#8211; Germany &#8211; April<\/p>\n<\/div><\/li><li class=\"fusion-li-item\" style=\"\"><span class=\"icon-wrapper circle-yes\"><i class=\"fusion-li-icon fa fa-check\" aria-hidden=\"true\"><\/i><\/span><div class=\"fusion-li-item-content\">\n<p>SUBCON \u2013 United Kingdom &#8211; June<\/p>\n<\/div><\/li><li class=\"fusion-li-item\" style=\"\"><span class=\"icon-wrapper circle-yes\"><i class=\"fusion-li-icon fa fa-check\" aria-hidden=\"true\"><\/i><\/span><div class=\"fusion-li-item-content\">\n<p>SUBCONTRATATION &#8211; Spain &#8211; June<\/p>\n<\/div><\/li><li class=\"fusion-li-item\" style=\"\"><span class=\"icon-wrapper circle-yes\"><i class=\"fusion-li-icon fa fa-check\" aria-hidden=\"true\"><\/i><\/span><div class=\"fusion-li-item-content\">\n<p>METALMADRID \u2013 Spain &#8211; November<\/p>\n<\/div><\/li><\/ul><div class=\"fusion-sep-clear\"><\/div><div class=\"fusion-separator fusion-full-width-sep\" style=\"margin-left: auto;margin-right: auto;margin-top:10px;margin-bottom:10px;width:100%;\"><\/div><div class=\"fusion-sep-clear\"><\/div><div class=\"fusion-text fusion-text-5\"><p><strong>In 2018<\/strong><\/p>\n<\/div><ul style=\"--awb-size:13px;--awb-line-height:22.1px;--awb-icon-width:22.1px;--awb-icon-height:22.1px;--awb-icon-margin:9.1px;--awb-content-margin:31.2px;--awb-circlecolor:#b2251f;--awb-circle-yes-font-size:11.44px;\" class=\"fusion-checklist fusion-checklist-4 fusion-checklist-default type-icons\"><li class=\"fusion-li-item\" style=\"\"><span class=\"icon-wrapper circle-yes\"><i class=\"fusion-li-icon fa fa-check\" aria-hidden=\"true\"><\/i><\/span><div class=\"fusion-li-item-content\">\n<p>MIDEST- France &#8211; March<\/p>\n<\/div><\/li><li class=\"fusion-li-item\" style=\"\"><span class=\"icon-wrapper circle-yes\"><i class=\"fusion-li-icon fa fa-check\" aria-hidden=\"true\"><\/i><\/span><div class=\"fusion-li-item-content\">\n<p>HANNOVER &#8211; Germany &#8211; April<\/p>\n<\/div><\/li><li class=\"fusion-li-item\" style=\"\"><span class=\"icon-wrapper circle-yes\"><i class=\"fusion-li-icon fa fa-check\" aria-hidden=\"true\"><\/i><\/span><div class=\"fusion-li-item-content\">\n<p>SWISSTECH &#8211; Swiss \u2013 November<\/p>\n<\/div><\/li><li class=\"fusion-li-item\" style=\"\"><span class=\"icon-wrapper circle-yes\"><i class=\"fusion-li-icon fa fa-check\" aria-hidden=\"true\"><\/i><\/span><div class=\"fusion-li-item-content\">\n<p>METALMADRID \u2013 Spain &#8211; November<\/p>\n<\/div><\/li><\/ul><div class=\"fusion-image-element fusion-image-align-right in-legacy-container\" style=\"text-align:right;--awb-caption-title-font-family:var(--h2_typography-font-family);--awb-caption-title-font-weight:var(--h2_typography-font-weight);--awb-caption-title-font-style:var(--h2_typography-font-style);--awb-caption-title-size:var(--h2_typography-font-size);--awb-caption-title-transform:var(--h2_typography-text-transform);--awb-caption-title-line-height:var(--h2_typography-line-height);--awb-caption-title-letter-spacing:var(--h2_typography-letter-spacing);\"><span class=\" fusion-imageframe imageframe-none imageframe-1 hover-type-none\" style=\"margin-left:25px;float:right;\"><img decoding=\"async\" width=\"400\" height=\"61\" title=\"modeloprojeto2020\" src=\"https:\/\/www.aneme.pt\/site\/wp-content\/uploads\/2018\/02\/modeloprojeto2020-400x61.png\" alt class=\"img-responsive wp-image-14800\" srcset=\"https:\/\/www.aneme.pt\/site\/wp-content\/uploads\/2018\/02\/modeloprojeto2020-200x30.png 200w, https:\/\/www.aneme.pt\/site\/wp-content\/uploads\/2018\/02\/modeloprojeto2020-400x61.png 400w, https:\/\/www.aneme.pt\/site\/wp-content\/uploads\/2018\/02\/modeloprojeto2020-600x91.png 600w, https:\/\/www.aneme.pt\/site\/wp-content\/uploads\/2018\/02\/modeloprojeto2020-800x122.png 800w, https:\/\/www.aneme.pt\/site\/wp-content\/uploads\/2018\/02\/modeloprojeto2020-1200x183.png 1200w, https:\/\/www.aneme.pt\/site\/wp-content\/uploads\/2018\/02\/modeloprojeto2020.png 1765w\" sizes=\"(max-width: 800px) 100vw, 400px\" \/><\/span><\/div><div class=\"fusion-clearfix\"><\/div><\/div><\/div><\/div><\/div>\n","protected":false},"excerpt":{"rendered":"","protected":false},"author":800,"featured_media":0,"parent":0,"menu_order":0,"comment_status":"open","ping_status":"open","template":"","meta":{"_cbd_carousel_blocks":"[]","footnotes":""},"yoast_head":"<!-- This site is optimized with the Yoast SEO plugin v22.1 - https:\/\/yoast.com\/wordpress\/plugins\/seo\/ -->\n<title>P2020: Joint Project for the Internationalization - 2017\/2018 - ANEME<\/title>\n<meta name=\"robots\" content=\"index, follow, max-snippet:-1, max-image-preview:large, max-video-preview:-1\" \/>\n<link rel=\"canonical\" href=\"https:\/\/www.aneme.pt\/site\/p2020-joint-project-for-the-internationalization-2017-2018\/?lang=en\" \/>\n<meta property=\"og:locale\" content=\"pt_PT\" \/>\n<meta property=\"og:type\" content=\"article\" \/>\n<meta property=\"og:title\" content=\"P2020: Joint Project for the Internationalization - 2017\/2018 - ANEME\" \/>\n<meta property=\"og:url\" content=\"https:\/\/www.aneme.pt\/site\/p2020-joint-project-for-the-internationalization-2017-2018\/?lang=en\" \/>\n<meta property=\"og:site_name\" content=\"ANEME\" \/>\n<meta property=\"article:modified_time\" content=\"2018-02-23T12:22:59+00:00\" \/>\n<meta name=\"twitter:card\" content=\"summary_large_image\" \/>\n<meta name=\"twitter:label1\" content=\"Tempo estimado de leitura\" \/>\n\t<meta name=\"twitter:data1\" content=\"6 minutos\" \/>\n<script type=\"application\/ld+json\" class=\"yoast-schema-graph\">{\"@context\":\"https:\/\/schema.org\",\"@graph\":[{\"@type\":\"WebPage\",\"@id\":\"https:\/\/www.aneme.pt\/site\/p2020-joint-project-for-the-internationalization-2017-2018\/?lang=en\",\"url\":\"https:\/\/www.aneme.pt\/site\/p2020-joint-project-for-the-internationalization-2017-2018\/?lang=en\",\"name\":\"P2020: Joint Project for the Internationalization - 2017\/2018 - ANEME\",\"isPartOf\":{\"@id\":\"https:\/\/www.aneme.pt\/site\/?lang=en\/#website\"},\"datePublished\":\"2018-02-05T15:22:06+00:00\",\"dateModified\":\"2018-02-23T12:22:59+00:00\",\"breadcrumb\":{\"@id\":\"https:\/\/www.aneme.pt\/site\/p2020-joint-project-for-the-internationalization-2017-2018\/?lang=en#breadcrumb\"},\"inLanguage\":\"pt-PT\",\"potentialAction\":[{\"@type\":\"ReadAction\",\"target\":[\"https:\/\/www.aneme.pt\/site\/p2020-joint-project-for-the-internationalization-2017-2018\/?lang=en\"]}]},{\"@type\":\"BreadcrumbList\",\"@id\":\"https:\/\/www.aneme.pt\/site\/p2020-joint-project-for-the-internationalization-2017-2018\/?lang=en#breadcrumb\",\"itemListElement\":[{\"@type\":\"ListItem\",\"position\":1,\"name\":\"In\u00edcio\",\"item\":\"https:\/\/www.aneme.pt\/site\/\"},{\"@type\":\"ListItem\",\"position\":2,\"name\":\"P2020: Joint Project for the Internationalization &#8211; 2017\/2018\"}]},{\"@type\":\"WebSite\",\"@id\":\"https:\/\/www.aneme.pt\/site\/?lang=en\/#website\",\"url\":\"https:\/\/www.aneme.pt\/site\/?lang=en\/\",\"name\":\"ANEME\",\"description\":\"Associa\u00e7\u00e3o Nacional das Empresas Metal\u00fargicas e Electromec\u00e2nicas\",\"potentialAction\":[{\"@type\":\"SearchAction\",\"target\":{\"@type\":\"EntryPoint\",\"urlTemplate\":\"https:\/\/www.aneme.pt\/site\/?lang=en\/?s={search_term_string}\"},\"query-input\":\"required name=search_term_string\"}],\"inLanguage\":\"pt-PT\"}]}<\/script>\n<!-- \/ Yoast SEO plugin. -->","yoast_head_json":{"title":"P2020: Joint Project for the Internationalization - 2017\/2018 - ANEME","robots":{"index":"index","follow":"follow","max-snippet":"max-snippet:-1","max-image-preview":"max-image-preview:large","max-video-preview":"max-video-preview:-1"},"canonical":"https:\/\/www.aneme.pt\/site\/p2020-joint-project-for-the-internationalization-2017-2018\/?lang=en","og_locale":"pt_PT","og_type":"article","og_title":"P2020: Joint Project for the Internationalization - 2017\/2018 - ANEME","og_url":"https:\/\/www.aneme.pt\/site\/p2020-joint-project-for-the-internationalization-2017-2018\/?lang=en","og_site_name":"ANEME","article_modified_time":"2018-02-23T12:22:59+00:00","twitter_card":"summary_large_image","twitter_misc":{"Tempo estimado de leitura":"6 minutos"},"schema":{"@context":"https:\/\/schema.org","@graph":[{"@type":"WebPage","@id":"https:\/\/www.aneme.pt\/site\/p2020-joint-project-for-the-internationalization-2017-2018\/?lang=en","url":"https:\/\/www.aneme.pt\/site\/p2020-joint-project-for-the-internationalization-2017-2018\/?lang=en","name":"P2020: Joint Project for the Internationalization - 2017\/2018 - ANEME","isPartOf":{"@id":"https:\/\/www.aneme.pt\/site\/?lang=en\/#website"},"datePublished":"2018-02-05T15:22:06+00:00","dateModified":"2018-02-23T12:22:59+00:00","breadcrumb":{"@id":"https:\/\/www.aneme.pt\/site\/p2020-joint-project-for-the-internationalization-2017-2018\/?lang=en#breadcrumb"},"inLanguage":"pt-PT","potentialAction":[{"@type":"ReadAction","target":["https:\/\/www.aneme.pt\/site\/p2020-joint-project-for-the-internationalization-2017-2018\/?lang=en"]}]},{"@type":"BreadcrumbList","@id":"https:\/\/www.aneme.pt\/site\/p2020-joint-project-for-the-internationalization-2017-2018\/?lang=en#breadcrumb","itemListElement":[{"@type":"ListItem","position":1,"name":"In\u00edcio","item":"https:\/\/www.aneme.pt\/site\/"},{"@type":"ListItem","position":2,"name":"P2020: Joint Project for the Internationalization &#8211; 2017\/2018"}]},{"@type":"WebSite","@id":"https:\/\/www.aneme.pt\/site\/?lang=en\/#website","url":"https:\/\/www.aneme.pt\/site\/?lang=en\/","name":"ANEME","description":"Associa\u00e7\u00e3o Nacional das Empresas Metal\u00fargicas e Electromec\u00e2nicas","potentialAction":[{"@type":"SearchAction","target":{"@type":"EntryPoint","urlTemplate":"https:\/\/www.aneme.pt\/site\/?lang=en\/?s={search_term_string}"},"query-input":"required name=search_term_string"}],"inLanguage":"pt-PT"}]}},"_links":{"self":[{"href":"https:\/\/www.aneme.pt\/site\/wp-json\/wp\/v2\/pages\/13888"}],"collection":[{"href":"https:\/\/www.aneme.pt\/site\/wp-json\/wp\/v2\/pages"}],"about":[{"href":"https:\/\/www.aneme.pt\/site\/wp-json\/wp\/v2\/types\/page"}],"author":[{"embeddable":true,"href":"https:\/\/www.aneme.pt\/site\/wp-json\/wp\/v2\/users\/800"}],"replies":[{"embeddable":true,"href":"https:\/\/www.aneme.pt\/site\/wp-json\/wp\/v2\/comments?post=13888"}],"version-history":[{"count":25,"href":"https:\/\/www.aneme.pt\/site\/wp-json\/wp\/v2\/pages\/13888\/revisions"}],"predecessor-version":[{"id":14911,"href":"https:\/\/www.aneme.pt\/site\/wp-json\/wp\/v2\/pages\/13888\/revisions\/14911"}],"wp:attachment":[{"href":"https:\/\/www.aneme.pt\/site\/wp-json\/wp\/v2\/media?parent=13888"}],"curies":[{"name":"wp","href":"https:\/\/api.w.org\/{rel}","templated":true}]}}