{"id":14017,"date":"2018-02-06T10:02:42","date_gmt":"2018-02-06T10:02:42","guid":{"rendered":"https:\/\/www.aneme.pt\/site\/bulletin\/"},"modified":"2018-04-18T12:43:14","modified_gmt":"2018-04-18T11:43:14","slug":"bulletin","status":"publish","type":"page","link":"https:\/\/www.aneme.pt\/site\/bulletin\/","title":{"rendered":"Bulletin"},"content":{"rendered":"<div class=\"fusion-fullwidth fullwidth-box fusion-builder-row-1 nonhundred-percent-fullwidth non-hundred-percent-height-scrolling\" style=\"--awb-border-radius-top-left:0px;--awb-border-radius-top-right:0px;--awb-border-radius-bottom-right:0px;--awb-border-radius-bottom-left:0px;--awb-flex-wrap:wrap;\" ><div class=\"fusion-builder-row fusion-row\"><div class=\"fusion-layout-column fusion_builder_column fusion-builder-column-0 fusion_builder_column_1_1 1_1 fusion-one-full fusion-column-first fusion-column-last\" style=\"--awb-bg-size:cover;\"><div class=\"fusion-column-wrapper fusion-flex-column-wrapper-legacy\"><div class=\"fusion-flip-boxes flip-boxes row fusion-columns-3 flip-effect-classic\"><div class=\"fusion-flip-box-wrapper fusion-column col-lg-4 col-md-4 col-sm-4\"><div class=\"fusion-flip-box flip-right\" tabindex=\"0\"><div class=\"flip-box-inner-wrapper\"><div class=\"flip-box-front\" style=\"--awb-text-front-color:#fcfcfc;\"><div class=\"flip-box-front-inner\"><h2 class=\"flip-box-heading without-text\">Bulletin - ANEME informs - March, N\u00ba 156<\/h2><\/div><\/div><div class=\"flip-box-back\" style=\"--awb-background-color-back:#ff8000;\"><div class=\"flip-box-back-inner\"><h3 class=\"flip-box-heading-back\">See the Bulletin!<\/h3>\n<p><a href=\"https:\/\/www.aneme.pt\/site\/wp-content\/uploads\/2018\/04\/Boletim156_mar\u00e7o_copy_copy.pdf\" target=\"_blank\" rel=\"noopener\">Visualise<\/a><\/p>\n<\/div><\/div><\/div><\/div><\/div><div class=\"fusion-flip-box-wrapper fusion-column col-lg-4 col-md-4 col-sm-4\"><div class=\"fusion-flip-box flip-right\" tabindex=\"0\"><div class=\"flip-box-inner-wrapper\"><div class=\"flip-box-front\" style=\"--awb-text-front-color:#fcfcfc;\"><div class=\"flip-box-front-inner\"><h2 class=\"flip-box-heading without-text\">Bulletin - ANEME informs - February, N\u00ba 155<\/h2><\/div><\/div><div class=\"flip-box-back\" style=\"--awb-background-color-back:#ff8000;\"><div class=\"flip-box-back-inner\"><h3 class=\"flip-box-heading-back\">See the Bulletin!<\/h3>\n<p><a href=\"https:\/\/www.aneme.pt\/site\/wp-content\/uploads\/2018\/03\/Boletim_155_fevereiro.pdf\" target=\"_blank\" rel=\"noopener\">Visualise<\/a><\/p>\n<\/div><\/div><\/div><\/div><\/div><div class=\"fusion-flip-box-wrapper fusion-column col-lg-4 col-md-4 col-sm-4\"><div class=\"fusion-flip-box flip-right\" tabindex=\"0\"><div class=\"flip-box-inner-wrapper\"><div class=\"flip-box-front\" style=\"--awb-text-front-color:#fcfcfc;\"><div class=\"flip-box-front-inner\"><h2 class=\"flip-box-heading without-text\">Bulletin - ANEME informs - January, N\u00ba 154<\/h2><\/div><\/div><div class=\"flip-box-back\" style=\"--awb-background-color-back:#ff8000;\"><div class=\"flip-box-back-inner\"><h3 class=\"flip-box-heading-back\">See the Bulletin!<\/h3>\n<p><a href=\"https:\/\/www.aneme.pt\/site\/wp-content\/uploads\/2018\/02\/boletim154.pdf\" target=\"_blank\" rel=\"noopener\">Visualise<\/a><\/p>\n<\/div><\/div><\/div><\/div><\/div><div class=\"fusion-flip-box-wrapper fusion-column col-lg-4 col-md-4 col-sm-4\"><div class=\"fusion-flip-box flip-right\" tabindex=\"0\"><div class=\"flip-box-inner-wrapper\"><div class=\"flip-box-front\"><div class=\"flip-box-front-inner\"><h2 class=\"flip-box-heading without-text\">Bulletin - ANEME informs - December, N\u00ba 153<\/h2><\/div><\/div><div class=\"flip-box-back\" style=\"--awb-background-color-back:#ff8000;\"><div class=\"flip-box-back-inner\"><h3 class=\"flip-box-heading-back\">See the Bulletin!<\/h3>\n<p><a href=\"https:\/\/www.aneme.pt\/site\/wp-content\/uploads\/2018\/02\/Boletim153.jpg\" target=\"_blank\" rel=\"noopener\">Visualise<\/a><\/p>\n<\/div><\/div><\/div><\/div><\/div><div class=\"fusion-flip-box-wrapper fusion-column col-lg-4 col-md-4 col-sm-4\"><div class=\"fusion-flip-box flip-right\" tabindex=\"0\"><div class=\"flip-box-inner-wrapper\"><div class=\"flip-box-front\"><div class=\"flip-box-front-inner\"><h2 class=\"flip-box-heading without-text\">Bulletin - ANEME informs - November, N\u00ba 152<\/h2><\/div><\/div><div class=\"flip-box-back\" style=\"--awb-background-color-back:#ff8000;\"><div class=\"flip-box-back-inner\"><h3 class=\"flip-box-heading-back\">See the Bulletin!<\/h3>\n<p><a href=\"https:\/\/www.aneme.pt\/site\/wp-content\/uploads\/2018\/04\/Boletim_Novembro_copy_copy_copy.pdf\" target=\"_blank\" rel=\"noopener\">Visualise<\/a><\/p>\n<\/div><\/div><\/div><\/div><\/div><div class=\"fusion-flip-box-wrapper fusion-column col-lg-4 col-md-4 col-sm-4\"><div class=\"fusion-flip-box flip-right\" tabindex=\"0\"><div class=\"flip-box-inner-wrapper\"><div class=\"flip-box-front\"><div class=\"flip-box-front-inner\"><h2 class=\"flip-box-heading without-text\">Bulletin - ANEME informs - October, N\u00ba 151<\/h2><\/div><\/div><div class=\"flip-box-back\" style=\"--awb-background-color-back:#ff8000;\"><div class=\"flip-box-back-inner\"><h3 class=\"flip-box-heading-back\">See the Bulletin!<\/h3>\n<p><a href=\"https:\/\/www.aneme.pt\/site\/wp-content\/uploads\/2018\/04\/Boletim_Outubro151_copy_copy_copy_copy_copy_copy.pdf\" target=\"_blank\" rel=\"noopener\">Visualise<\/a><\/p>\n<\/div><\/div><\/div><\/div><\/div><div class=\"fusion-flip-box-wrapper fusion-column col-lg-4 col-md-4 col-sm-4\"><div class=\"fusion-flip-box flip-right\" tabindex=\"0\"><div class=\"flip-box-inner-wrapper\"><div class=\"flip-box-front\"><div class=\"flip-box-front-inner\"><h2 class=\"flip-box-heading without-text\">Bulletin - ANEME informs - September, N\u00ba 150<\/h2><\/div><\/div><div class=\"flip-box-back\" style=\"--awb-background-color-back:#ff8000;\"><div class=\"flip-box-back-inner\"><h3 class=\"flip-box-heading-back\">See the Bulletin!<\/h3>\n<p><a href=\"https:\/\/www.aneme.pt\/site\/wp-content\/uploads\/2018\/04\/Boletim150_Setembro_copy_copy_copy.pdf\" target=\"_blank\" rel=\"noopener\">Visualise<\/a><\/p>\n<\/div><\/div><\/div><\/div><\/div><div class=\"fusion-flip-box-wrapper fusion-column col-lg-4 col-md-4 col-sm-4\"><div class=\"fusion-flip-box flip-right\" tabindex=\"0\"><div class=\"flip-box-inner-wrapper\"><div class=\"flip-box-front\"><div class=\"flip-box-front-inner\"><h2 class=\"flip-box-heading without-text\">Bulletin - ANEME informs - August, N\u00ba 149<\/h2><\/div><\/div><div class=\"flip-box-back\" style=\"--awb-background-color-back:#ff8000;\"><div class=\"flip-box-back-inner\"><h3 class=\"flip-box-heading-back\">See the Bulletin!<\/h3>\n<p><a href=\"https:\/\/www.aneme.pt\/site\/wp-content\/uploads\/2018\/04\/Boletim_Agosto_149.pdf\" target=\"_blank\" rel=\"noopener\">Visualise<\/a><\/p>\n<\/div><\/div><\/div><\/div><\/div><div class=\"fusion-flip-box-wrapper fusion-column col-lg-4 col-md-4 col-sm-4\"><div class=\"fusion-flip-box flip-right\" tabindex=\"0\"><div class=\"flip-box-inner-wrapper\"><div class=\"flip-box-front\"><div class=\"flip-box-front-inner\"><h2 class=\"flip-box-heading without-text\">Bulletin - ANEME informs - July, N\u00ba 148<\/h2><\/div><\/div><div class=\"flip-box-back\" style=\"--awb-background-color-back:#ff8000;\"><div class=\"flip-box-back-inner\"><h3 class=\"flip-box-heading-back\">See the Bulletin!<\/h3>\n<p><a href=\"https:\/\/www.aneme.pt\/site\/wp-content\/uploads\/2018\/04\/Boletim_Julho_148.pdf\" target=\"_blank\" rel=\"noopener\">Visualise<\/a><\/p>\n<\/div><\/div><\/div><\/div><\/div><div class=\"fusion-flip-box-wrapper fusion-column col-lg-4 col-md-4 col-sm-4\"><div class=\"fusion-flip-box flip-right\" tabindex=\"0\"><div class=\"flip-box-inner-wrapper\"><div class=\"flip-box-front\"><div class=\"flip-box-front-inner\"><h2 class=\"flip-box-heading without-text\">Bulletin - ANEME informs - June, N\u00ba 147<\/h2><\/div><\/div><div class=\"flip-box-back\" style=\"--awb-background-color-back:#ff8000;\"><div class=\"flip-box-back-inner\"><h3 class=\"flip-box-heading-back\">See the Bulletin!<\/h3>\n<p><a href=\"https:\/\/www.aneme.pt\/site\/wp-content\/uploads\/2018\/04\/Boletim_147_Junho_copy_copy_copy.pdf\" target=\"_blank\" rel=\"noopener\">Visualise<\/a><\/p>\n<\/div><\/div><\/div><\/div><\/div><div class=\"fusion-flip-box-wrapper fusion-column col-lg-4 col-md-4 col-sm-4\"><div class=\"fusion-flip-box flip-right\" tabindex=\"0\"><div class=\"flip-box-inner-wrapper\"><div class=\"flip-box-front\"><div class=\"flip-box-front-inner\"><h2 class=\"flip-box-heading without-text\">Bulletin - ANEME informs - May, N\u00ba 146<\/h2><\/div><\/div><div class=\"flip-box-back\" style=\"--awb-background-color-back:#ff8000;\"><div class=\"flip-box-back-inner\"><h3 class=\"flip-box-heading-back\">See the Bulletin!<\/h3>\n<p><a href=\"https:\/\/www.aneme.pt\/site\/wp-content\/uploads\/2018\/02\/boletim146.pdf\" target=\"_blank\" rel=\"noopener\">Visualise<\/a><\/p>\n<\/div><\/div><\/div><\/div><\/div><div class=\"fusion-flip-box-wrapper fusion-column col-lg-4 col-md-4 col-sm-4\"><div class=\"fusion-flip-box flip-right\" tabindex=\"0\"><div class=\"flip-box-inner-wrapper\"><div class=\"flip-box-front\"><div class=\"flip-box-front-inner\"><h2 class=\"flip-box-heading without-text\">Bulletin - ANEME informs - April, N\u00ba 145<\/h2><\/div><\/div><div class=\"flip-box-back\" style=\"--awb-background-color-back:#ff8000;\"><div class=\"flip-box-back-inner\"><h3 class=\"flip-box-heading-back\">See the Bulletin!<\/h3>\n<p><a href=\"https:\/\/www.aneme.pt\/site\/wp-content\/uploads\/2018\/02\/boletim145.pdf\" target=\"_blank\" rel=\"noopener\">Visualise<\/a><\/p>\n<\/div><\/div><\/div><\/div><\/div><div class=\"fusion-flip-box-wrapper fusion-column col-lg-4 col-md-4 col-sm-4\"><div class=\"fusion-flip-box flip-right\" tabindex=\"0\"><div class=\"flip-box-inner-wrapper\"><div class=\"flip-box-front\"><div class=\"flip-box-front-inner\"><h2 class=\"flip-box-heading without-text\">Bulletin - ANEME informs - March, N\u00ba 144<\/h2><\/div><\/div><div class=\"flip-box-back\" style=\"--awb-background-color-back:#ff8000;\"><div class=\"flip-box-back-inner\"><h3 class=\"flip-box-heading-back\">See the Bulletin!<\/h3>\n<p><a href=\"https:\/\/www.aneme.pt\/site\/wp-content\/uploads\/2018\/02\/boletim144.pdf\" target=\"_blank\" rel=\"noopener\">Visualise<\/a><\/p>\n<\/div><\/div><\/div><\/div><\/div><div class=\"fusion-flip-box-wrapper fusion-column col-lg-4 col-md-4 col-sm-4\"><div class=\"fusion-flip-box flip-right\" tabindex=\"0\"><div class=\"flip-box-inner-wrapper\"><div class=\"flip-box-front\"><div class=\"flip-box-front-inner\"><h2 class=\"flip-box-heading without-text\">Bulletin - ANEME informs - February, N\u00ba 143<\/h2><\/div><\/div><div class=\"flip-box-back\" style=\"--awb-background-color-back:#ff8000;\"><div class=\"flip-box-back-inner\"><h3 class=\"flip-box-heading-back\">See the Bulletin!<\/h3>\n<p><a href=\"https:\/\/www.aneme.pt\/site\/wp-content\/uploads\/2018\/02\/boletim143.pdf\" target=\"_blank\" rel=\"noopener\">Visualise<\/a><\/p>\n<\/div><\/div><\/div><\/div><\/div><div class=\"fusion-flip-box-wrapper fusion-column col-lg-4 col-md-4 col-sm-4\"><div class=\"fusion-flip-box flip-right\" tabindex=\"0\"><div class=\"flip-box-inner-wrapper\"><div class=\"flip-box-front\"><div class=\"flip-box-front-inner\"><h2 class=\"flip-box-heading without-text\">Bulletin - ANEME informs - January, N\u00ba 142<\/h2><\/div><\/div><div class=\"flip-box-back\" style=\"--awb-background-color-back:#ff8000;\"><div class=\"flip-box-back-inner\"><h3 class=\"flip-box-heading-back\">See the Bulletin!<\/h3>\n<p><a href=\"https:\/\/www.aneme.pt\/site\/wp-content\/uploads\/2018\/02\/boletim142.pdf\" target=\"_blank\" rel=\"noopener\">Visualise<\/a><\/p>\n<\/div><\/div><\/div><\/div><\/div><div class=\"fusion-flip-box-wrapper fusion-column col-lg-4 col-md-4 col-sm-4\"><div class=\"fusion-flip-box flip-right\" tabindex=\"0\"><div class=\"flip-box-inner-wrapper\"><div class=\"flip-box-front\"><div class=\"flip-box-front-inner\"><h2 class=\"flip-box-heading without-text\">Bulletin - ANEME informs - December, N\u00ba 141<\/h2><\/div><\/div><div class=\"flip-box-back\" style=\"--awb-background-color-back:#ff8000;\"><div class=\"flip-box-back-inner\"><h3 class=\"flip-box-heading-back\">See the Bulletin!<\/h3>\n<p><a href=\"https:\/\/www.aneme.pt\/site\/wp-content\/uploads\/2018\/02\/boletim141.pdf\" target=\"_blank\" rel=\"noopener\">Visualise<\/a><\/p>\n<\/div><\/div><\/div><\/div><\/div><div class=\"fusion-flip-box-wrapper fusion-column col-lg-4 col-md-4 col-sm-4\"><div class=\"fusion-flip-box flip-right\" tabindex=\"0\"><div class=\"flip-box-inner-wrapper\"><div class=\"flip-box-front\"><div class=\"flip-box-front-inner\"><h2 class=\"flip-box-heading without-text\">Bulletin - ANEME informs - November, N\u00ba 140<\/h2><\/div><\/div><div class=\"flip-box-back\" style=\"--awb-background-color-back:#ff8000;\"><div class=\"flip-box-back-inner\"><h3 class=\"flip-box-heading-back\">See the Bulletin!<\/h3>\n<p><a href=\"https:\/\/www.aneme.pt\/site\/wp-content\/uploads\/2018\/02\/boletim140.pdf\" target=\"_blank\" rel=\"noopener\">Visualise<\/a><\/p>\n<\/div><\/div><\/div><\/div><\/div><div class=\"fusion-flip-box-wrapper fusion-column col-lg-4 col-md-4 col-sm-4\"><div class=\"fusion-flip-box flip-right\" tabindex=\"0\"><div class=\"flip-box-inner-wrapper\"><div class=\"flip-box-front\"><div class=\"flip-box-front-inner\"><h2 class=\"flip-box-heading without-text\">Bulletin - ANEME informs - October, N\u00ba 139<\/h2><\/div><\/div><div class=\"flip-box-back\" style=\"--awb-background-color-back:#ff8000;\"><div class=\"flip-box-back-inner\"><h3 class=\"flip-box-heading-back\">See the Bulletin!<\/h3>\n<p><a href=\"https:\/\/www.aneme.pt\/site\/wp-content\/uploads\/2018\/02\/boletim139.pdf\">Visualise<\/a><\/p>\n<\/div><\/div><\/div><\/div><\/div><div class=\"fusion-flip-box-wrapper fusion-column col-lg-4 col-md-4 col-sm-4\"><div class=\"fusion-flip-box flip-right\" tabindex=\"0\"><div class=\"flip-box-inner-wrapper\"><div class=\"flip-box-front\"><div class=\"flip-box-front-inner\"><h2 class=\"flip-box-heading without-text\">Bulletin - ANEME informs - September, N\u00ba 138<\/h2><\/div><\/div><div class=\"flip-box-back\" style=\"--awb-background-color-back:#ff8000;\"><div class=\"flip-box-back-inner\"><h3 class=\"flip-box-heading-back\">See the Bulletin!<\/h3>\n<p><a href=\"https:\/\/www.aneme.pt\/site\/wp-content\/uploads\/2018\/02\/boletim138.pdf\" target=\"_blank\" rel=\"noopener\">Visualise<\/a><\/p>\n<\/div><\/div><\/div><\/div><\/div><div class=\"fusion-flip-box-wrapper fusion-column col-lg-4 col-md-4 col-sm-4\"><div class=\"fusion-flip-box flip-right\" tabindex=\"0\"><div class=\"flip-box-inner-wrapper\"><div class=\"flip-box-front\"><div class=\"flip-box-front-inner\"><h2 class=\"flip-box-heading without-text\">Bulletin - ANEME informs - August, N\u00ba 137<\/h2><\/div><\/div><div class=\"flip-box-back\" style=\"--awb-background-color-back:#ff8000;\"><div class=\"flip-box-back-inner\"><h3 class=\"flip-box-heading-back\">See the Bulletin!<\/h3>\n<p><a href=\"https:\/\/www.aneme.pt\/site\/wp-content\/uploads\/2018\/02\/boletim137.pdf\" target=\"_blank\" rel=\"noopener\">Visualise<\/a><\/p>\n<\/div><\/div><\/div><\/div><\/div><div class=\"fusion-flip-box-wrapper fusion-column col-lg-4 col-md-4 col-sm-4\"><div class=\"fusion-flip-box flip-right\" tabindex=\"0\"><div class=\"flip-box-inner-wrapper\"><div class=\"flip-box-front\"><div class=\"flip-box-front-inner\"><h2 class=\"flip-box-heading without-text\">Bulletin - ANEME informs - July, N\u00ba 136<\/h2><\/div><\/div><div class=\"flip-box-back\" style=\"--awb-background-color-back:#ff8000;\"><div class=\"flip-box-back-inner\"><h3 class=\"flip-box-heading-back\">See the Bulletin!<\/h3>\n<p><a href=\"https:\/\/www.aneme.pt\/site\/wp-content\/uploads\/2018\/02\/boletim136.pdf\" target=\"_blank\" rel=\"noopener\">Visualise<\/a><\/p>\n<\/div><\/div><\/div><\/div><\/div><div class=\"fusion-flip-box-wrapper fusion-column col-lg-4 col-md-4 col-sm-4\"><div class=\"fusion-flip-box flip-right\" tabindex=\"0\"><div class=\"flip-box-inner-wrapper\"><div class=\"flip-box-front\"><div class=\"flip-box-front-inner\"><h2 class=\"flip-box-heading without-text\">Bulletin - ANEME informs - June, N\u00ba 135<\/h2><\/div><\/div><div class=\"flip-box-back\" style=\"--awb-background-color-back:#ff8000;\"><div class=\"flip-box-back-inner\"><h3 class=\"flip-box-heading-back\">See the Bulletin!<\/h3>\n<p><a href=\"https:\/\/www.aneme.pt\/site\/wp-content\/uploads\/2018\/02\/boletim135.pdf\" target=\"_blank\" rel=\"noopener\">Visualise<\/a><\/p>\n<\/div><\/div><\/div><\/div><\/div><div class=\"fusion-flip-box-wrapper fusion-column col-lg-4 col-md-4 col-sm-4\"><div class=\"fusion-flip-box flip-right\" tabindex=\"0\"><div class=\"flip-box-inner-wrapper\"><div class=\"flip-box-front\"><div class=\"flip-box-front-inner\"><h2 class=\"flip-box-heading without-text\">Bulletin - ANEME informs - May, N\u00ba 134<\/h2><\/div><\/div><div class=\"flip-box-back\" style=\"--awb-background-color-back:#ff8000;\"><div class=\"flip-box-back-inner\"><h3 class=\"flip-box-heading-back\">See the Bulletin!<\/h3>\n<p><a href=\"https:\/\/www.aneme.pt\/site\/wp-content\/uploads\/2018\/02\/boletim134.pdf\" target=\"_blank\" rel=\"noopener\">Visualise<\/a><\/p>\n<\/div><\/div><\/div><\/div><\/div><div class=\"fusion-flip-box-wrapper fusion-column col-lg-4 col-md-4 col-sm-4\"><div class=\"fusion-flip-box flip-right\" tabindex=\"0\"><div class=\"flip-box-inner-wrapper\"><div class=\"flip-box-front\"><div class=\"flip-box-front-inner\"><h2 class=\"flip-box-heading without-text\">Bulletin - ANEME informs - April, N\u00ba 133<\/h2><\/div><\/div><div class=\"flip-box-back\" style=\"--awb-background-color-back:#ff8000;\"><div class=\"flip-box-back-inner\"><h3 class=\"flip-box-heading-back\">See the Bulletin!<\/h3>\n<p><a href=\"https:\/\/www.aneme.pt\/site\/wp-content\/uploads\/2018\/02\/boletim133.pdf\" target=\"_blank\" rel=\"noopener\">Visualise<\/a><\/p>\n<\/div><\/div><\/div><\/div><\/div><div class=\"fusion-flip-box-wrapper fusion-column col-lg-4 col-md-4 col-sm-4\"><div class=\"fusion-flip-box flip-right\" tabindex=\"0\"><div class=\"flip-box-inner-wrapper\"><div class=\"flip-box-front\"><div class=\"flip-box-front-inner\"><h2 class=\"flip-box-heading without-text\">Bulletin - ANEME informs - March, N\u00ba 132<\/h2><\/div><\/div><div class=\"flip-box-back\" style=\"--awb-background-color-back:#ff8000;\"><div class=\"flip-box-back-inner\"><h3 class=\"flip-box-heading-back\">See the Bulletin!<\/h3>\n<p><a href=\"https:\/\/www.aneme.pt\/site\/wp-content\/uploads\/2018\/02\/boletim132.pdf\" target=\"_blank\" rel=\"noopener\">Visualise<\/a><\/p>\n<\/div><\/div><\/div><\/div><\/div><div class=\"fusion-flip-box-wrapper fusion-column col-lg-4 col-md-4 col-sm-4\"><div class=\"fusion-flip-box flip-right\" tabindex=\"0\"><div class=\"flip-box-inner-wrapper\"><div class=\"flip-box-front\"><div class=\"flip-box-front-inner\"><h2 class=\"flip-box-heading without-text\">Bulletin - ANEME informs - February, N\u00ba 131<\/h2><\/div><\/div><div class=\"flip-box-back\" style=\"--awb-background-color-back:#ff8000;\"><div class=\"flip-box-back-inner\"><h3 class=\"flip-box-heading-back\">See the Bulletin!<\/h3>\n<p><a href=\"https:\/\/www.aneme.pt\/site\/wp-content\/uploads\/2018\/02\/boletim131.pdf\" target=\"_blank\" rel=\"noopener\">Visualise<\/a><\/p>\n<\/div><\/div><\/div><\/div><\/div><div class=\"fusion-flip-box-wrapper fusion-column col-lg-4 col-md-4 col-sm-4\"><div class=\"fusion-flip-box flip-right\" tabindex=\"0\"><div class=\"flip-box-inner-wrapper\"><div class=\"flip-box-front\"><div class=\"flip-box-front-inner\"><h2 class=\"flip-box-heading without-text\">Bulletin - ANEME informs - January, N\u00ba 130<\/h2><\/div><\/div><div class=\"flip-box-back\" style=\"--awb-background-color-back:#ff8000;\"><div class=\"flip-box-back-inner\"><h3 class=\"flip-box-heading-back\">Veja o Boletim !<\/h3>\n<p><a href=\"https:\/\/www.aneme.pt\/site\/wp-content\/uploads\/2018\/02\/boletim130.pdf\" target=\"_blank\" rel=\"noopener\">Visualise<\/a><\/p>\n<\/div><\/div><\/div><\/div><\/div><div class=\"fusion-flip-box-wrapper fusion-column col-lg-4 col-md-4 col-sm-4\"><div class=\"fusion-flip-box flip-right\" tabindex=\"0\"><div class=\"flip-box-inner-wrapper\"><div class=\"flip-box-front\"><div class=\"flip-box-front-inner\"><h2 class=\"flip-box-heading without-text\">Bulletin - ANEME informs - December, N\u00ba 129<\/h2><\/div><\/div><div class=\"flip-box-back\" style=\"--awb-background-color-back:#ff8000;\"><div class=\"flip-box-back-inner\"><h3 class=\"flip-box-heading-back\">See the Bulletin!<\/h3>\n<p><a href=\"https:\/\/www.aneme.pt\/site\/wp-content\/uploads\/2018\/02\/boletim129.pdf\" target=\"_blank\" rel=\"noopener\">Visualise<\/a><\/p>\n<\/div><\/div><\/div><\/div><\/div><\/div><div class=\"clearfix\"><\/div><div class=\"fusion-clearfix\"><\/div><\/div><\/div><\/div><\/div>\n","protected":false},"excerpt":{"rendered":"","protected":false},"author":800,"featured_media":0,"parent":0,"menu_order":0,"comment_status":"closed","ping_status":"closed","template":"","meta":{"_cbd_carousel_blocks":"[]","footnotes":""},"yoast_head":"<!-- This site is optimized with the Yoast SEO plugin v22.1 - https:\/\/yoast.com\/wordpress\/plugins\/seo\/ -->\n<title>Bulletin - ANEME<\/title>\n<meta name=\"robots\" content=\"index, follow, max-snippet:-1, max-image-preview:large, max-video-preview:-1\" \/>\n<link rel=\"canonical\" href=\"https:\/\/www.aneme.pt\/site\/bulletin\/?lang=en\" \/>\n<meta property=\"og:locale\" content=\"pt_PT\" \/>\n<meta property=\"og:type\" content=\"article\" \/>\n<meta property=\"og:title\" content=\"Bulletin - ANEME\" \/>\n<meta property=\"og:url\" content=\"https:\/\/www.aneme.pt\/site\/bulletin\/?lang=en\" \/>\n<meta property=\"og:site_name\" content=\"ANEME\" \/>\n<meta property=\"article:modified_time\" content=\"2018-04-18T11:43:14+00:00\" \/>\n<meta name=\"twitter:card\" content=\"summary_large_image\" \/>\n<meta name=\"twitter:label1\" content=\"Tempo estimado de leitura\" \/>\n\t<meta name=\"twitter:data1\" content=\"12 minutos\" \/>\n<script type=\"application\/ld+json\" class=\"yoast-schema-graph\">{\"@context\":\"https:\/\/schema.org\",\"@graph\":[{\"@type\":\"WebPage\",\"@id\":\"https:\/\/www.aneme.pt\/site\/bulletin\/?lang=en\",\"url\":\"https:\/\/www.aneme.pt\/site\/bulletin\/?lang=en\",\"name\":\"Bulletin - ANEME\",\"isPartOf\":{\"@id\":\"https:\/\/www.aneme.pt\/site\/?lang=en\/#website\"},\"datePublished\":\"2018-02-06T10:02:42+00:00\",\"dateModified\":\"2018-04-18T11:43:14+00:00\",\"breadcrumb\":{\"@id\":\"https:\/\/www.aneme.pt\/site\/bulletin\/?lang=en#breadcrumb\"},\"inLanguage\":\"pt-PT\",\"potentialAction\":[{\"@type\":\"ReadAction\",\"target\":[\"https:\/\/www.aneme.pt\/site\/bulletin\/?lang=en\"]}]},{\"@type\":\"BreadcrumbList\",\"@id\":\"https:\/\/www.aneme.pt\/site\/bulletin\/?lang=en#breadcrumb\",\"itemListElement\":[{\"@type\":\"ListItem\",\"position\":1,\"name\":\"In\u00edcio\",\"item\":\"https:\/\/www.aneme.pt\/site\/\"},{\"@type\":\"ListItem\",\"position\":2,\"name\":\"Bulletin\"}]},{\"@type\":\"WebSite\",\"@id\":\"https:\/\/www.aneme.pt\/site\/?lang=en\/#website\",\"url\":\"https:\/\/www.aneme.pt\/site\/?lang=en\/\",\"name\":\"ANEME\",\"description\":\"Associa\u00e7\u00e3o Nacional das Empresas Metal\u00fargicas e Electromec\u00e2nicas\",\"potentialAction\":[{\"@type\":\"SearchAction\",\"target\":{\"@type\":\"EntryPoint\",\"urlTemplate\":\"https:\/\/www.aneme.pt\/site\/?lang=en\/?s={search_term_string}\"},\"query-input\":\"required name=search_term_string\"}],\"inLanguage\":\"pt-PT\"}]}<\/script>\n<!-- \/ Yoast SEO plugin. -->","yoast_head_json":{"title":"Bulletin - ANEME","robots":{"index":"index","follow":"follow","max-snippet":"max-snippet:-1","max-image-preview":"max-image-preview:large","max-video-preview":"max-video-preview:-1"},"canonical":"https:\/\/www.aneme.pt\/site\/bulletin\/?lang=en","og_locale":"pt_PT","og_type":"article","og_title":"Bulletin - ANEME","og_url":"https:\/\/www.aneme.pt\/site\/bulletin\/?lang=en","og_site_name":"ANEME","article_modified_time":"2018-04-18T11:43:14+00:00","twitter_card":"summary_large_image","twitter_misc":{"Tempo estimado de leitura":"12 minutos"},"schema":{"@context":"https:\/\/schema.org","@graph":[{"@type":"WebPage","@id":"https:\/\/www.aneme.pt\/site\/bulletin\/?lang=en","url":"https:\/\/www.aneme.pt\/site\/bulletin\/?lang=en","name":"Bulletin - ANEME","isPartOf":{"@id":"https:\/\/www.aneme.pt\/site\/?lang=en\/#website"},"datePublished":"2018-02-06T10:02:42+00:00","dateModified":"2018-04-18T11:43:14+00:00","breadcrumb":{"@id":"https:\/\/www.aneme.pt\/site\/bulletin\/?lang=en#breadcrumb"},"inLanguage":"pt-PT","potentialAction":[{"@type":"ReadAction","target":["https:\/\/www.aneme.pt\/site\/bulletin\/?lang=en"]}]},{"@type":"BreadcrumbList","@id":"https:\/\/www.aneme.pt\/site\/bulletin\/?lang=en#breadcrumb","itemListElement":[{"@type":"ListItem","position":1,"name":"In\u00edcio","item":"https:\/\/www.aneme.pt\/site\/"},{"@type":"ListItem","position":2,"name":"Bulletin"}]},{"@type":"WebSite","@id":"https:\/\/www.aneme.pt\/site\/?lang=en\/#website","url":"https:\/\/www.aneme.pt\/site\/?lang=en\/","name":"ANEME","description":"Associa\u00e7\u00e3o Nacional das Empresas Metal\u00fargicas e Electromec\u00e2nicas","potentialAction":[{"@type":"SearchAction","target":{"@type":"EntryPoint","urlTemplate":"https:\/\/www.aneme.pt\/site\/?lang=en\/?s={search_term_string}"},"query-input":"required name=search_term_string"}],"inLanguage":"pt-PT"}]}},"_links":{"self":[{"href":"https:\/\/www.aneme.pt\/site\/wp-json\/wp\/v2\/pages\/14017"}],"collection":[{"href":"https:\/\/www.aneme.pt\/site\/wp-json\/wp\/v2\/pages"}],"about":[{"href":"https:\/\/www.aneme.pt\/site\/wp-json\/wp\/v2\/types\/page"}],"author":[{"embeddable":true,"href":"https:\/\/www.aneme.pt\/site\/wp-json\/wp\/v2\/users\/800"}],"replies":[{"embeddable":true,"href":"https:\/\/www.aneme.pt\/site\/wp-json\/wp\/v2\/comments?post=14017"}],"version-history":[{"count":58,"href":"https:\/\/www.aneme.pt\/site\/wp-json\/wp\/v2\/pages\/14017\/revisions"}],"predecessor-version":[{"id":15811,"href":"https:\/\/www.aneme.pt\/site\/wp-json\/wp\/v2\/pages\/14017\/revisions\/15811"}],"wp:attachment":[{"href":"https:\/\/www.aneme.pt\/site\/wp-json\/wp\/v2\/media?parent=14017"}],"curies":[{"name":"wp","href":"https:\/\/api.w.org\/{rel}","templated":true}]}}