{"id":14371,"date":"2018-02-07T09:51:46","date_gmt":"2018-02-07T09:51:46","guid":{"rendered":"https:\/\/www.aneme.pt\/site\/login\/"},"modified":"2018-04-16T20:46:24","modified_gmt":"2018-04-16T20:46:24","slug":"login","status":"publish","type":"page","link":"https:\/\/www.aneme.pt\/site\/login\/","title":{"rendered":"Login"},"content":{"rendered":"<div id=\"wpmem_login\"><a id=\"login\"><\/a><form action=\"https:\/\/www.aneme.pt\/site\/login\/\" method=\"POST\" id=\"wpmem_login_form\" class=\"form\"><input type=\"hidden\" id=\"_wpmem_login_nonce\" name=\"_wpmem_login_nonce\" value=\"30e88c9a42\" \/><input type=\"hidden\" name=\"_wp_http_referer\" value=\"\/site\/wp-json\/wp\/v2\/pages\/14371\" \/><fieldset><legend>Existing Users Log In<\/legend><label for=\"log\">Email (Use your mission email address if applicable)<\/label><div class=\"div_text\"><input name=\"log\" type=\"text\" id=\"log\" value=\"\" class=\"username\" required  \/><\/div><label for=\"pwd\">Password<\/label><div class=\"div_text\"><input name=\"pwd\" type=\"password\" id=\"pwd\" class=\"password\" required  \/><\/div><input name=\"a\" type=\"hidden\" value=\"login\" \/><input name=\"redirect_to\" type=\"hidden\" value=\"https:\/\/www.aneme.pt\/site\/login\/\" \/><div class=\"button_div\"><input name=\"rememberme\" type=\"checkbox\" id=\"rememberme\" value=\"forever\" \/>&nbsp;<label for=\"rememberme\">Remember Me<\/label>&nbsp;&nbsp;<input type=\"submit\" name=\"Submit\" value=\"Log In\" class=\"buttons\" \/><\/div><div class=\"link-text\"><span class=\"link-text-forgot\">Esqueceu a password?&nbsp;<a href=\"https:\/\/www.aneme.pt\/site\/alteracao-de-password\/?a=pwdreset\">Clique aqui para reiniciar<\/a><\/span><\/div><div class=\"link-text\"><span class=\"link-text-register\">Novo utilizador?&nbsp;<a href=\"https:\/\/www.aneme.pt\/site\/pedido-de-registo\/\">Clique aqui para registar-se<\/a><\/span><\/div><\/fieldset><\/form><\/div>\n","protected":false},"excerpt":{"rendered":"","protected":false},"author":800,"featured_media":0,"parent":0,"menu_order":0,"comment_status":"closed","ping_status":"closed","template":"","meta":{"_cbd_carousel_blocks":"[]","footnotes":""},"yoast_head":"<!-- This site is optimized with the Yoast SEO plugin v22.1 - https:\/\/yoast.com\/wordpress\/plugins\/seo\/ -->\n<title>Login - ANEME<\/title>\n<meta name=\"robots\" content=\"index, follow, max-snippet:-1, max-image-preview:large, max-video-preview:-1\" \/>\n<link rel=\"canonical\" href=\"https:\/\/www.aneme.pt\/site\/login\/?lang=en\" \/>\n<meta property=\"og:locale\" content=\"pt_PT\" \/>\n<meta property=\"og:type\" content=\"article\" \/>\n<meta property=\"og:title\" content=\"Login - ANEME\" \/>\n<meta property=\"og:url\" content=\"https:\/\/www.aneme.pt\/site\/login\/?lang=en\" \/>\n<meta property=\"og:site_name\" content=\"ANEME\" \/>\n<meta property=\"article:modified_time\" content=\"2018-04-16T20:46:24+00:00\" \/>\n<meta name=\"twitter:card\" content=\"summary_large_image\" \/>\n<script type=\"application\/ld+json\" class=\"yoast-schema-graph\">{\"@context\":\"https:\/\/schema.org\",\"@graph\":[{\"@type\":\"WebPage\",\"@id\":\"https:\/\/www.aneme.pt\/site\/login\/?lang=en\",\"url\":\"https:\/\/www.aneme.pt\/site\/login\/?lang=en\",\"name\":\"Login - ANEME\",\"isPartOf\":{\"@id\":\"https:\/\/www.aneme.pt\/site\/?lang=en\/#website\"},\"datePublished\":\"2018-02-07T09:51:46+00:00\",\"dateModified\":\"2018-04-16T20:46:24+00:00\",\"breadcrumb\":{\"@id\":\"https:\/\/www.aneme.pt\/site\/login\/?lang=en#breadcrumb\"},\"inLanguage\":\"pt-PT\",\"potentialAction\":[{\"@type\":\"ReadAction\",\"target\":[\"https:\/\/www.aneme.pt\/site\/login\/?lang=en\"]}]},{\"@type\":\"BreadcrumbList\",\"@id\":\"https:\/\/www.aneme.pt\/site\/login\/?lang=en#breadcrumb\",\"itemListElement\":[{\"@type\":\"ListItem\",\"position\":1,\"name\":\"In\u00edcio\",\"item\":\"https:\/\/www.aneme.pt\/site\/\"},{\"@type\":\"ListItem\",\"position\":2,\"name\":\"Login\"}]},{\"@type\":\"WebSite\",\"@id\":\"https:\/\/www.aneme.pt\/site\/?lang=en\/#website\",\"url\":\"https:\/\/www.aneme.pt\/site\/?lang=en\/\",\"name\":\"ANEME\",\"description\":\"Associa\u00e7\u00e3o Nacional das Empresas Metal\u00fargicas e Electromec\u00e2nicas\",\"potentialAction\":[{\"@type\":\"SearchAction\",\"target\":{\"@type\":\"EntryPoint\",\"urlTemplate\":\"https:\/\/www.aneme.pt\/site\/?lang=en\/?s={search_term_string}\"},\"query-input\":\"required name=search_term_string\"}],\"inLanguage\":\"pt-PT\"}]}<\/script>\n<!-- \/ Yoast SEO plugin. -->","yoast_head_json":{"title":"Login - ANEME","robots":{"index":"index","follow":"follow","max-snippet":"max-snippet:-1","max-image-preview":"max-image-preview:large","max-video-preview":"max-video-preview:-1"},"canonical":"https:\/\/www.aneme.pt\/site\/login\/?lang=en","og_locale":"pt_PT","og_type":"article","og_title":"Login - ANEME","og_url":"https:\/\/www.aneme.pt\/site\/login\/?lang=en","og_site_name":"ANEME","article_modified_time":"2018-04-16T20:46:24+00:00","twitter_card":"summary_large_image","schema":{"@context":"https:\/\/schema.org","@graph":[{"@type":"WebPage","@id":"https:\/\/www.aneme.pt\/site\/login\/?lang=en","url":"https:\/\/www.aneme.pt\/site\/login\/?lang=en","name":"Login - ANEME","isPartOf":{"@id":"https:\/\/www.aneme.pt\/site\/?lang=en\/#website"},"datePublished":"2018-02-07T09:51:46+00:00","dateModified":"2018-04-16T20:46:24+00:00","breadcrumb":{"@id":"https:\/\/www.aneme.pt\/site\/login\/?lang=en#breadcrumb"},"inLanguage":"pt-PT","potentialAction":[{"@type":"ReadAction","target":["https:\/\/www.aneme.pt\/site\/login\/?lang=en"]}]},{"@type":"BreadcrumbList","@id":"https:\/\/www.aneme.pt\/site\/login\/?lang=en#breadcrumb","itemListElement":[{"@type":"ListItem","position":1,"name":"In\u00edcio","item":"https:\/\/www.aneme.pt\/site\/"},{"@type":"ListItem","position":2,"name":"Login"}]},{"@type":"WebSite","@id":"https:\/\/www.aneme.pt\/site\/?lang=en\/#website","url":"https:\/\/www.aneme.pt\/site\/?lang=en\/","name":"ANEME","description":"Associa\u00e7\u00e3o Nacional das Empresas Metal\u00fargicas e Electromec\u00e2nicas","potentialAction":[{"@type":"SearchAction","target":{"@type":"EntryPoint","urlTemplate":"https:\/\/www.aneme.pt\/site\/?lang=en\/?s={search_term_string}"},"query-input":"required name=search_term_string"}],"inLanguage":"pt-PT"}]}},"_links":{"self":[{"href":"https:\/\/www.aneme.pt\/site\/wp-json\/wp\/v2\/pages\/14371"}],"collection":[{"href":"https:\/\/www.aneme.pt\/site\/wp-json\/wp\/v2\/pages"}],"about":[{"href":"https:\/\/www.aneme.pt\/site\/wp-json\/wp\/v2\/types\/page"}],"author":[{"embeddable":true,"href":"https:\/\/www.aneme.pt\/site\/wp-json\/wp\/v2\/users\/800"}],"replies":[{"embeddable":true,"href":"https:\/\/www.aneme.pt\/site\/wp-json\/wp\/v2\/comments?post=14371"}],"version-history":[{"count":1,"href":"https:\/\/www.aneme.pt\/site\/wp-json\/wp\/v2\/pages\/14371\/revisions"}],"predecessor-version":[{"id":14374,"href":"https:\/\/www.aneme.pt\/site\/wp-json\/wp\/v2\/pages\/14371\/revisions\/14374"}],"wp:attachment":[{"href":"https:\/\/www.aneme.pt\/site\/wp-json\/wp\/v2\/media?parent=14371"}],"curies":[{"name":"wp","href":"https:\/\/api.w.org\/{rel}","templated":true}]}}