{"id":14964,"date":"2018-02-23T15:23:34","date_gmt":"2018-02-23T15:23:34","guid":{"rendered":"https:\/\/www.aneme.pt\/site\/publications-2\/"},"modified":"2018-02-23T15:23:34","modified_gmt":"2018-02-23T15:23:34","slug":"publications-2","status":"publish","type":"page","link":"https:\/\/www.aneme.pt\/site\/publications-2\/","title":{"rendered":"Publications"},"content":{"rendered":"<div class=\"fusion-fullwidth fullwidth-box fusion-builder-row-1 nonhundred-percent-fullwidth non-hundred-percent-height-scrolling\" style=\"--awb-border-radius-top-left:0px;--awb-border-radius-top-right:0px;--awb-border-radius-bottom-right:0px;--awb-border-radius-bottom-left:0px;--awb-flex-wrap:wrap;\" ><div class=\"fusion-builder-row fusion-row\"><div class=\"fusion-layout-column fusion_builder_column fusion-builder-column-0 fusion_builder_column_1_1 1_1 fusion-one-full fusion-column-first fusion-column-last\" style=\"--awb-padding-top:;--awb-padding-right:;--awb-padding-bottom:;--awb-padding-left:;--awb-bg-size:cover;\"><div class=\"fusion-column-wrapper fusion-flex-column-wrapper-legacy\"><div class=\"fusion-blog-shortcode fusion-blog-shortcode-1 fusion-blog-archive fusion-blog-layout-medium fusion-blog-pagination\"><div class=\"fusion-posts-container fusion-posts-container-pagination fusion-no-meta-info fusion-blog-rollover\" data-pages=\"3\"><article id=\"blog-1-post-22784\" class=\"fusion-post-medium post-22784 post type-post status-publish format-standard has-post-thumbnail hentry category-publicacoes\">\n\t<style type=\"text\/css\">\n\t\t\n\t\t\n\t\t\n\t\t\n\t\t\t<\/style>\n\n\n\t\t\t<div class=\"fusion-flexslider flexslider fusion-flexslider-loading fusion-post-slideshow\" style=\"\">\n\t\t<ul class=\"slides\">\n\t\t\t\n\t\t\t\t\t\t\t\t\t\t\t\t\t\t<li><div  class=\"fusion-image-wrapper fusion-image-size-fixed\" aria-haspopup=\"true\">\n\t\t\t\t<img decoding=\"async\" width=\"320\" height=\"202\" src=\"https:\/\/www.aneme.pt\/site\/wp-content\/uploads\/2021\/08\/Capa-CCT-1-320x202.png\" class=\"attachment-blog-medium size-blog-medium wp-post-image\" alt=\"\" \/><div class=\"fusion-rollover\">\n\t<div class=\"fusion-rollover-content\">\n\n\t\t\t\t\t\t\t\t\t\t\t\t\t\t<a class=\"fusion-rollover-link\" href=\"https:\/\/www.aneme.pt\/site\/2021\/08\/19\/contrato-coletivo-do-trabalho-cct-2024\/\">Contrato Coletivo de Trabalho 2025<\/a>\n\t\t\t\n\t\t\t\t\t\t\t\t\t\t\t\t\t\t\n\t\t\t\t\t\t\t\t\n\t\t\t\t\t\t\t\t\t\t\t\t\t<div class=\"fusion-rollover-sep\"><\/div>\n\t\t\t\t\n\t\t\t\t\t\t\t\t\t\t\t\t\t\t\t\t\t\t<a class=\"fusion-rollover-gallery\" href=\"https:\/\/www.aneme.pt\/site\/wp-content\/uploads\/2021\/08\/Capa-CCT-1.png\" data-id=\"22784\" data-rel=\"iLightbox[gallery]\" data-title=\"Capa CCT\" data-caption=\"\">\n\t\t\t\t\t\tGallery\t\t\t\t\t<\/a>\n\t\t\t\t\t\t\t\t\t\t\t\t\t\t\n\t\t\n\t\t\t\t\t\t\t\t\t\t\t\t<h4 class=\"fusion-rollover-title\">\n\t\t\t\t\t<a class=\"fusion-rollover-title-link\" href=\"https:\/\/www.aneme.pt\/site\/2021\/08\/19\/contrato-coletivo-do-trabalho-cct-2024\/\">\n\t\t\t\t\t\tContrato Coletivo de Trabalho 2025\t\t\t\t\t<\/a>\n\t\t\t\t<\/h4>\n\t\t\t\n\t\t\t\t\t\t\t\t\t\t<div class=\"fusion-rollover-categories\"><a href=\"https:\/\/www.aneme.pt\/site\/category\/publicacoes\/\" rel=\"tag\">Publica\u00e7\u00f5es<\/a><\/div>\t\t\t\t\t\n\t\t\n\t\t\t\t\t\t<a class=\"fusion-link-wrapper\" href=\"https:\/\/www.aneme.pt\/site\/2021\/08\/19\/contrato-coletivo-do-trabalho-cct-2024\/\" aria-label=\"Contrato Coletivo de Trabalho 2025\"><\/a>\n\t<\/div>\n<\/div>\n<\/div>\n<\/li>\n\t\t\t\n\t\t\t\n\t\t\t\t\t\t\t\t\t\t\t\t\t\t\t\t\t\t\t\t\t\t\t\t\t\t\t\t\t\t\t\t\t\t\t\t\t\t\t\t\t\t\t\t\t\t\t\t\t\t\t\t\t\t\t\t\t\t\t\t\t\t\t\t\t\t\t\t<\/ul>\n\t<\/div>\n\t<div class=\"fusion-post-content post-content\"><h2 class=\"blog-shortcode-post-title entry-title\"><a href=\"https:\/\/www.aneme.pt\/site\/2021\/08\/19\/contrato-coletivo-do-trabalho-cct-2024\/\">Contrato Coletivo de Trabalho 2025<\/a><\/h2><div class=\"fusion-post-content-container\"><p> Ver CCT 2025    <\/p><\/div><\/div><div class=\"fusion-clearfix\"><\/div><\/article>\n<article id=\"blog-1-post-21174\" class=\"fusion-post-medium post-21174 post type-post status-publish format-standard has-post-thumbnail hentry category-publicacoes\">\n\t<style type=\"text\/css\">\n\t\t\n\t\t\n\t\t\n\t\t\n\t\t\t<\/style>\n\n\n\t\t\t<div class=\"fusion-flexslider flexslider fusion-flexslider-loading fusion-post-slideshow\" style=\"\">\n\t\t<ul class=\"slides\">\n\t\t\t\n\t\t\t\t\t\t\t\t\t\t\t\t\t\t<li><div  class=\"fusion-image-wrapper fusion-image-size-fixed\" aria-haspopup=\"true\">\n\t\t\t\t<img decoding=\"async\" width=\"320\" height=\"202\" src=\"https:\/\/www.aneme.pt\/site\/wp-content\/uploads\/2020\/06\/13-320x202.jpg\" class=\"attachment-blog-medium size-blog-medium wp-post-image\" alt=\"\" srcset=\"https:\/\/www.aneme.pt\/site\/wp-content\/uploads\/2020\/06\/13-320x202.jpg 320w, https:\/\/www.aneme.pt\/site\/wp-content\/uploads\/2020\/06\/13-460x289.jpg 460w\" sizes=\"(max-width: 320px) 100vw, 320px\" \/><div class=\"fusion-rollover\">\n\t<div class=\"fusion-rollover-content\">\n\n\t\t\t\t\t\t\t\t\t\t\t\t\t\t<a class=\"fusion-rollover-link\" href=\"https:\/\/www.aneme.pt\/site\/2020\/06\/18\/financas-para-a-exportacao-e-internacionalizacao-guia-de-boas-praticas\/\">Finan\u00e7as para a Exporta\u00e7\u00e3o e Internacionaliza\u00e7\u00e3o Guia de Boas Pr\u00e1ticas<\/a>\n\t\t\t\n\t\t\t\t\t\t\t\t\t\t\t\t\t\t\n\t\t\t\t\t\t\t\t\n\t\t\t\t\t\t\t\t\t\t\t\t\t<div class=\"fusion-rollover-sep\"><\/div>\n\t\t\t\t\n\t\t\t\t\t\t\t\t\t\t\t\t\t\t\t\t\t\t<a class=\"fusion-rollover-gallery\" href=\"https:\/\/www.aneme.pt\/site\/wp-content\/uploads\/2020\/06\/13.jpg\" data-id=\"21174\" data-rel=\"iLightbox[gallery]\" data-title=\"13\" data-caption=\"\">\n\t\t\t\t\t\tGallery\t\t\t\t\t<\/a>\n\t\t\t\t\t\t\t\t\t\t\t\t\t\t\n\t\t\n\t\t\t\t\t\t\t\t\t\t\t\t<h4 class=\"fusion-rollover-title\">\n\t\t\t\t\t<a class=\"fusion-rollover-title-link\" href=\"https:\/\/www.aneme.pt\/site\/2020\/06\/18\/financas-para-a-exportacao-e-internacionalizacao-guia-de-boas-praticas\/\">\n\t\t\t\t\t\tFinan\u00e7as para a Exporta\u00e7\u00e3o e Internacionaliza\u00e7\u00e3o Guia de Boas Pr\u00e1ticas\t\t\t\t\t<\/a>\n\t\t\t\t<\/h4>\n\t\t\t\n\t\t\t\t\t\t\t\t\t\t<div class=\"fusion-rollover-categories\"><a href=\"https:\/\/www.aneme.pt\/site\/category\/publicacoes\/\" rel=\"tag\">Publica\u00e7\u00f5es<\/a><\/div>\t\t\t\t\t\n\t\t\n\t\t\t\t\t\t<a class=\"fusion-link-wrapper\" href=\"https:\/\/www.aneme.pt\/site\/2020\/06\/18\/financas-para-a-exportacao-e-internacionalizacao-guia-de-boas-praticas\/\" aria-label=\"Finan\u00e7as para a Exporta\u00e7\u00e3o e Internacionaliza\u00e7\u00e3o Guia de Boas Pr\u00e1ticas\"><\/a>\n\t<\/div>\n<\/div>\n<\/div>\n<\/li>\n\t\t\t\n\t\t\t\n\t\t\t\t\t\t\t\t\t\t\t\t\t\t\t\t\t\t\t\t\t\t\t\t\t\t\t\t\t\t\t\t\t\t\t\t\t\t\t\t\t\t\t\t\t\t\t\t\t\t\t\t\t\t\t\t\t\t\t\t\t\t\t\t\t\t\t\t<\/ul>\n\t<\/div>\n\t<div class=\"fusion-post-content post-content\"><h2 class=\"blog-shortcode-post-title entry-title\"><a href=\"https:\/\/www.aneme.pt\/site\/2020\/06\/18\/financas-para-a-exportacao-e-internacionalizacao-guia-de-boas-praticas\/\">Finan\u00e7as para a Exporta\u00e7\u00e3o e Internacionaliza\u00e7\u00e3o Guia de Boas Pr\u00e1ticas<\/a><\/h2><div class=\"fusion-post-content-container\"><p>Guia de boas pr\u00e1ticas<\/p><\/div><\/div><div class=\"fusion-clearfix\"><\/div><\/article>\n<article id=\"blog-1-post-16557\" class=\"fusion-post-medium post-16557 post type-post status-publish format-standard has-post-thumbnail hentry category-publicacoes\">\n\t<style type=\"text\/css\">\n\t\t\n\t\t\n\t\t\n\t\t\n\t\t\t<\/style>\n\n\n\t\t\t<div class=\"fusion-flexslider flexslider fusion-flexslider-loading fusion-post-slideshow\" style=\"\">\n\t\t<ul class=\"slides\">\n\t\t\t\n\t\t\t\t\t\t\t\t\t\t\t\t\t\t<li><div  class=\"fusion-image-wrapper fusion-image-size-fixed\" aria-haspopup=\"true\">\n\t\t\t\t<img decoding=\"async\" width=\"320\" height=\"202\" src=\"https:\/\/www.aneme.pt\/site\/wp-content\/uploads\/2018\/09\/Gui\u00e3o-320x202.jpg\" class=\"attachment-blog-medium size-blog-medium wp-post-image\" alt=\"\" \/><div class=\"fusion-rollover\">\n\t<div class=\"fusion-rollover-content\">\n\n\t\t\t\t\t\t\t\t\t\t\t\t\t\t<a class=\"fusion-rollover-link\" href=\"https:\/\/www.aneme.pt\/site\/2018\/09\/03\/guiao-melhores-praticas-e-estrategias-empresariais-para-abordagem-dos-mercados-da-cplp\/\">Gui\u00e3o &#8211; Melhores Pr\u00e1ticas e Estrat\u00e9gias Empresariais para Abordagem dos Mercados da CPLP<\/a>\n\t\t\t\n\t\t\t\t\t\t\t\t\t\t\t\t\t\t\n\t\t\t\t\t\t\t\t\n\t\t\t\t\t\t\t\t\t\t\t\t\t<div class=\"fusion-rollover-sep\"><\/div>\n\t\t\t\t\n\t\t\t\t\t\t\t\t\t\t\t\t\t\t\t\t\t\t<a class=\"fusion-rollover-gallery\" href=\"https:\/\/www.aneme.pt\/site\/wp-content\/uploads\/2018\/09\/Gui\u00e3o.jpg\" data-id=\"16557\" data-rel=\"iLightbox[gallery]\" data-title=\"Gui\u00e3o\" data-caption=\"\">\n\t\t\t\t\t\tGallery\t\t\t\t\t<\/a>\n\t\t\t\t\t\t\t\t\t\t\t\t\t\t\n\t\t\n\t\t\t\t\t\t\t\t\t\t\t\t<h4 class=\"fusion-rollover-title\">\n\t\t\t\t\t<a class=\"fusion-rollover-title-link\" href=\"https:\/\/www.aneme.pt\/site\/2018\/09\/03\/guiao-melhores-praticas-e-estrategias-empresariais-para-abordagem-dos-mercados-da-cplp\/\">\n\t\t\t\t\t\tGui\u00e3o &#8211; Melhores Pr\u00e1ticas e Estrat\u00e9gias Empresariais para Abordagem dos Mercados da CPLP\t\t\t\t\t<\/a>\n\t\t\t\t<\/h4>\n\t\t\t\n\t\t\t\t\t\t\t\t\t\t<div class=\"fusion-rollover-categories\"><a href=\"https:\/\/www.aneme.pt\/site\/category\/publicacoes\/\" rel=\"tag\">Publica\u00e7\u00f5es<\/a><\/div>\t\t\t\t\t\n\t\t\n\t\t\t\t\t\t<a class=\"fusion-link-wrapper\" href=\"https:\/\/www.aneme.pt\/site\/2018\/09\/03\/guiao-melhores-praticas-e-estrategias-empresariais-para-abordagem-dos-mercados-da-cplp\/\" aria-label=\"Gui\u00e3o &#8211; Melhores Pr\u00e1ticas e Estrat\u00e9gias Empresariais para Abordagem dos Mercados da CPLP\"><\/a>\n\t<\/div>\n<\/div>\n<\/div>\n<\/li>\n\t\t\t\n\t\t\t\n\t\t\t\t\t\t\t\t\t\t\t\t\t\t\t\t\t\t\t\t\t\t\t\t\t\t\t\t\t\t\t\t\t\t\t\t\t\t\t\t\t\t\t\t\t\t\t\t\t\t\t\t\t\t\t\t\t\t\t\t\t\t\t\t\t\t\t\t<\/ul>\n\t<\/div>\n\t<div class=\"fusion-post-content post-content\"><h2 class=\"blog-shortcode-post-title entry-title\"><a href=\"https:\/\/www.aneme.pt\/site\/2018\/09\/03\/guiao-melhores-praticas-e-estrategias-empresariais-para-abordagem-dos-mercados-da-cplp\/\">Gui\u00e3o &#8211; Melhores Pr\u00e1ticas e Estrat\u00e9gias Empresariais para Abordagem dos Mercados da CPLP<\/a><\/h2><div class=\"fusion-post-content-container\"><p>Gui\u00e3o Melhores Pr\u00e1ticas e Estrat\u00e9gias Empresariais para Abordagem dos Mercados[...]<\/p><\/div><\/div><div class=\"fusion-clearfix\"><\/div><\/article>\n<article id=\"blog-1-post-14706\" class=\"fusion-post-medium post-14706 post type-post status-publish format-standard has-post-thumbnail hentry category-publicacoes\">\n\t<style type=\"text\/css\">\n\t\t\n\t\t\n\t\t\n\t\t\n\t\t\t<\/style>\n\n\n\t\t\t<div class=\"fusion-flexslider flexslider fusion-flexslider-loading fusion-post-slideshow\" style=\"\">\n\t\t<ul class=\"slides\">\n\t\t\t\n\t\t\t\t\t\t\t\t\t\t\t\t\t\t<li><div  class=\"fusion-image-wrapper fusion-image-size-fixed\" aria-haspopup=\"true\">\n\t\t\t\t<img decoding=\"async\" width=\"320\" height=\"202\" src=\"https:\/\/www.aneme.pt\/site\/wp-content\/uploads\/2018\/02\/Estudo_Equipamentos_El\u00e9tricos_e_Electr\u00f3nicos-1-1-320x202.jpg\" class=\"attachment-blog-medium size-blog-medium wp-post-image\" alt=\"Estudo Equipamentos Eletricos e Eletronicos\" \/><div class=\"fusion-rollover\">\n\t<div class=\"fusion-rollover-content\">\n\n\t\t\t\t\t\t\t\t\t\t\t\t\t\t<a class=\"fusion-rollover-link\" href=\"https:\/\/www.aneme.pt\/site\/2015\/02\/20\/estudo-equipamentos-eletricos-eletronicos\/\">Estudo Equipamentos El\u00e9tricos e Eletr\u00f3nicos<\/a>\n\t\t\t\n\t\t\t\t\t\t\t\t\t\t\t\t\t\t\n\t\t\t\t\t\t\t\t\n\t\t\t\t\t\t\t\t\t\t\t\t\t<div class=\"fusion-rollover-sep\"><\/div>\n\t\t\t\t\n\t\t\t\t\t\t\t\t\t\t\t\t\t\t\t\t\t\t<a class=\"fusion-rollover-gallery\" href=\"https:\/\/www.aneme.pt\/site\/wp-content\/uploads\/2018\/02\/Estudo_Equipamentos_El\u00e9tricos_e_Electr\u00f3nicos-1-1.jpg\" data-id=\"14706\" data-rel=\"iLightbox[gallery]\" data-title=\"Estudo_Equipamentos_El\u00e9tricos_e_Eletr\u00f3nicos\" data-caption=\"\">\n\t\t\t\t\t\tGallery\t\t\t\t\t<\/a>\n\t\t\t\t\t\t\t\t\t\t\t\t\t\t\n\t\t\n\t\t\t\t\t\t\t\t\t\t\t\t<h4 class=\"fusion-rollover-title\">\n\t\t\t\t\t<a class=\"fusion-rollover-title-link\" href=\"https:\/\/www.aneme.pt\/site\/2015\/02\/20\/estudo-equipamentos-eletricos-eletronicos\/\">\n\t\t\t\t\t\tEstudo Equipamentos El\u00e9tricos e Eletr\u00f3nicos\t\t\t\t\t<\/a>\n\t\t\t\t<\/h4>\n\t\t\t\n\t\t\t\t\t\t\t\t\t\t<div class=\"fusion-rollover-categories\"><a href=\"https:\/\/www.aneme.pt\/site\/category\/publicacoes\/\" rel=\"tag\">Publica\u00e7\u00f5es<\/a><\/div>\t\t\t\t\t\n\t\t\n\t\t\t\t\t\t<a class=\"fusion-link-wrapper\" href=\"https:\/\/www.aneme.pt\/site\/2015\/02\/20\/estudo-equipamentos-eletricos-eletronicos\/\" aria-label=\"Estudo Equipamentos El\u00e9tricos e Eletr\u00f3nicos\"><\/a>\n\t<\/div>\n<\/div>\n<\/div>\n<\/li>\n\t\t\t\n\t\t\t\n\t\t\t\t\t\t\t\t\t\t\t\t\t\t\t\t\t\t\t\t\t\t\t\t\t\t\t\t\t\t\t\t\t\t\t\t\t\t\t\t\t\t\t\t\t\t\t\t\t\t\t\t\t\t\t\t\t\t\t\t\t\t\t\t\t\t\t\t<\/ul>\n\t<\/div>\n\t<div class=\"fusion-post-content post-content\"><h2 class=\"blog-shortcode-post-title entry-title\"><a href=\"https:\/\/www.aneme.pt\/site\/2015\/02\/20\/estudo-equipamentos-eletricos-eletronicos\/\">Estudo Equipamentos El\u00e9tricos e Eletr\u00f3nicos<\/a><\/h2><div class=\"fusion-post-content-container\"><p>\u00a0  <\/p><\/div><\/div><div class=\"fusion-clearfix\"><\/div><\/article>\n<article id=\"blog-1-post-14701\" class=\"fusion-post-medium post-14701 post type-post status-publish format-standard has-post-thumbnail hentry category-publicacoes\">\n\t<style type=\"text\/css\">\n\t\t\n\t\t\n\t\t\n\t\t\n\t\t\t<\/style>\n\n\n\t\t\t<div class=\"fusion-flexslider flexslider fusion-flexslider-loading fusion-post-slideshow\" style=\"\">\n\t\t<ul class=\"slides\">\n\t\t\t\n\t\t\t\t\t\t\t\t\t\t\t\t\t\t<li><div  class=\"fusion-image-wrapper fusion-image-size-fixed\" aria-haspopup=\"true\">\n\t\t\t\t<img decoding=\"async\" width=\"320\" height=\"202\" src=\"https:\/\/www.aneme.pt\/site\/wp-content\/uploads\/2018\/02\/Projecto_Inforcompete_copy-1-1-320x202.jpg\" class=\"attachment-blog-medium size-blog-medium wp-post-image\" alt=\"A Flexibilidade da Organiza\u00e7\u00e3o do Trabalho enquanto Vantagem Competitiva\" \/><div class=\"fusion-rollover\">\n\t<div class=\"fusion-rollover-content\">\n\n\t\t\t\t\t\t\t\t\t\t\t\t\t\t<a class=\"fusion-rollover-link\" href=\"https:\/\/www.aneme.pt\/site\/2015\/02\/20\/flexibilidade-da-organizacao-do-trabalho-vantagem-competitiva\/\">A Flexibilidade da Organiza\u00e7\u00e3o do Trabalho enquanto Vantagem Competitiva<\/a>\n\t\t\t\n\t\t\t\t\t\t\t\t\t\t\t\t\t\t\n\t\t\t\t\t\t\t\t\n\t\t\t\t\t\t\t\t\t\t\t\t\t<div class=\"fusion-rollover-sep\"><\/div>\n\t\t\t\t\n\t\t\t\t\t\t\t\t\t\t\t\t\t\t\t\t\t\t<a class=\"fusion-rollover-gallery\" href=\"https:\/\/www.aneme.pt\/site\/wp-content\/uploads\/2018\/02\/Projecto_Inforcompete_copy-1-1.jpg\" data-id=\"14701\" data-rel=\"iLightbox[gallery]\" data-title=\"Projecto_Inforcompete\" data-caption=\"\">\n\t\t\t\t\t\tGallery\t\t\t\t\t<\/a>\n\t\t\t\t\t\t\t\t\t\t\t\t\t\t\n\t\t\n\t\t\t\t\t\t\t\t\t\t\t\t<h4 class=\"fusion-rollover-title\">\n\t\t\t\t\t<a class=\"fusion-rollover-title-link\" href=\"https:\/\/www.aneme.pt\/site\/2015\/02\/20\/flexibilidade-da-organizacao-do-trabalho-vantagem-competitiva\/\">\n\t\t\t\t\t\tA Flexibilidade da Organiza\u00e7\u00e3o do Trabalho enquanto Vantagem Competitiva\t\t\t\t\t<\/a>\n\t\t\t\t<\/h4>\n\t\t\t\n\t\t\t\t\t\t\t\t\t\t<div class=\"fusion-rollover-categories\"><a href=\"https:\/\/www.aneme.pt\/site\/category\/publicacoes\/\" rel=\"tag\">Publica\u00e7\u00f5es<\/a><\/div>\t\t\t\t\t\n\t\t\n\t\t\t\t\t\t<a class=\"fusion-link-wrapper\" href=\"https:\/\/www.aneme.pt\/site\/2015\/02\/20\/flexibilidade-da-organizacao-do-trabalho-vantagem-competitiva\/\" aria-label=\"A Flexibilidade da Organiza\u00e7\u00e3o do Trabalho enquanto Vantagem Competitiva\"><\/a>\n\t<\/div>\n<\/div>\n<\/div>\n<\/li>\n\t\t\t\n\t\t\t\n\t\t\t\t\t\t\t\t\t\t\t\t\t\t\t\t\t\t\t\t\t\t\t\t\t\t\t\t\t\t\t\t\t\t\t\t\t\t\t\t\t\t\t\t\t\t\t\t\t\t\t\t\t\t\t\t\t\t\t\t\t\t\t\t\t\t\t\t<\/ul>\n\t<\/div>\n\t<div class=\"fusion-post-content post-content\"><h2 class=\"blog-shortcode-post-title entry-title\"><a href=\"https:\/\/www.aneme.pt\/site\/2015\/02\/20\/flexibilidade-da-organizacao-do-trabalho-vantagem-competitiva\/\">A Flexibilidade da Organiza\u00e7\u00e3o do Trabalho enquanto Vantagem Competitiva<\/a><\/h2><div class=\"fusion-post-content-container\"><p>\u00a0  <\/p><\/div><\/div><div class=\"fusion-clearfix\"><\/div><\/article>\n<article id=\"blog-1-post-14697\" class=\"fusion-post-medium post-14697 post type-post status-publish format-standard has-post-thumbnail hentry category-publicacoes\">\n\t<style type=\"text\/css\">\n\t\t\n\t\t\n\t\t\n\t\t\n\t\t\t<\/style>\n\n\n\t\t\t<div class=\"fusion-flexslider flexslider fusion-flexslider-loading fusion-post-slideshow\" style=\"\">\n\t\t<ul class=\"slides\">\n\t\t\t\n\t\t\t\t\t\t\t\t\t\t\t\t\t\t<li><div  class=\"fusion-image-wrapper fusion-image-size-fixed\" aria-haspopup=\"true\">\n\t\t\t\t<img decoding=\"async\" width=\"320\" height=\"202\" src=\"https:\/\/www.aneme.pt\/site\/wp-content\/uploads\/2018\/02\/pegada_de_carbono_no_Sector_Metal\u00fargico_e_Electromec\u00e2nico-320x202.jpg\" class=\"attachment-blog-medium size-blog-medium wp-post-image\" alt=\"Pegada de Carbono do Setor Metal\u00fargico e Eletromec\u00e2nico\" \/><div class=\"fusion-rollover\">\n\t<div class=\"fusion-rollover-content\">\n\n\t\t\t\t\t\t\t\t\t\t\t\t\t\t<a class=\"fusion-rollover-link\" href=\"https:\/\/www.aneme.pt\/site\/2015\/02\/20\/pegada-carbono-do-setor-metalurgico-eletromecanico\/\">Pegada de Carbono do Setor Metal\u00fargico e Eletromec\u00e2nico<\/a>\n\t\t\t\n\t\t\t\t\t\t\t\t\t\t\t\t\t\t\n\t\t\t\t\t\t\t\t\n\t\t\t\t\t\t\t\t\t\t\t\t\t<div class=\"fusion-rollover-sep\"><\/div>\n\t\t\t\t\n\t\t\t\t\t\t\t\t\t\t\t\t\t\t\t\t\t\t<a class=\"fusion-rollover-gallery\" href=\"https:\/\/www.aneme.pt\/site\/wp-content\/uploads\/2018\/02\/pegada_de_carbono_no_Sector_Metal\u00fargico_e_Electromec\u00e2nico.jpg\" data-id=\"14697\" data-rel=\"iLightbox[gallery]\" data-title=\"pegada_de_carbono_no_Sector_Metal\u00fargico_e_Electromec\u00e2nico\" data-caption=\"\">\n\t\t\t\t\t\tGallery\t\t\t\t\t<\/a>\n\t\t\t\t\t\t\t\t\t\t\t\t\t\t\n\t\t\n\t\t\t\t\t\t\t\t\t\t\t\t<h4 class=\"fusion-rollover-title\">\n\t\t\t\t\t<a class=\"fusion-rollover-title-link\" href=\"https:\/\/www.aneme.pt\/site\/2015\/02\/20\/pegada-carbono-do-setor-metalurgico-eletromecanico\/\">\n\t\t\t\t\t\tPegada de Carbono do Setor Metal\u00fargico e Eletromec\u00e2nico\t\t\t\t\t<\/a>\n\t\t\t\t<\/h4>\n\t\t\t\n\t\t\t\t\t\t\t\t\t\t<div class=\"fusion-rollover-categories\"><a href=\"https:\/\/www.aneme.pt\/site\/category\/publicacoes\/\" rel=\"tag\">Publica\u00e7\u00f5es<\/a><\/div>\t\t\t\t\t\n\t\t\n\t\t\t\t\t\t<a class=\"fusion-link-wrapper\" href=\"https:\/\/www.aneme.pt\/site\/2015\/02\/20\/pegada-carbono-do-setor-metalurgico-eletromecanico\/\" aria-label=\"Pegada de Carbono do Setor Metal\u00fargico e Eletromec\u00e2nico\"><\/a>\n\t<\/div>\n<\/div>\n<\/div>\n<\/li>\n\t\t\t\n\t\t\t\n\t\t\t\t\t\t\t\t\t\t\t\t\t\t\t\t\t\t\t\t\t\t\t\t\t\t\t\t\t\t\t\t\t\t\t\t\t\t\t\t\t\t\t\t\t\t\t\t\t\t\t\t\t\t\t\t\t\t\t\t\t\t\t\t\t\t\t\t<\/ul>\n\t<\/div>\n\t<div class=\"fusion-post-content post-content\"><h2 class=\"blog-shortcode-post-title entry-title\"><a href=\"https:\/\/www.aneme.pt\/site\/2015\/02\/20\/pegada-carbono-do-setor-metalurgico-eletromecanico\/\">Pegada de Carbono do Setor Metal\u00fargico e Eletromec\u00e2nico<\/a><\/h2><div class=\"fusion-post-content-container\"><p>\u00a0  <\/p><\/div><\/div><div class=\"fusion-clearfix\"><\/div><\/article>\n<\/div><div class=\"pagination clearfix\"><span class=\"current\">1<\/span><a href=\"https:\/\/www.aneme.pt\/site\/wp-json\/wp\/v2\/pages\/14964\/page\/2\/\" class=\"inactive\">2<\/a><a class=\"pagination-next\" rel=\"next\" href=\"https:\/\/www.aneme.pt\/site\/wp-json\/wp\/v2\/pages\/14964\/page\/2\/\"><span class=\"page-text\">Seguinte<\/span><span class=\"page-next\"><\/span><\/a><\/div><div class=\"fusion-clearfix\"><\/div><\/div><div class=\"fusion-clearfix\"><\/div><\/div><\/div><\/div><\/div>\n","protected":false},"excerpt":{"rendered":"","protected":false},"author":800,"featured_media":0,"parent":0,"menu_order":0,"comment_status":"closed","ping_status":"closed","template":"","meta":{"_cbd_carousel_blocks":"[]","footnotes":""},"yoast_head":"<!-- This site is optimized with the Yoast SEO plugin v22.1 - https:\/\/yoast.com\/wordpress\/plugins\/seo\/ -->\n<title>Publications - ANEME<\/title>\n<meta name=\"robots\" content=\"index, follow, max-snippet:-1, max-image-preview:large, max-video-preview:-1\" \/>\n<link rel=\"canonical\" href=\"https:\/\/www.aneme.pt\/site\/publications-2\/?lang=en\" \/>\n<meta property=\"og:locale\" content=\"pt_PT\" \/>\n<meta property=\"og:type\" content=\"article\" \/>\n<meta property=\"og:title\" content=\"Publications - ANEME\" \/>\n<meta property=\"og:url\" content=\"https:\/\/www.aneme.pt\/site\/publications-2\/?lang=en\" \/>\n<meta property=\"og:site_name\" content=\"ANEME\" \/>\n<meta name=\"twitter:card\" content=\"summary_large_image\" \/>\n<meta name=\"twitter:label1\" content=\"Tempo estimado de leitura\" \/>\n\t<meta name=\"twitter:data1\" content=\"1 minuto\" \/>\n<script type=\"application\/ld+json\" class=\"yoast-schema-graph\">{\"@context\":\"https:\/\/schema.org\",\"@graph\":[{\"@type\":\"WebPage\",\"@id\":\"https:\/\/www.aneme.pt\/site\/publications-2\/?lang=en\",\"url\":\"https:\/\/www.aneme.pt\/site\/publications-2\/?lang=en\",\"name\":\"Publications - ANEME\",\"isPartOf\":{\"@id\":\"https:\/\/www.aneme.pt\/site\/?lang=en\/#website\"},\"datePublished\":\"2018-02-23T15:23:34+00:00\",\"dateModified\":\"2018-02-23T15:23:34+00:00\",\"breadcrumb\":{\"@id\":\"https:\/\/www.aneme.pt\/site\/publications-2\/?lang=en#breadcrumb\"},\"inLanguage\":\"pt-PT\",\"potentialAction\":[{\"@type\":\"ReadAction\",\"target\":[\"https:\/\/www.aneme.pt\/site\/publications-2\/?lang=en\"]}]},{\"@type\":\"BreadcrumbList\",\"@id\":\"https:\/\/www.aneme.pt\/site\/publications-2\/?lang=en#breadcrumb\",\"itemListElement\":[{\"@type\":\"ListItem\",\"position\":1,\"name\":\"In\u00edcio\",\"item\":\"https:\/\/www.aneme.pt\/site\/\"},{\"@type\":\"ListItem\",\"position\":2,\"name\":\"Publications\"}]},{\"@type\":\"WebSite\",\"@id\":\"https:\/\/www.aneme.pt\/site\/?lang=en\/#website\",\"url\":\"https:\/\/www.aneme.pt\/site\/?lang=en\/\",\"name\":\"ANEME\",\"description\":\"Associa\u00e7\u00e3o Nacional das Empresas Metal\u00fargicas e Electromec\u00e2nicas\",\"potentialAction\":[{\"@type\":\"SearchAction\",\"target\":{\"@type\":\"EntryPoint\",\"urlTemplate\":\"https:\/\/www.aneme.pt\/site\/?lang=en\/?s={search_term_string}\"},\"query-input\":\"required name=search_term_string\"}],\"inLanguage\":\"pt-PT\"}]}<\/script>\n<!-- \/ Yoast SEO plugin. -->","yoast_head_json":{"title":"Publications - ANEME","robots":{"index":"index","follow":"follow","max-snippet":"max-snippet:-1","max-image-preview":"max-image-preview:large","max-video-preview":"max-video-preview:-1"},"canonical":"https:\/\/www.aneme.pt\/site\/publications-2\/?lang=en","og_locale":"pt_PT","og_type":"article","og_title":"Publications - ANEME","og_url":"https:\/\/www.aneme.pt\/site\/publications-2\/?lang=en","og_site_name":"ANEME","twitter_card":"summary_large_image","twitter_misc":{"Tempo estimado de leitura":"1 minuto"},"schema":{"@context":"https:\/\/schema.org","@graph":[{"@type":"WebPage","@id":"https:\/\/www.aneme.pt\/site\/publications-2\/?lang=en","url":"https:\/\/www.aneme.pt\/site\/publications-2\/?lang=en","name":"Publications - ANEME","isPartOf":{"@id":"https:\/\/www.aneme.pt\/site\/?lang=en\/#website"},"datePublished":"2018-02-23T15:23:34+00:00","dateModified":"2018-02-23T15:23:34+00:00","breadcrumb":{"@id":"https:\/\/www.aneme.pt\/site\/publications-2\/?lang=en#breadcrumb"},"inLanguage":"pt-PT","potentialAction":[{"@type":"ReadAction","target":["https:\/\/www.aneme.pt\/site\/publications-2\/?lang=en"]}]},{"@type":"BreadcrumbList","@id":"https:\/\/www.aneme.pt\/site\/publications-2\/?lang=en#breadcrumb","itemListElement":[{"@type":"ListItem","position":1,"name":"In\u00edcio","item":"https:\/\/www.aneme.pt\/site\/"},{"@type":"ListItem","position":2,"name":"Publications"}]},{"@type":"WebSite","@id":"https:\/\/www.aneme.pt\/site\/?lang=en\/#website","url":"https:\/\/www.aneme.pt\/site\/?lang=en\/","name":"ANEME","description":"Associa\u00e7\u00e3o Nacional das Empresas Metal\u00fargicas e Electromec\u00e2nicas","potentialAction":[{"@type":"SearchAction","target":{"@type":"EntryPoint","urlTemplate":"https:\/\/www.aneme.pt\/site\/?lang=en\/?s={search_term_string}"},"query-input":"required name=search_term_string"}],"inLanguage":"pt-PT"}]}},"_links":{"self":[{"href":"https:\/\/www.aneme.pt\/site\/wp-json\/wp\/v2\/pages\/14964"}],"collection":[{"href":"https:\/\/www.aneme.pt\/site\/wp-json\/wp\/v2\/pages"}],"about":[{"href":"https:\/\/www.aneme.pt\/site\/wp-json\/wp\/v2\/types\/page"}],"author":[{"embeddable":true,"href":"https:\/\/www.aneme.pt\/site\/wp-json\/wp\/v2\/users\/800"}],"replies":[{"embeddable":true,"href":"https:\/\/www.aneme.pt\/site\/wp-json\/wp\/v2\/comments?post=14964"}],"version-history":[{"count":1,"href":"https:\/\/www.aneme.pt\/site\/wp-json\/wp\/v2\/pages\/14964\/revisions"}],"predecessor-version":[{"id":14965,"href":"https:\/\/www.aneme.pt\/site\/wp-json\/wp\/v2\/pages\/14964\/revisions\/14965"}],"wp:attachment":[{"href":"https:\/\/www.aneme.pt\/site\/wp-json\/wp\/v2\/media?parent=14964"}],"curies":[{"name":"wp","href":"https:\/\/api.w.org\/{rel}","templated":true}]}}