{"id":15010,"date":"2018-02-27T11:08:54","date_gmt":"2018-02-27T11:08:54","guid":{"rendered":"https:\/\/www.aneme.pt\/site\/videos\/"},"modified":"2018-03-05T12:25:20","modified_gmt":"2018-03-05T12:25:20","slug":"videos","status":"publish","type":"page","link":"https:\/\/www.aneme.pt\/site\/videos\/","title":{"rendered":"Videos"},"content":{"rendered":"<div class=\"fusion-fullwidth fullwidth-box fusion-builder-row-1 nonhundred-percent-fullwidth non-hundred-percent-height-scrolling\" style=\"--awb-border-radius-top-left:0px;--awb-border-radius-top-right:0px;--awb-border-radius-bottom-right:0px;--awb-border-radius-bottom-left:0px;--awb-flex-wrap:wrap;\" ><div class=\"fusion-builder-row fusion-row\"><div class=\"fusion-layout-column fusion_builder_column fusion-builder-column-0 fusion_builder_column_1_1 1_1 fusion-one-full fusion-column-first fusion-column-last\" style=\"--awb-bg-size:cover;\"><div class=\"fusion-column-wrapper fusion-flex-column-wrapper-legacy\"><div class=\"fusion-text fusion-text-1\"><h2><strong>Portugal in 150 seconds<\/strong><\/h2>\n<h2><a href=\"https:\/\/www.aneme.pt\/site\/wp-content\/uploads\/2018\/03\/Portugal-in-150-Seconds-ANEME-_leve-1.mp4\" target=\"_blank\" rel=\"noopener\" data-mce-href=\"https:\/\/www.aneme.pt\/site\/wp-content\/uploads\/2018\/03\/Portugal-in-150-Seconds-ANEME-_leve-1.mp4\"><img decoding=\"async\" class=\"alignnone wp-image-15029 size-medium\" src=\"https:\/\/www.aneme.pt\/site\/wp-content\/uploads\/2018\/03\/anemevideo-300x154.png\" alt=\"\" width=\"300\" height=\"154\" data-mce-src=\"https:\/\/www.aneme.pt\/site\/wp-content\/uploads\/2018\/03\/anemevideo-300x154.png\" srcset=\"https:\/\/www.aneme.pt\/site\/wp-content\/uploads\/2018\/03\/anemevideo-200x103.png 200w, https:\/\/www.aneme.pt\/site\/wp-content\/uploads\/2018\/03\/anemevideo-300x154.png 300w, https:\/\/www.aneme.pt\/site\/wp-content\/uploads\/2018\/03\/anemevideo-400x205.png 400w, https:\/\/www.aneme.pt\/site\/wp-content\/uploads\/2018\/03\/anemevideo-600x308.png 600w, https:\/\/www.aneme.pt\/site\/wp-content\/uploads\/2018\/03\/anemevideo-768x394.png 768w, https:\/\/www.aneme.pt\/site\/wp-content\/uploads\/2018\/03\/anemevideo-800x411.png 800w, https:\/\/www.aneme.pt\/site\/wp-content\/uploads\/2018\/03\/anemevideo-1024x526.png 1024w, https:\/\/www.aneme.pt\/site\/wp-content\/uploads\/2018\/03\/anemevideo-1200x616.png 1200w, https:\/\/www.aneme.pt\/site\/wp-content\/uploads\/2018\/03\/anemevideo.png 1741w\" sizes=\"(max-width: 300px) 100vw, 300px\" \/><\/a><\/h2>\n<h2 data-fontsize=\"18\" data-lineheight=\"27\"><strong>Interview Project Sigame \u2013 Executive Vice President of ANEME \u2013 Dr. Jo\u00e3o Reis&nbsp;<\/strong><\/h2>\n<p><a href=\"https:\/\/www.aneme.pt\/site\/wp-content\/uploads\/2018\/02\/jreis.mp4\" target=\"_blank\" rel=\"noopener\" data-mce-href=\"https:\/\/www.aneme.pt\/site\/wp-content\/uploads\/2018\/02\/jreis.mp4\"><img decoding=\"async\" class=\"alignnone size-full wp-image-14671\" src=\"https:\/\/www.aneme.pt\/site\/wp-content\/uploads\/2018\/02\/video1.png\" alt=\"\" width=\"291\" height=\"200\" data-mce-src=\"https:\/\/www.aneme.pt\/site\/wp-content\/uploads\/2018\/02\/video1.png\" srcset=\"https:\/\/www.aneme.pt\/site\/wp-content\/uploads\/2018\/02\/video1-200x137.png 200w, https:\/\/www.aneme.pt\/site\/wp-content\/uploads\/2018\/02\/video1.png 291w\" sizes=\"(max-width: 291px) 100vw, 291px\" \/><\/a><\/p>\n<h2 data-fontsize=\"18\" data-lineheight=\"27\"><strong>Interview on the RTP Africa channel, to the Chairman of the Board of ANEME \u2013 Eng. Jos\u00e9 de Oliveira Guia&nbsp;<\/strong><\/h2>\n<p><a href=\"http:\/\/www.rtp.pt\/play\/p2253\/e229158\/forum-africa\" target=\"_blank\" rel=\"noopener\" data-mce-href=\"http:\/\/www.rtp.pt\/play\/p2253\/e229158\/forum-africa\"><img decoding=\"async\" class=\"alignnone size-full wp-image-14673\" src=\"https:\/\/www.aneme.pt\/site\/wp-content\/uploads\/2018\/02\/video2.png\" alt=\"\" width=\"289\" height=\"161\" data-mce-src=\"https:\/\/www.aneme.pt\/site\/wp-content\/uploads\/2018\/02\/video2.png\" srcset=\"https:\/\/www.aneme.pt\/site\/wp-content\/uploads\/2018\/02\/video2-200x111.png 200w, https:\/\/www.aneme.pt\/site\/wp-content\/uploads\/2018\/02\/video2.png 289w\" sizes=\"(max-width: 289px) 100vw, 289px\" \/><\/a><\/p>\n<h2 data-fontsize=\"18\" data-lineheight=\"27\"><strong>Visit of His Excellency the President of the Republic \u2013 Prof. Dr. Marcelo Rebelo de Sousa to the Professional Metalomechanics Training Center of Maputo&nbsp;<\/strong><\/h2>\n<p><a href=\"http:\/\/www.presidencia.pt\/?idc=10&amp;idi=106125\" target=\"_blank\" rel=\"noopener\" data-mce-href=\"http:\/\/www.presidencia.pt\/?idc=10&amp;idi=106125\"><img decoding=\"async\" class=\"alignnone size-full wp-image-14674\" src=\"https:\/\/www.aneme.pt\/site\/wp-content\/uploads\/2018\/02\/video3.png\" alt=\"\" width=\"289\" height=\"187\" data-mce-src=\"https:\/\/www.aneme.pt\/site\/wp-content\/uploads\/2018\/02\/video3.png\" srcset=\"https:\/\/www.aneme.pt\/site\/wp-content\/uploads\/2018\/02\/video3-200x129.png 200w, https:\/\/www.aneme.pt\/site\/wp-content\/uploads\/2018\/02\/video3.png 289w\" sizes=\"(max-width: 289px) 100vw, 289px\" \/><\/a><\/p>\n<\/div><div class=\"fusion-clearfix\"><\/div><\/div><\/div><\/div><\/div>\n","protected":false},"excerpt":{"rendered":"","protected":false},"author":800,"featured_media":0,"parent":0,"menu_order":0,"comment_status":"closed","ping_status":"closed","template":"","meta":{"_cbd_carousel_blocks":"[]","footnotes":""},"yoast_head":"<!-- This site is optimized with the Yoast SEO plugin v22.1 - https:\/\/yoast.com\/wordpress\/plugins\/seo\/ -->\n<title>Videos - ANEME<\/title>\n<meta name=\"robots\" content=\"index, follow, max-snippet:-1, max-image-preview:large, max-video-preview:-1\" \/>\n<link rel=\"canonical\" href=\"https:\/\/www.aneme.pt\/site\/videos\/?lang=en\" \/>\n<meta property=\"og:locale\" content=\"pt_PT\" \/>\n<meta property=\"og:type\" content=\"article\" \/>\n<meta property=\"og:title\" content=\"Videos - ANEME\" \/>\n<meta property=\"og:url\" content=\"https:\/\/www.aneme.pt\/site\/videos\/?lang=en\" \/>\n<meta property=\"og:site_name\" content=\"ANEME\" \/>\n<meta property=\"article:modified_time\" content=\"2018-03-05T12:25:20+00:00\" \/>\n<meta property=\"og:image\" content=\"https:\/\/www.aneme.pt\/site\/wp-content\/uploads\/2018\/03\/anemevideo-300x154.png\" \/>\n<meta name=\"twitter:card\" content=\"summary_large_image\" \/>\n<meta name=\"twitter:label1\" content=\"Tempo estimado de leitura\" \/>\n\t<meta name=\"twitter:data1\" content=\"1 minuto\" \/>\n<script type=\"application\/ld+json\" class=\"yoast-schema-graph\">{\"@context\":\"https:\/\/schema.org\",\"@graph\":[{\"@type\":\"WebPage\",\"@id\":\"https:\/\/www.aneme.pt\/site\/videos\/?lang=en\",\"url\":\"https:\/\/www.aneme.pt\/site\/videos\/?lang=en\",\"name\":\"Videos - ANEME\",\"isPartOf\":{\"@id\":\"https:\/\/www.aneme.pt\/site\/?lang=en\/#website\"},\"datePublished\":\"2018-02-27T11:08:54+00:00\",\"dateModified\":\"2018-03-05T12:25:20+00:00\",\"breadcrumb\":{\"@id\":\"https:\/\/www.aneme.pt\/site\/videos\/?lang=en#breadcrumb\"},\"inLanguage\":\"pt-PT\",\"potentialAction\":[{\"@type\":\"ReadAction\",\"target\":[\"https:\/\/www.aneme.pt\/site\/videos\/?lang=en\"]}]},{\"@type\":\"BreadcrumbList\",\"@id\":\"https:\/\/www.aneme.pt\/site\/videos\/?lang=en#breadcrumb\",\"itemListElement\":[{\"@type\":\"ListItem\",\"position\":1,\"name\":\"In\u00edcio\",\"item\":\"https:\/\/www.aneme.pt\/site\/\"},{\"@type\":\"ListItem\",\"position\":2,\"name\":\"Videos\"}]},{\"@type\":\"WebSite\",\"@id\":\"https:\/\/www.aneme.pt\/site\/?lang=en\/#website\",\"url\":\"https:\/\/www.aneme.pt\/site\/?lang=en\/\",\"name\":\"ANEME\",\"description\":\"Associa\u00e7\u00e3o Nacional das Empresas Metal\u00fargicas e Electromec\u00e2nicas\",\"potentialAction\":[{\"@type\":\"SearchAction\",\"target\":{\"@type\":\"EntryPoint\",\"urlTemplate\":\"https:\/\/www.aneme.pt\/site\/?lang=en\/?s={search_term_string}\"},\"query-input\":\"required name=search_term_string\"}],\"inLanguage\":\"pt-PT\"}]}<\/script>\n<!-- \/ Yoast SEO plugin. -->","yoast_head_json":{"title":"Videos - ANEME","robots":{"index":"index","follow":"follow","max-snippet":"max-snippet:-1","max-image-preview":"max-image-preview:large","max-video-preview":"max-video-preview:-1"},"canonical":"https:\/\/www.aneme.pt\/site\/videos\/?lang=en","og_locale":"pt_PT","og_type":"article","og_title":"Videos - ANEME","og_url":"https:\/\/www.aneme.pt\/site\/videos\/?lang=en","og_site_name":"ANEME","article_modified_time":"2018-03-05T12:25:20+00:00","og_image":[{"url":"https:\/\/www.aneme.pt\/site\/wp-content\/uploads\/2018\/03\/anemevideo-300x154.png"}],"twitter_card":"summary_large_image","twitter_misc":{"Tempo estimado de leitura":"1 minuto"},"schema":{"@context":"https:\/\/schema.org","@graph":[{"@type":"WebPage","@id":"https:\/\/www.aneme.pt\/site\/videos\/?lang=en","url":"https:\/\/www.aneme.pt\/site\/videos\/?lang=en","name":"Videos - ANEME","isPartOf":{"@id":"https:\/\/www.aneme.pt\/site\/?lang=en\/#website"},"datePublished":"2018-02-27T11:08:54+00:00","dateModified":"2018-03-05T12:25:20+00:00","breadcrumb":{"@id":"https:\/\/www.aneme.pt\/site\/videos\/?lang=en#breadcrumb"},"inLanguage":"pt-PT","potentialAction":[{"@type":"ReadAction","target":["https:\/\/www.aneme.pt\/site\/videos\/?lang=en"]}]},{"@type":"BreadcrumbList","@id":"https:\/\/www.aneme.pt\/site\/videos\/?lang=en#breadcrumb","itemListElement":[{"@type":"ListItem","position":1,"name":"In\u00edcio","item":"https:\/\/www.aneme.pt\/site\/"},{"@type":"ListItem","position":2,"name":"Videos"}]},{"@type":"WebSite","@id":"https:\/\/www.aneme.pt\/site\/?lang=en\/#website","url":"https:\/\/www.aneme.pt\/site\/?lang=en\/","name":"ANEME","description":"Associa\u00e7\u00e3o Nacional das Empresas Metal\u00fargicas e Electromec\u00e2nicas","potentialAction":[{"@type":"SearchAction","target":{"@type":"EntryPoint","urlTemplate":"https:\/\/www.aneme.pt\/site\/?lang=en\/?s={search_term_string}"},"query-input":"required name=search_term_string"}],"inLanguage":"pt-PT"}]}},"_links":{"self":[{"href":"https:\/\/www.aneme.pt\/site\/wp-json\/wp\/v2\/pages\/15010"}],"collection":[{"href":"https:\/\/www.aneme.pt\/site\/wp-json\/wp\/v2\/pages"}],"about":[{"href":"https:\/\/www.aneme.pt\/site\/wp-json\/wp\/v2\/types\/page"}],"author":[{"embeddable":true,"href":"https:\/\/www.aneme.pt\/site\/wp-json\/wp\/v2\/users\/800"}],"replies":[{"embeddable":true,"href":"https:\/\/www.aneme.pt\/site\/wp-json\/wp\/v2\/comments?post=15010"}],"version-history":[{"count":2,"href":"https:\/\/www.aneme.pt\/site\/wp-json\/wp\/v2\/pages\/15010\/revisions"}],"predecessor-version":[{"id":15069,"href":"https:\/\/www.aneme.pt\/site\/wp-json\/wp\/v2\/pages\/15010\/revisions\/15069"}],"wp:attachment":[{"href":"https:\/\/www.aneme.pt\/site\/wp-json\/wp\/v2\/media?parent=15010"}],"curies":[{"name":"wp","href":"https:\/\/api.w.org\/{rel}","templated":true}]}}