{"id":15446,"date":"2018-03-20T17:38:44","date_gmt":"2018-03-20T17:38:44","guid":{"rendered":"https:\/\/www.aneme.pt\/site\/site-map\/"},"modified":"2018-03-21T09:38:53","modified_gmt":"2018-03-21T09:38:53","slug":"sitemap","status":"publish","type":"page","link":"https:\/\/www.aneme.pt\/site\/sitemap\/","title":{"rendered":"Sitemap"},"content":{"rendered":"<div class=\"fusion-fullwidth fullwidth-box fusion-builder-row-1 nonhundred-percent-fullwidth non-hundred-percent-height-scrolling\" style=\"--awb-border-radius-top-left:0px;--awb-border-radius-top-right:0px;--awb-border-radius-bottom-right:0px;--awb-border-radius-bottom-left:0px;--awb-flex-wrap:wrap;\" ><div class=\"fusion-builder-row fusion-row\"><div class=\"fusion-layout-column fusion_builder_column fusion-builder-column-0 fusion_builder_column_1_1 1_1 fusion-one-full fusion-column-first fusion-column-last\" style=\"--awb-bg-size:cover;\"><div class=\"fusion-column-wrapper fusion-flex-column-wrapper-legacy\"><div class=\"fusion-text fusion-text-1\"><pre><!-- .l0bg{background-color:#2381E9 !important} .l1bg{background-color:#5BCCF6 !important} .l2bg{background-color:#9CD159 !important} .l3bg{background-color:#65A6FF !important} .l4bg{background-color:#FFCC00 !important} .l5bg{background-color:#984DFF !important} --><\/pre>\n<pre><\/pre>\n<ul>\n<li><a class=\"l0bg\" href=\"#\">www.aneme.pt\/site<\/a>\n<ul>\n<li><a class=\"l1bg\" href=\"https:\/\/www.aneme.pt\/site\/\">Home <\/a>\n<ul>\n<li><a class=\"l2bg\" href=\"https:\/\/www.aneme.pt\/site\/about-us\/?lang=en\">About us<\/a><\/li>\n<li><a class=\"l2bg\" href=\"https:\/\/www.aneme.pt\/site\/governing-bodies\/?lang=en\">Governing Bodies\u00a0<\/a><\/li>\n<li><a class=\"l2bg\" href=\"https:\/\/www.aneme.pt\/site\/executive-structure\/?lang=en\">Executive Structure\u00a0<\/a><\/li>\n<li>Departments\n<ul>\n<li><a class=\"l2bg\" href=\"https:\/\/www.aneme.pt\/site\/associative-and-commr-2\/?lang=en\">Associative and Commercial Activities<\/a><\/li>\n<li><a class=\"l2bg\" href=\"https:\/\/www.aneme.pt\/site\/technical\/?lang=en\">Technical\u00a0<\/a><\/li>\n<li><a class=\"l2bg\" href=\"https:\/\/www.aneme.pt\/site\/legal\/?lang=en\">Legal\u00a0<\/a><\/li>\n<li><a class=\"l2bg\" href=\"https:\/\/www.aneme.pt\/site\/economic-and-financial\/?lang=en\">Economic and Financial<\/a><\/li>\n<\/ul>\n<\/li>\n<li><a class=\"l2bg\" href=\"https:\/\/www.aneme.pt\/site\/useful-links\/?lang=en\">Useful Links\u00a0<\/a><\/li>\n<li><a class=\"l2bg\" href=\"https:\/\/www.aneme.pt\/site\/contacts\/?lang=en\">Contacts <\/a><\/li>\n<\/ul>\n<ul>\n<li>Information and Technical Support\n<ul>\n<li><a class=\"l2bg\" href=\"https:\/\/www.aneme.pt\/site\/safety-and-health-at-work\/?lang=en\">Safety and Health at Work\u00a0<\/a><\/li>\n<li><a class=\"l2bg\" href=\"https:\/\/www.aneme.pt\/site\/quality-and-environment\/?lang=en\">Quality and Environment\u00a0<\/a><\/li>\n<li><a class=\"l2bg\" href=\"https:\/\/www.aneme.pt\/site\/licensing-and-permits\/?lang=en\">Licensing and Permits\u00a0<\/a><\/li>\n<li><a class=\"l2bg\" href=\"https:\/\/www.aneme.pt\/site\/legal-and-labour\/?lang=en\">Legal and Labour\u00a0<\/a><\/li>\n<li><a class=\"l2bg\" href=\"https:\/\/www.aneme.pt\/site\/economic-and-fiscal\/?lang=en\">Economic and Fiscal\u00a0<\/a><\/li>\n<li><a class=\"l2bg\" href=\"https:\/\/www.aneme.pt\/site\/business-opportunities\/?lang=en\">Commercial Opportunities\u00a0<\/a><\/li>\n<li><a class=\"l2bg\" href=\"https:\/\/www.aneme.pt\/site\/economic-indicators\/?lang=en\">Economic Indicators\u00a0<\/a><\/li>\n<li><a class=\"l2bg\" href=\"https:\/\/www.aneme.pt\/site\/supports-and-incentives\/?lang=en\">Supports and Incentives<\/a><\/li>\n<\/ul>\n<\/li>\n<li><a class=\"l2bg\" href=\"https:\/\/www.aneme.pt\/site\/training\/?lang=en\">Training <\/a><\/li>\n<li><a class=\"l2bg\" href=\"https:\/\/www.aneme.pt\/site\/internationalization\/?lang=en\">Internationalization\u00a0<\/a><\/li>\n<li>Projects\n<ul>\n<li><a class=\"l2bg\" href=\"https:\/\/www.aneme.pt\/site\/p2020-joint-project-for-the-internationalization-2017-2018\/?lang=en\">P2020: Joint Project for the Internationalization &#8211; 2017\/2018\u00a0<\/a><\/li>\n<li><a class=\"l2bg\" href=\"https:\/\/www.aneme.pt\/site\/p2020-action-project-training-for-sme-2017-2018\/?lang=en\">P2020: Action\u00a0 Project Training for SME &#8211; 2017\/2018\u00a0<\/a><\/li>\n<li><a class=\"l2bg\" href=\"https:\/\/www.aneme.pt\/site\/p2020-poci-siac\/?lang=en\">P2020: POCI &#8211; SIAC <\/a><\/li>\n<li><a class=\"l2bg\" href=\"https:\/\/www.aneme.pt\/site\/qren-poph\/?lang=en\">QREN &#8211; POPH &#8211; ANEME<\/a><\/li>\n<li><a class=\"l2bg\" href=\"https:\/\/www.aneme.pt\/site\/qren-compete-siac\/?lang=en\">QREN &#8211; COMPETE &#8211; SIAC\u00a0<\/a><\/li>\n<li><a class=\"l2bg\" href=\"https:\/\/www.aneme.pt\/site\/qren-internacionalizacao\/?lang=en\">QREN &#8211; INTERNATIONALIZATION\u00a0<\/a><\/li>\n<li><a href=\"http:\/\/cmarket.aida.pt\/\">C &#8211; MARKET &#8211; Energetic Efficiency and Low Carbon Economy<\/a><\/li>\n<\/ul>\n<\/li>\n<\/ul>\n<\/li>\n<li>Associates\n<ul>\n<li><a class=\"l2bg\" href=\"https:\/\/www.aneme.pt\/site\/advantages-and-benefits\/?lang=en\">Advantages and Benefits <\/a><\/li>\n<li><a class=\"l2bg\" href=\"https:\/\/www.aneme.pt\/site\/application-for-registration-associates\/?lang=en\">Application fot Registration Associates<\/a><\/li>\n<\/ul>\n<\/li>\n<li><a>Sector<\/a><\/li>\n<li>Digital Library\n<ul>\n<li><a class=\"l2bg\" href=\"https:\/\/www.aneme.pt\/site\/news\/?lang=en\">News<\/a><\/li>\n<li><a class=\"l2bg\" href=\"https:\/\/www.aneme.pt\/site\/bulletin\/?lang=en\">Bulletin\u00a0<\/a><\/li>\n<li><a class=\"l2bg\" href=\"https:\/\/www.aneme.pt\/site\/market-research\/?lang=en\">Market Research\u00a0<\/a><\/li>\n<li><a class=\"l2bg\" href=\"https:\/\/www.aneme.pt\/site\/thematic-informations\/?lang=en\">Thematic Informations\u00a0<\/a><\/li>\n<li><a class=\"l2bg\" href=\"https:\/\/www.aneme.pt\/site\/sector-barometer\/?lang=en\">Sector Barometer\u00a0<\/a><\/li>\n<li><a class=\"l2bg\" href=\"https:\/\/www.aneme.pt\/site\/publications-2\/?lang=en\">Publica\u00e7\u00f5es\u00a0<\/a><\/li>\n<li><a class=\"l2bg\" href=\"https:\/\/www.aneme.pt\/site\/videos\/?lang=en\">Videos<\/a><\/li>\n<li><a href=\"https:\/\/www.aneme.pt\/site\/wp-content\/uploads\/2018\/02\/ANU%C3%81RIO_2017.pdf\">Yearbook<\/a><\/li>\n<\/ul>\n<\/li>\n<li>Platforms ANEME\n<ul>\n<li><a href=\"http:\/\/aneme.trabalhando.pt\/\">Job Portal<\/a><\/li>\n<li><a href=\"http:\/\/cmarket.aida.pt\/\">CMarket<\/a><\/li>\n<li><a href=\"http:\/\/www.sigame-cplp.com\/index\">CPLP\u00a0Portal &#8211; SIGAME<\/a><\/li>\n<li><a href=\"https:\/\/aneme.simca.pt\/\">SIMCA Platform &#8211;\u00a0 Environmental Cost Monitoring System<\/a><\/li>\n<\/ul>\n<\/li>\n<li><a class=\"l2bg\" href=\"https:\/\/www.aneme.pt\/site\/login\/?lang=en\">Reserved Area<\/a><\/li>\n<\/ul>\n<\/li>\n<\/ul>\n<\/div><div class=\"fusion-clearfix\"><\/div><\/div><\/div><\/div><\/div>\n","protected":false},"excerpt":{"rendered":"","protected":false},"author":800,"featured_media":0,"parent":0,"menu_order":0,"comment_status":"closed","ping_status":"closed","template":"","meta":{"_cbd_carousel_blocks":"[]","footnotes":""},"yoast_head":"<!-- This site is optimized with the Yoast SEO plugin v22.1 - https:\/\/yoast.com\/wordpress\/plugins\/seo\/ -->\n<title>Sitemap - ANEME<\/title>\n<meta name=\"robots\" content=\"index, follow, max-snippet:-1, max-image-preview:large, max-video-preview:-1\" \/>\n<link rel=\"canonical\" href=\"https:\/\/www.aneme.pt\/site\/sitemap\/?lang=en\" \/>\n<meta property=\"og:locale\" content=\"pt_PT\" \/>\n<meta property=\"og:type\" content=\"article\" \/>\n<meta property=\"og:title\" content=\"Sitemap - ANEME\" \/>\n<meta property=\"og:url\" content=\"https:\/\/www.aneme.pt\/site\/sitemap\/?lang=en\" \/>\n<meta property=\"og:site_name\" content=\"ANEME\" \/>\n<meta property=\"article:modified_time\" content=\"2018-03-21T09:38:53+00:00\" \/>\n<meta name=\"twitter:card\" content=\"summary_large_image\" \/>\n<meta name=\"twitter:label1\" content=\"Tempo estimado de leitura\" \/>\n\t<meta name=\"twitter:data1\" content=\"2 minutos\" \/>\n<script type=\"application\/ld+json\" class=\"yoast-schema-graph\">{\"@context\":\"https:\/\/schema.org\",\"@graph\":[{\"@type\":\"WebPage\",\"@id\":\"https:\/\/www.aneme.pt\/site\/sitemap\/?lang=en\",\"url\":\"https:\/\/www.aneme.pt\/site\/sitemap\/?lang=en\",\"name\":\"Sitemap - ANEME\",\"isPartOf\":{\"@id\":\"https:\/\/www.aneme.pt\/site\/?lang=en\/#website\"},\"datePublished\":\"2018-03-20T17:38:44+00:00\",\"dateModified\":\"2018-03-21T09:38:53+00:00\",\"breadcrumb\":{\"@id\":\"https:\/\/www.aneme.pt\/site\/sitemap\/?lang=en#breadcrumb\"},\"inLanguage\":\"pt-PT\",\"potentialAction\":[{\"@type\":\"ReadAction\",\"target\":[\"https:\/\/www.aneme.pt\/site\/sitemap\/?lang=en\"]}]},{\"@type\":\"BreadcrumbList\",\"@id\":\"https:\/\/www.aneme.pt\/site\/sitemap\/?lang=en#breadcrumb\",\"itemListElement\":[{\"@type\":\"ListItem\",\"position\":1,\"name\":\"In\u00edcio\",\"item\":\"https:\/\/www.aneme.pt\/site\/\"},{\"@type\":\"ListItem\",\"position\":2,\"name\":\"Sitemap\"}]},{\"@type\":\"WebSite\",\"@id\":\"https:\/\/www.aneme.pt\/site\/?lang=en\/#website\",\"url\":\"https:\/\/www.aneme.pt\/site\/?lang=en\/\",\"name\":\"ANEME\",\"description\":\"Associa\u00e7\u00e3o Nacional das Empresas Metal\u00fargicas e Electromec\u00e2nicas\",\"potentialAction\":[{\"@type\":\"SearchAction\",\"target\":{\"@type\":\"EntryPoint\",\"urlTemplate\":\"https:\/\/www.aneme.pt\/site\/?lang=en\/?s={search_term_string}\"},\"query-input\":\"required name=search_term_string\"}],\"inLanguage\":\"pt-PT\"}]}<\/script>\n<!-- \/ Yoast SEO plugin. -->","yoast_head_json":{"title":"Sitemap - ANEME","robots":{"index":"index","follow":"follow","max-snippet":"max-snippet:-1","max-image-preview":"max-image-preview:large","max-video-preview":"max-video-preview:-1"},"canonical":"https:\/\/www.aneme.pt\/site\/sitemap\/?lang=en","og_locale":"pt_PT","og_type":"article","og_title":"Sitemap - ANEME","og_url":"https:\/\/www.aneme.pt\/site\/sitemap\/?lang=en","og_site_name":"ANEME","article_modified_time":"2018-03-21T09:38:53+00:00","twitter_card":"summary_large_image","twitter_misc":{"Tempo estimado de leitura":"2 minutos"},"schema":{"@context":"https:\/\/schema.org","@graph":[{"@type":"WebPage","@id":"https:\/\/www.aneme.pt\/site\/sitemap\/?lang=en","url":"https:\/\/www.aneme.pt\/site\/sitemap\/?lang=en","name":"Sitemap - ANEME","isPartOf":{"@id":"https:\/\/www.aneme.pt\/site\/?lang=en\/#website"},"datePublished":"2018-03-20T17:38:44+00:00","dateModified":"2018-03-21T09:38:53+00:00","breadcrumb":{"@id":"https:\/\/www.aneme.pt\/site\/sitemap\/?lang=en#breadcrumb"},"inLanguage":"pt-PT","potentialAction":[{"@type":"ReadAction","target":["https:\/\/www.aneme.pt\/site\/sitemap\/?lang=en"]}]},{"@type":"BreadcrumbList","@id":"https:\/\/www.aneme.pt\/site\/sitemap\/?lang=en#breadcrumb","itemListElement":[{"@type":"ListItem","position":1,"name":"In\u00edcio","item":"https:\/\/www.aneme.pt\/site\/"},{"@type":"ListItem","position":2,"name":"Sitemap"}]},{"@type":"WebSite","@id":"https:\/\/www.aneme.pt\/site\/?lang=en\/#website","url":"https:\/\/www.aneme.pt\/site\/?lang=en\/","name":"ANEME","description":"Associa\u00e7\u00e3o Nacional das Empresas Metal\u00fargicas e Electromec\u00e2nicas","potentialAction":[{"@type":"SearchAction","target":{"@type":"EntryPoint","urlTemplate":"https:\/\/www.aneme.pt\/site\/?lang=en\/?s={search_term_string}"},"query-input":"required name=search_term_string"}],"inLanguage":"pt-PT"}]}},"_links":{"self":[{"href":"https:\/\/www.aneme.pt\/site\/wp-json\/wp\/v2\/pages\/15446"}],"collection":[{"href":"https:\/\/www.aneme.pt\/site\/wp-json\/wp\/v2\/pages"}],"about":[{"href":"https:\/\/www.aneme.pt\/site\/wp-json\/wp\/v2\/types\/page"}],"author":[{"embeddable":true,"href":"https:\/\/www.aneme.pt\/site\/wp-json\/wp\/v2\/users\/800"}],"replies":[{"embeddable":true,"href":"https:\/\/www.aneme.pt\/site\/wp-json\/wp\/v2\/comments?post=15446"}],"version-history":[{"count":4,"href":"https:\/\/www.aneme.pt\/site\/wp-json\/wp\/v2\/pages\/15446\/revisions"}],"predecessor-version":[{"id":15454,"href":"https:\/\/www.aneme.pt\/site\/wp-json\/wp\/v2\/pages\/15446\/revisions\/15454"}],"wp:attachment":[{"href":"https:\/\/www.aneme.pt\/site\/wp-json\/wp\/v2\/media?parent=15446"}],"curies":[{"name":"wp","href":"https:\/\/api.w.org\/{rel}","templated":true}]}}