{"id":15642,"date":"2018-04-16T20:43:33","date_gmt":"2018-04-16T20:43:33","guid":{"rendered":"https:\/\/www.aneme.pt\/site\/aplication-for-registration\/"},"modified":"2018-04-16T20:43:33","modified_gmt":"2018-04-16T20:43:33","slug":"aplication-for-registration","status":"publish","type":"page","link":"https:\/\/www.aneme.pt\/site\/aplication-for-registration\/","title":{"rendered":"Aplication for Registration"},"content":{"rendered":"<div id=\"wpmem_reg\"><a id=\"register\"><\/a><form name=\"form\" method=\"post\" action=\"https:\/\/www.aneme.pt\/site\/aplication-for-registration\/\" id=\"wpmem_register_form\" class=\"form\"><input type=\"hidden\" id=\"_wpmem_register_nonce\" name=\"_wpmem_register_nonce\" value=\"33895df062\" \/><input type=\"hidden\" name=\"_wp_http_referer\" value=\"\/site\/wp-json\/wp\/v2\/pages\/15642\" \/><fieldset><legend>New User Registration<\/legend><label for=\"first_name\" class=\"text\">Nome<span class=\"req\">*<\/span><\/label><div class=\"div_text\"><input name=\"first_name\" type=\"text\" id=\"first_name\" value=\"\" class=\"textbox\" required  \/><\/div><label for=\"last_name\" class=\"text\">Nome da Empresa<span class=\"req\">*<\/span><\/label><div class=\"div_text\"><input name=\"last_name\" type=\"text\" id=\"last_name\" value=\"\" class=\"textbox\" required  \/><\/div><label for=\"numeroassociado\" class=\"number\">N.\u00ba Associado<\/label><div class=\"div_number\"><input name=\"numeroassociado\" type=\"number\" id=\"numeroassociado\" value=\"\" class=\"textbox\" \/><\/div><label for=\"addr1\" class=\"text\">Morada<span class=\"req\">*<\/span><\/label><div class=\"div_text\"><input name=\"addr1\" type=\"text\" id=\"addr1\" value=\"\" class=\"textbox\" required  \/><\/div><label for=\"city\" class=\"text\">Cidade<span class=\"req\">*<\/span><\/label><div class=\"div_text\"><input name=\"city\" type=\"text\" id=\"city\" value=\"\" class=\"textbox\" required  \/><\/div><label for=\"zip\" class=\"text\">C\u00f3digo-postal<span class=\"req\">*<\/span><\/label><div class=\"div_text\"><input name=\"zip\" type=\"text\" id=\"zip\" value=\"\" class=\"textbox\" required  \/><\/div><label for=\"country\" class=\"text\">Pa\u00eds<span class=\"req\">*<\/span><\/label><div class=\"div_text\"><input name=\"country\" type=\"text\" id=\"country\" value=\"\" class=\"textbox\" required  \/><\/div><label for=\"phone1\" class=\"text\">Telefone<span class=\"req\">*<\/span><\/label><div class=\"div_text\"><input name=\"phone1\" type=\"text\" id=\"phone1\" value=\"\" class=\"textbox\" required  \/><\/div><label for=\"user_email\" class=\"text\">eMail<span class=\"req\">*<\/span><\/label><div class=\"div_text\"><input name=\"user_email\" type=\"email\" id=\"user_email\" value=\"\" class=\"textbox\" required  \/><\/div><label for=\"confirm_email\" class=\"text\">Confirm Email<span class=\"req\">*<\/span><\/label><div class=\"div_text\"><input name=\"confirm_email\" type=\"email\" id=\"confirm_email\" value=\"\" class=\"textbox\" required  \/><\/div><input name=\"a\" type=\"hidden\" value=\"register\" \/><input name=\"wpmem_reg_page\" type=\"hidden\" value=\"https:\/\/www.aneme.pt\/site\/aplication-for-registration\/\" \/><div class=\"button_div\"><input name=\"submit\" type=\"submit\" value=\"Registar-se\" class=\"buttons\" \/><\/div><div class=\"req-text\"><span class=\"req\">*<\/span>Campo obrigat\u00f3rio<\/div><\/fieldset><\/form><\/div>\n","protected":false},"excerpt":{"rendered":"","protected":false},"author":800,"featured_media":0,"parent":0,"menu_order":0,"comment_status":"closed","ping_status":"closed","template":"","meta":{"_cbd_carousel_blocks":"[]","footnotes":""},"yoast_head":"<!-- This site is optimized with the Yoast SEO plugin v22.1 - https:\/\/yoast.com\/wordpress\/plugins\/seo\/ -->\n<title>Aplication for Registration - ANEME<\/title>\n<meta name=\"robots\" content=\"index, follow, max-snippet:-1, max-image-preview:large, max-video-preview:-1\" \/>\n<link rel=\"canonical\" href=\"https:\/\/www.aneme.pt\/site\/aplication-for-registration\/\" \/>\n<meta property=\"og:locale\" content=\"pt_PT\" \/>\n<meta property=\"og:type\" content=\"article\" \/>\n<meta property=\"og:title\" content=\"Aplication for Registration - ANEME\" \/>\n<meta property=\"og:url\" content=\"https:\/\/www.aneme.pt\/site\/aplication-for-registration\/\" \/>\n<meta property=\"og:site_name\" content=\"ANEME\" \/>\n<meta name=\"twitter:card\" content=\"summary_large_image\" \/>\n<meta name=\"twitter:label1\" content=\"Tempo estimado de leitura\" \/>\n\t<meta name=\"twitter:data1\" content=\"1 minuto\" \/>\n<script type=\"application\/ld+json\" class=\"yoast-schema-graph\">{\"@context\":\"https:\/\/schema.org\",\"@graph\":[{\"@type\":\"WebPage\",\"@id\":\"https:\/\/www.aneme.pt\/site\/aplication-for-registration\/\",\"url\":\"https:\/\/www.aneme.pt\/site\/aplication-for-registration\/\",\"name\":\"Aplication for Registration - ANEME\",\"isPartOf\":{\"@id\":\"https:\/\/www.aneme.pt\/site\/?lang=en\/#website\"},\"datePublished\":\"2018-04-16T20:43:33+00:00\",\"dateModified\":\"2018-04-16T20:43:33+00:00\",\"breadcrumb\":{\"@id\":\"https:\/\/www.aneme.pt\/site\/aplication-for-registration\/#breadcrumb\"},\"inLanguage\":\"pt-PT\",\"potentialAction\":[{\"@type\":\"ReadAction\",\"target\":[\"https:\/\/www.aneme.pt\/site\/aplication-for-registration\/\"]}]},{\"@type\":\"BreadcrumbList\",\"@id\":\"https:\/\/www.aneme.pt\/site\/aplication-for-registration\/#breadcrumb\",\"itemListElement\":[{\"@type\":\"ListItem\",\"position\":1,\"name\":\"In\u00edcio\",\"item\":\"https:\/\/www.aneme.pt\/site\/\"},{\"@type\":\"ListItem\",\"position\":2,\"name\":\"Aplication for Registration\"}]},{\"@type\":\"WebSite\",\"@id\":\"https:\/\/www.aneme.pt\/site\/?lang=en\/#website\",\"url\":\"https:\/\/www.aneme.pt\/site\/?lang=en\/\",\"name\":\"ANEME\",\"description\":\"Associa\u00e7\u00e3o Nacional das Empresas Metal\u00fargicas e Electromec\u00e2nicas\",\"potentialAction\":[{\"@type\":\"SearchAction\",\"target\":{\"@type\":\"EntryPoint\",\"urlTemplate\":\"https:\/\/www.aneme.pt\/site\/?lang=en\/?s={search_term_string}\"},\"query-input\":\"required name=search_term_string\"}],\"inLanguage\":\"pt-PT\"}]}<\/script>\n<!-- \/ Yoast SEO plugin. -->","yoast_head_json":{"title":"Aplication for Registration - ANEME","robots":{"index":"index","follow":"follow","max-snippet":"max-snippet:-1","max-image-preview":"max-image-preview:large","max-video-preview":"max-video-preview:-1"},"canonical":"https:\/\/www.aneme.pt\/site\/aplication-for-registration\/","og_locale":"pt_PT","og_type":"article","og_title":"Aplication for Registration - ANEME","og_url":"https:\/\/www.aneme.pt\/site\/aplication-for-registration\/","og_site_name":"ANEME","twitter_card":"summary_large_image","twitter_misc":{"Tempo estimado de leitura":"1 minuto"},"schema":{"@context":"https:\/\/schema.org","@graph":[{"@type":"WebPage","@id":"https:\/\/www.aneme.pt\/site\/aplication-for-registration\/","url":"https:\/\/www.aneme.pt\/site\/aplication-for-registration\/","name":"Aplication for Registration - ANEME","isPartOf":{"@id":"https:\/\/www.aneme.pt\/site\/?lang=en\/#website"},"datePublished":"2018-04-16T20:43:33+00:00","dateModified":"2018-04-16T20:43:33+00:00","breadcrumb":{"@id":"https:\/\/www.aneme.pt\/site\/aplication-for-registration\/#breadcrumb"},"inLanguage":"pt-PT","potentialAction":[{"@type":"ReadAction","target":["https:\/\/www.aneme.pt\/site\/aplication-for-registration\/"]}]},{"@type":"BreadcrumbList","@id":"https:\/\/www.aneme.pt\/site\/aplication-for-registration\/#breadcrumb","itemListElement":[{"@type":"ListItem","position":1,"name":"In\u00edcio","item":"https:\/\/www.aneme.pt\/site\/"},{"@type":"ListItem","position":2,"name":"Aplication for Registration"}]},{"@type":"WebSite","@id":"https:\/\/www.aneme.pt\/site\/?lang=en\/#website","url":"https:\/\/www.aneme.pt\/site\/?lang=en\/","name":"ANEME","description":"Associa\u00e7\u00e3o Nacional das Empresas Metal\u00fargicas e Electromec\u00e2nicas","potentialAction":[{"@type":"SearchAction","target":{"@type":"EntryPoint","urlTemplate":"https:\/\/www.aneme.pt\/site\/?lang=en\/?s={search_term_string}"},"query-input":"required name=search_term_string"}],"inLanguage":"pt-PT"}]}},"_links":{"self":[{"href":"https:\/\/www.aneme.pt\/site\/wp-json\/wp\/v2\/pages\/15642"}],"collection":[{"href":"https:\/\/www.aneme.pt\/site\/wp-json\/wp\/v2\/pages"}],"about":[{"href":"https:\/\/www.aneme.pt\/site\/wp-json\/wp\/v2\/types\/page"}],"author":[{"embeddable":true,"href":"https:\/\/www.aneme.pt\/site\/wp-json\/wp\/v2\/users\/800"}],"replies":[{"embeddable":true,"href":"https:\/\/www.aneme.pt\/site\/wp-json\/wp\/v2\/comments?post=15642"}],"version-history":[{"count":1,"href":"https:\/\/www.aneme.pt\/site\/wp-json\/wp\/v2\/pages\/15642\/revisions"}],"predecessor-version":[{"id":25084,"href":"https:\/\/www.aneme.pt\/site\/wp-json\/wp\/v2\/pages\/15642\/revisions\/25084"}],"wp:attachment":[{"href":"https:\/\/www.aneme.pt\/site\/wp-json\/wp\/v2\/media?parent=15642"}],"curies":[{"name":"wp","href":"https:\/\/api.w.org\/{rel}","templated":true}]}}