{"id":15644,"date":"2018-04-16T21:10:27","date_gmt":"2018-04-16T21:10:27","guid":{"rendered":"https:\/\/www.aneme.pt\/site\/?page_id=15644"},"modified":"2018-04-16T21:10:27","modified_gmt":"2018-04-16T21:10:27","slug":"alteracao-de-password","status":"publish","type":"page","link":"https:\/\/www.aneme.pt\/site\/alteracao-de-password\/","title":{"rendered":"Altera\u00e7\u00e3o de Password"},"content":{"rendered":"<div id=\"wpmem_login\"><a id=\"pwdreset\"><\/a><form action=\"https:\/\/www.aneme.pt\/site\/alteracao-de-password\/\" method=\"POST\" id=\"wpmem_pwdreset_form\" class=\"form\"><input type=\"hidden\" id=\"_wpmem_pwdreset_nonce\" name=\"_wpmem_pwdreset_nonce\" value=\"c7e224f438\" \/><input type=\"hidden\" name=\"_wp_http_referer\" value=\"\/site\/wp-json\/wp\/v2\/pages\/15644\" \/><fieldset><legend>Redefinir password esquecida<\/legend><label for=\"email\">eMail<\/label><div class=\"div_text\"><input name=\"email\" type=\"text\" id=\"email\" value=\"\" class=\"textbox\" required  \/><\/div><input name=\"a\" type=\"hidden\" value=\"pwdreset\" \/><input name=\"redirect_to\" type=\"hidden\" value=\"\/site\/wp-json\/wp\/v2\/pages\/15644\" \/><input name=\"formsubmit\" type=\"hidden\" value=\"1\" \/><div class=\"button_div\"><input type=\"submit\" name=\"Submit\" value=\"Redefinir senha\" class=\"buttons\" \/><\/div><div class=\"link-text\"><span class=\"link-text-username\">Forgot username?&nbsp;<a href=\"https:\/\/www.aneme.pt\/site\/alteracao-de-password\/?a=getusername\">Click here<\/a><\/span><\/div><\/fieldset><\/form><\/div>\n","protected":false},"excerpt":{"rendered":"","protected":false},"author":800,"featured_media":0,"parent":0,"menu_order":0,"comment_status":"closed","ping_status":"closed","template":"","meta":{"_cbd_carousel_blocks":"[]","footnotes":""},"yoast_head":"<!-- This site is optimized with the Yoast SEO plugin v22.1 - https:\/\/yoast.com\/wordpress\/plugins\/seo\/ -->\n<title>Altera\u00e7\u00e3o de Password - ANEME<\/title>\n<meta name=\"robots\" content=\"index, follow, max-snippet:-1, max-image-preview:large, max-video-preview:-1\" \/>\n<link rel=\"canonical\" href=\"https:\/\/www.aneme.pt\/site\/alteracao-de-password\/\" \/>\n<meta property=\"og:locale\" content=\"pt_PT\" \/>\n<meta property=\"og:type\" content=\"article\" \/>\n<meta property=\"og:title\" content=\"Altera\u00e7\u00e3o de Password - ANEME\" \/>\n<meta property=\"og:url\" content=\"https:\/\/www.aneme.pt\/site\/alteracao-de-password\/\" \/>\n<meta property=\"og:site_name\" content=\"ANEME\" \/>\n<meta name=\"twitter:card\" content=\"summary_large_image\" \/>\n<script type=\"application\/ld+json\" class=\"yoast-schema-graph\">{\"@context\":\"https:\/\/schema.org\",\"@graph\":[{\"@type\":\"WebPage\",\"@id\":\"https:\/\/www.aneme.pt\/site\/alteracao-de-password\/\",\"url\":\"https:\/\/www.aneme.pt\/site\/alteracao-de-password\/\",\"name\":\"Altera\u00e7\u00e3o de Password - ANEME\",\"isPartOf\":{\"@id\":\"https:\/\/www.aneme.pt\/site\/?lang=en\/#website\"},\"datePublished\":\"2018-04-16T21:10:27+00:00\",\"dateModified\":\"2018-04-16T21:10:27+00:00\",\"breadcrumb\":{\"@id\":\"https:\/\/www.aneme.pt\/site\/alteracao-de-password\/#breadcrumb\"},\"inLanguage\":\"pt-PT\",\"potentialAction\":[{\"@type\":\"ReadAction\",\"target\":[\"https:\/\/www.aneme.pt\/site\/alteracao-de-password\/\"]}]},{\"@type\":\"BreadcrumbList\",\"@id\":\"https:\/\/www.aneme.pt\/site\/alteracao-de-password\/#breadcrumb\",\"itemListElement\":[{\"@type\":\"ListItem\",\"position\":1,\"name\":\"In\u00edcio\",\"item\":\"https:\/\/www.aneme.pt\/site\/\"},{\"@type\":\"ListItem\",\"position\":2,\"name\":\"Altera\u00e7\u00e3o de Password\"}]},{\"@type\":\"WebSite\",\"@id\":\"https:\/\/www.aneme.pt\/site\/?lang=en\/#website\",\"url\":\"https:\/\/www.aneme.pt\/site\/?lang=en\/\",\"name\":\"ANEME\",\"description\":\"Associa\u00e7\u00e3o Nacional das Empresas Metal\u00fargicas e Electromec\u00e2nicas\",\"potentialAction\":[{\"@type\":\"SearchAction\",\"target\":{\"@type\":\"EntryPoint\",\"urlTemplate\":\"https:\/\/www.aneme.pt\/site\/?lang=en\/?s={search_term_string}\"},\"query-input\":\"required name=search_term_string\"}],\"inLanguage\":\"pt-PT\"}]}<\/script>\n<!-- \/ Yoast SEO plugin. -->","yoast_head_json":{"title":"Altera\u00e7\u00e3o de Password - ANEME","robots":{"index":"index","follow":"follow","max-snippet":"max-snippet:-1","max-image-preview":"max-image-preview:large","max-video-preview":"max-video-preview:-1"},"canonical":"https:\/\/www.aneme.pt\/site\/alteracao-de-password\/","og_locale":"pt_PT","og_type":"article","og_title":"Altera\u00e7\u00e3o de Password - ANEME","og_url":"https:\/\/www.aneme.pt\/site\/alteracao-de-password\/","og_site_name":"ANEME","twitter_card":"summary_large_image","schema":{"@context":"https:\/\/schema.org","@graph":[{"@type":"WebPage","@id":"https:\/\/www.aneme.pt\/site\/alteracao-de-password\/","url":"https:\/\/www.aneme.pt\/site\/alteracao-de-password\/","name":"Altera\u00e7\u00e3o de Password - ANEME","isPartOf":{"@id":"https:\/\/www.aneme.pt\/site\/?lang=en\/#website"},"datePublished":"2018-04-16T21:10:27+00:00","dateModified":"2018-04-16T21:10:27+00:00","breadcrumb":{"@id":"https:\/\/www.aneme.pt\/site\/alteracao-de-password\/#breadcrumb"},"inLanguage":"pt-PT","potentialAction":[{"@type":"ReadAction","target":["https:\/\/www.aneme.pt\/site\/alteracao-de-password\/"]}]},{"@type":"BreadcrumbList","@id":"https:\/\/www.aneme.pt\/site\/alteracao-de-password\/#breadcrumb","itemListElement":[{"@type":"ListItem","position":1,"name":"In\u00edcio","item":"https:\/\/www.aneme.pt\/site\/"},{"@type":"ListItem","position":2,"name":"Altera\u00e7\u00e3o de Password"}]},{"@type":"WebSite","@id":"https:\/\/www.aneme.pt\/site\/?lang=en\/#website","url":"https:\/\/www.aneme.pt\/site\/?lang=en\/","name":"ANEME","description":"Associa\u00e7\u00e3o Nacional das Empresas Metal\u00fargicas e Electromec\u00e2nicas","potentialAction":[{"@type":"SearchAction","target":{"@type":"EntryPoint","urlTemplate":"https:\/\/www.aneme.pt\/site\/?lang=en\/?s={search_term_string}"},"query-input":"required name=search_term_string"}],"inLanguage":"pt-PT"}]}},"_links":{"self":[{"href":"https:\/\/www.aneme.pt\/site\/wp-json\/wp\/v2\/pages\/15644"}],"collection":[{"href":"https:\/\/www.aneme.pt\/site\/wp-json\/wp\/v2\/pages"}],"about":[{"href":"https:\/\/www.aneme.pt\/site\/wp-json\/wp\/v2\/types\/page"}],"author":[{"embeddable":true,"href":"https:\/\/www.aneme.pt\/site\/wp-json\/wp\/v2\/users\/800"}],"replies":[{"embeddable":true,"href":"https:\/\/www.aneme.pt\/site\/wp-json\/wp\/v2\/comments?post=15644"}],"version-history":[{"count":1,"href":"https:\/\/www.aneme.pt\/site\/wp-json\/wp\/v2\/pages\/15644\/revisions"}],"predecessor-version":[{"id":15645,"href":"https:\/\/www.aneme.pt\/site\/wp-json\/wp\/v2\/pages\/15644\/revisions\/15645"}],"wp:attachment":[{"href":"https:\/\/www.aneme.pt\/site\/wp-json\/wp\/v2\/media?parent=15644"}],"curies":[{"name":"wp","href":"https:\/\/api.w.org\/{rel}","templated":true}]}}